{"id":94095,"date":"2023-03-21T14:11:06","date_gmt":"2023-03-21T13:11:06","guid":{"rendered":"https:\/\/www.sunballast.com\/?page_id=94095"},"modified":"2023-04-27T11:58:25","modified_gmt":"2023-04-27T09:58:25","slug":"privacy-policy","status":"publish","type":"page","link":"https:\/\/www.sunballast.com\/it\/privacy-policy\/","title":{"rendered":"Privacy Policy"},"content":{"rendered":"<h1>Privacy Policy<\/h1>\n<p>BASIC s.r.l. ha adottato Procedure e Policy aziendali in linea con il Regolamento generale dell\u2019Unione europea sulla protezione dei dati (GDPR\u2013 Reg Ue 2016\/679), al fine di garantire alti standard di sicurezza e regole volte a consentire un adeguato trattamento dei Dati Personali.<\/p>\n<p>&nbsp;<\/p>\n<p><strong>Soggetti autorizzati al trattamento dei dati:<\/strong><\/p>\n<p>I\u00a0Dati sono trattati da risorse interne ed esterne agli uffici delle Societ\u00e0 del Gruppo, adeguatamente identificate, istruite e che operano in qualit\u00e0 di personale autorizzato al trattamento dei Dati.<\/p>\n<p>&nbsp;<\/p>\n<h2>Tempi di conservazione dei dati<\/h2>\n<p>I dati sono disponibili per il tempo strettamente necessario per le finalit\u00e0 del trattamento.<\/p>\n<table>\n<thead>\n<tr>\n<th>Categorie<\/th>\n<th>Durata<\/th>\n<th>Principali riferimenti normativi<\/th>\n<\/tr>\n<\/thead>\n<tbody>\n<tr>\n<td>Candidati<\/td>\n<td>massimo 24 mesi<\/td>\n<td>Art 5 lett. e) del Reg UE 2016\/679.<\/td>\n<\/tr>\n<tr>\n<td>Dipendenti e somministrati<\/td>\n<td>10 anni<\/td>\n<td>Art. 43 del Dpr 600\/73; art. 2946 codice civile sulla prescrizione ordinaria; Titolo I, Capo III, del D.lgs.81\/08 e s.m.i.<\/td>\n<\/tr>\n<tr>\n<td>Clienti e fornitori, consulenti, soci<\/td>\n<td>5 \u2013 10 anni<\/td>\n<td>Art. 2948 codice civile che prevede la prescrizione di 5 anni per i pagamenti periodici; art. 2220 codice civile che prevede la conservazione per 10 anni delle scritture contabili; art. 22 del D.P.R. 29 Settembre 1973, n.600.<\/td>\n<\/tr>\n<tr>\n<td>Navigatori del sito internet<\/td>\n<td>A. 1 anno per contatti richiesti<br \/>\nB. Per la durata della sessione per tutte le restanti finalit\u00e0<\/td>\n<td>A. 1 anno a fini di contatto commerciale in base alla esecuzione di misure precontrattuali adottate anche su richiesta dell\u2019interessato a mezzo del form di contatti presente sul sito di BASIC S.r.l. o attraverso contatti commerciali telefonici.<br \/>\nB. Legittimo interesse art. 6 lett. f) e considerando 47: il trattamento \u00e8 necessario per il perseguimento del legittimo interesse del titolare del trattamento o di terzi, a condizione che non prevalgano gli interessi o i diritti e le libert\u00e0 fondamentali dell\u2019interessato che richiedono la protezione dei dati personali, tenuto conto delle ragionevoli aspettative nutrite dall\u2019interessato in base alla sua relazione con il titolare del trattamento.\u00a0Attivit\u00e0 strettamente necessarie al funzionamento del sito e all\u2019erogazione del servizio di navigazione sulla piattaforma.<\/td>\n<\/tr>\n<tr>\n<td>Clienti prospect<\/td>\n<td>1 anno per contatti richiesti<\/td>\n<td>1 anno a fini di contatto commerciale in base alla esecuzione di misure precontrattuali adottate anche su richiesta dell\u2019interessato a mezzo del form di contatti presente sul sito di BASIC S.r.l. o attraverso contatti commerciali telefonici.<\/td>\n<\/tr>\n<tr>\n<td>Clienti prospect, dati di candidati, somministrati, clienti per finalit\u00e0 di marketing, partecipanti a eventi e fiere, interessati alla Newsletter<\/td>\n<td>nel rispetto dei termini prescritti dalla legge per la tipologia di attivit\u00e0 e comunque fino alla revoca del consenso o fino all\u2019esercizio del diritto di opposizione<\/td>\n<td>Provv. generale del 15\/05\/13; art. 21 Reg. UE 2016\/679.<\/td>\n<\/tr>\n<tr>\n<td>Referenti presso clienti e fornitori<\/td>\n<td>Nei tempi necessari all\u2019espletamento delle finalit\u00e0 contrattuali<\/td>\n<td>Stabilito per un arco di tempo non superiore al conseguimento delle finalit\u00e0 per le quali sono raccolti e trattati per l\u2019esecuzione e l\u2019espletamento delle finalit\u00e0 contrattuali, ai sensi dell\u2019art. 5, paragrafo 1, lettera e) del Reg. UE 2016\/679.<\/td>\n<\/tr>\n<tr>\n<td>Interessati alle registrazioni di videosorveglianza<\/td>\n<td>24 ore<\/td>\n<td>Secondo quanto disposto dal Provvedimento del Garante per la Protezione dei dati personali 1712680 del 8 aprile 2010.<\/td>\n<\/tr>\n<\/tbody>\n<\/table>\n<p>&nbsp;<\/p>\n<h2>Informative Privacy<\/h2>\n<p><a class=\"nectar-button small regular extra-color-1 regular-button\" style=\"margin-right: 10px; color: #000000; background-color: #ffffff;\" href=\"https:\/\/www.privacylab.it\/informativa.php?21430459893\" target=\"_blank\" rel=\"noopener\" data-color-override=\"#ffffff\" data-hover-color-override=\"false\" data-hover-text-color-override=\"#fff\">Informativa Candidati<\/a><br \/>\n<a class=\"nectar-button small regular extra-color-1 regular-button\" style=\"margin-right: 10px; color: #000000; background-color: #ffffff;\" href=\"https:\/\/www.privacylab.it\/informativa.php?21430459894\" target=\"_blank\" rel=\"noopener\" data-color-override=\"#ffffff\" data-hover-color-override=\"false\" data-hover-text-color-override=\"#fff\">Informativa Clienti<\/a><br \/>\n<a class=\"nectar-button small regular extra-color-1 regular-button\" style=\"margin-right: 10px; color: #000000; background-color: #ffffff;\" href=\"https:\/\/www.privacylab.it\/informativa.php?21430459907\" target=\"_blank\" rel=\"noopener\" data-color-override=\"#ffffff\" data-hover-color-override=\"false\" data-hover-text-color-override=\"#fff\">Informativa Collaboratori<\/a><br \/>\n<a class=\"nectar-button small regular extra-color-1 regular-button\" style=\"margin-right: 10px; color: #000000; background-color: #ffffff;\" href=\"https:\/\/www.privacylab.it\/informativa.php?21430459895\" target=\"_blank\" rel=\"noopener\" data-color-override=\"#ffffff\" data-hover-color-override=\"false\" data-hover-text-color-override=\"#fff\">Informativa Consulenti<\/a><br \/>\n<a class=\"nectar-button small regular extra-color-1 regular-button\" style=\"margin-right: 10px; color: #000000; background-color: #ffffff;\" href=\"https:\/\/www.privacylab.it\/informativa.php?21430459914\" target=\"_blank\" rel=\"noopener\" data-color-override=\"#ffffff\" data-hover-color-override=\"false\" data-hover-text-color-override=\"#fff\">Informativa followers social network<\/a><br \/>\n<a class=\"nectar-button small regular extra-color-1 regular-button\" style=\"margin-right: 10px; color: #000000; background-color: #ffffff;\" href=\"https:\/\/www.privacylab.it\/informativa.php?21430459889\" target=\"_blank\" rel=\"noopener\" data-color-override=\"#ffffff\" data-hover-color-override=\"false\" data-hover-text-color-override=\"#fff\">Informativa fornitori<\/a><br \/>\n<a class=\"nectar-button small regular extra-color-1 regular-button\" style=\"margin-right: 10px; color: #000000; background-color: #ffffff;\" href=\"https:\/\/www.privacylab.it\/informativa.php?21430459913\" target=\"_blank\" rel=\"noopener\" data-color-override=\"#ffffff\" data-hover-color-override=\"false\" data-hover-text-color-override=\"#fff\">Informativa interessati alla newsletter<\/a><br \/>\n<a class=\"nectar-button small regular extra-color-1 regular-button\" style=\"margin-right: 10px; color: #000000; background-color: #ffffff;\" href=\"https:\/\/www.privacylab.it\/informativa.php?21430459915\" target=\"_blank\" rel=\"noopener\" data-color-override=\"#ffffff\" data-hover-color-override=\"false\" data-hover-text-color-override=\"#fff\">Informativa interessati alle registrazioni per la videosorveglianza<\/a><br \/>\n<a class=\"nectar-button small regular extra-color-1 regular-button\" style=\"margin-right: 10px; color: #000000; background-color: #ffffff;\" href=\"https:\/\/www.privacylab.it\/informativa.php?21430459908\" target=\"_blank\" rel=\"noopener\" data-color-override=\"#ffffff\" data-hover-color-override=\"false\" data-hover-text-color-override=\"#fff\">Informativa interessati alle riprese video-fotografiche<\/a><br \/>\n<a class=\"nectar-button small regular extra-color-1 regular-button\" style=\"margin-right: 10px; color: #000000; background-color: #ffffff;\" href=\"https:\/\/www.privacylab.it\/informativa.php?21430460213\" target=\"_blank\" rel=\"noopener\" data-color-override=\"#ffffff\" data-hover-color-override=\"false\" data-hover-text-color-override=\"#fff\">Informativa navigatori del portale sunballast.com<\/a><br \/>\n<a class=\"nectar-button small regular extra-color-1 regular-button\" style=\"margin-right: 10px; color: #000000; background-color: #ffffff;\" href=\"https:\/\/www.privacylab.it\/informativa.php?21430459896\" target=\"_blank\" rel=\"noopener\" data-color-override=\"#ffffff\" data-hover-color-override=\"false\" data-hover-text-color-override=\"#fff\">Informativa potenziali clienti<\/a><br \/>\n<a class=\"nectar-button small regular extra-color-1 regular-button\" style=\"margin-right: 10px; color: #000000; background-color: #ffffff;\" href=\"https:\/\/www.privacylab.it\/informativa.php?21430459897\" target=\"_blank\" rel=\"noopener\" data-color-override=\"#ffffff\" data-hover-color-override=\"false\" data-hover-text-color-override=\"#fff\">Informativa referenti presso aziende clienti<\/a><br \/>\n<a class=\"nectar-button small regular extra-color-1 regular-button\" style=\"margin-right: 10px; color: #000000; background-color: #ffffff;\" href=\"https:\/\/www.privacylab.it\/informativa.php?21430459890\" target=\"_blank\" rel=\"noopener\" data-color-override=\"#ffffff\" data-hover-color-override=\"false\" data-hover-text-color-override=\"#fff\">Informativa referenti presso aziende fornitrici<\/a><br \/>\n<a class=\"nectar-button small regular extra-color-1 regular-button\" style=\"margin-right: 10px; color: #000000; background-color: #ffffff;\" href=\"https:\/\/www.privacylab.it\/informativa.php?21430459906\" target=\"_blank\" rel=\"noopener\" data-color-override=\"#ffffff\" data-hover-color-override=\"false\" data-hover-text-color-override=\"#fff\">Informativa soggetti partecipanti a eventi e fiere<\/a><\/p>\n<p>&nbsp;<\/p>\n<h2>Cookies cosa sono<\/h2>\n<p>I cookie sono piccole stringhe di testo scambiate tra un sito web e il browser di navigazione dell\u2019utente, ogni volta che si accede ad un sito Internet. Queste stringhe, che non contengono alcun codice eseguibile, sono utilizzate per differenti attivit\u00e0, quali eseguire autenticazioni automatiche, tenere traccia delle sessioni, memorizzare informazioni per migliorare la navigabilit\u00e0 del sito o l\u2019esperienza di navigazione dell\u2019utente. Ogni dominio visitato attraverso un browser pu\u00f2 impostare uno o pi\u00f9 cookies. Una pagina Internet pu\u00f2 contenere oggetti che provengono da molti domini diversi e ognuno di essi pu\u00f2 impostare dei cookie (in questo caso denominati \u201cdi terze parti\u201d). L\u2019utilizzo dei cookie consente di migliorare l\u2019esperienza di navigazione nel sito Web e pu\u00f2 mantenere le impostazioni scelte durante la Sua visita successiva.<\/p>\n<p>Il provvedimento generale dell\u2019Autorit\u00e0 garante della privacy (GU n. 126 del 3 giugno 2014) definisce due tipologie di cookie:<\/p>\n<ul>\n<li>Cookie tecnici \u2013 Impiegati ai soli fini di permettere la trasmissione di una comunicazione, di completare un servizio richiesto dall\u2019utente o di effettuare ricerche statistiche.<\/li>\n<li>Cookie di profilazione \u2013 Impiegati per registrare il comportamento di un utente e le preferenze manifestate al fine di inviare messaggi pubblicitari in linea con il suo profilo.<\/li>\n<\/ul>\n<p>&nbsp;<\/p>\n<h2>Basic, per il proprio sito web, utilizza i seguenti cookie<\/h2>\n<table style=\"height: 545px;\" width=\"1527\">\n<thead>\n<tr>\n<th>Categorie<\/th>\n<th>Tipologia<\/th>\n<th>Finalit\u00e0<\/th>\n<\/tr>\n<\/thead>\n<tbody>\n<tr>\n<td>Funzionali<\/td>\n<td>Di prima parte<\/td>\n<td>Questi cookie permettono il funzionamento corretto di alcune parti del sito. Questi cookie vengono memorizzati all\u2019interno del browser; \u00e8 possibile cancellarli o disabilitarne la ricezione, compromettendo per\u00f2 le funzionalit\u00e0 di alcuni servizi del sito web. L\u2019utente pu\u00f2 modificare l\u2019impostazione di ricezione del cookie modificando le impostazioni di memorizzazione dello stesso come descritto nella sezione \u201cCome si disabilitano i cookie?\u201d di questa informativa.<\/td>\n<\/tr>\n<tr>\n<td>Analytics<\/td>\n<td>Di terza parte<\/td>\n<td>Google Analytics \u00e8 uno strumento gratuito di analisi web di Google che principalmente consente di raccogliere informazioni (come ad esempio, dati relativi alle pagine visitate, al tempo trascorso sul sito, al modo in cui il sito \u00e8 stato raggiunto e a tutto quello che l\u2019utente ha cliccato mentre navigava fra le nostre pagine) in forma anonima e segnalare le tendenze dei siti web senza identificare i singoli visitatori. Pu\u00f2 visionare le direttive sulla privacy di Google al seguente link:<br \/>\n<a href=\"http:\/\/www.google.it\/intl\/it\/policies\/privacy\/\" target=\"_blank\" rel=\"noopener noreferrer\">Informativa Google Analytics<\/a><br \/>\nGoogles ads: Le funzionalit\u00e0 di Google Ads, come il remarketing e Customer Match, consentono di creare o caricare gli elenchi dei segmenti di pubblico per il targeting sui media di Google e sui siti di terze parti https:\/\/ads.google.com\/intl\/it_it\/home\/faq\/gdpr\/<\/td>\n<\/tr>\n<tr>\n<td>Social<\/td>\n<td>Di terza parte<\/td>\n<td>Business manager facebook: Facebook Business Manager permette agli inserzionisti di integrare le loro campagne marketing su Facebook con partner esterni https:\/\/www.facebook.com\/privacy\/policies\/cookies\/<\/td>\n<\/tr>\n<\/tbody>\n<\/table>\n<p>&nbsp;<\/p>\n<h2>Come si disabilitano o modificano i cookie?<\/h2>\n<p><a>Modifica preferenze Cookies<\/a><\/p>\n","protected":false},"excerpt":{"rendered":"<p>Privacy Policy BASIC s.r.l. ha adottato Procedure e Policy aziendali in linea con il Regolamento generale dell\u2019Unione europea sulla protezione dei dati (GDPR\u2013 Reg Ue 2016\/679), al fine di garantire [&hellip;]<\/p>\n","protected":false},"author":1,"featured_media":0,"parent":0,"menu_order":81,"comment_status":"closed","ping_status":"closed","template":"page-templates\/text-template.php","meta":{"inline_featured_image":false,"footnotes":""},"categories":[],"tags":[],"acf":[],"yoast_head":"<!-- This site is optimized with the Yoast SEO plugin v21.2 - https:\/\/yoast.com\/wordpress\/plugins\/seo\/ -->\n<title>Privacy Policy - Sunballast<\/title>\n<meta name=\"robots\" content=\"index, follow, max-snippet:-1, max-image-preview:large, max-video-preview:-1\" \/>\n<link rel=\"canonical\" href=\"https:\/\/www.sunballast.com\/it\/privacy-policy\/\" \/>\n<meta property=\"og:locale\" content=\"it_IT\" \/>\n<meta property=\"og:type\" content=\"article\" \/>\n<meta property=\"og:title\" content=\"Privacy Policy - Sunballast\" \/>\n<meta property=\"og:description\" content=\"Privacy Policy BASIC s.r.l. ha adottato Procedure e Policy aziendali in linea con il Regolamento generale dell\u2019Unione europea sulla protezione dei dati (GDPR\u2013 Reg Ue 2016\/679), al fine di garantire [&hellip;]\" \/>\n<meta property=\"og:url\" content=\"https:\/\/www.sunballast.com\/it\/privacy-policy\/\" \/>\n<meta property=\"og:site_name\" content=\"Sunballast\" \/>\n<meta property=\"article:publisher\" content=\"https:\/\/www.facebook.com\/sunballast\" \/>\n<meta property=\"article:modified_time\" content=\"2023-04-27T09:58:25+00:00\" \/>\n<meta name=\"twitter:card\" content=\"summary_large_image\" \/>\n<meta name=\"twitter:label1\" content=\"Tempo di lettura stimato\" \/>\n\t<meta name=\"twitter:data1\" content=\"6 minuti\" \/>\n<script type=\"application\/ld+json\" class=\"yoast-schema-graph\">{\"@context\":\"https:\/\/schema.org\",\"@graph\":[{\"@type\":\"WebPage\",\"@id\":\"https:\/\/www.sunballast.com\/it\/privacy-policy\/\",\"url\":\"https:\/\/www.sunballast.com\/it\/privacy-policy\/\",\"name\":\"Privacy Policy - Sunballast\",\"isPartOf\":{\"@id\":\"https:\/\/www.sunballast.com\/it\/#website\"},\"datePublished\":\"2023-03-21T13:11:06+00:00\",\"dateModified\":\"2023-04-27T09:58:25+00:00\",\"inLanguage\":\"it-IT\",\"potentialAction\":[{\"@type\":\"ReadAction\",\"target\":[\"https:\/\/www.sunballast.com\/it\/privacy-policy\/\"]}]},{\"@type\":\"WebSite\",\"@id\":\"https:\/\/www.sunballast.com\/it\/#website\",\"url\":\"https:\/\/www.sunballast.com\/it\/\",\"name\":\"Sunballast\",\"description\":\"Un nuovo sito targato WordPress\",\"potentialAction\":[{\"@type\":\"SearchAction\",\"target\":{\"@type\":\"EntryPoint\",\"urlTemplate\":\"https:\/\/www.sunballast.com\/it\/?s={search_term_string}\"},\"query-input\":\"required name=search_term_string\"}],\"inLanguage\":\"it-IT\"}]}<\/script>\n<!-- \/ Yoast SEO plugin. -->","yoast_head_json":{"title":"Privacy Policy - Sunballast","robots":{"index":"index","follow":"follow","max-snippet":"max-snippet:-1","max-image-preview":"max-image-preview:large","max-video-preview":"max-video-preview:-1"},"canonical":"https:\/\/www.sunballast.com\/it\/privacy-policy\/","og_locale":"it_IT","og_type":"article","og_title":"Privacy Policy - Sunballast","og_description":"Privacy Policy BASIC s.r.l. ha adottato Procedure e Policy aziendali in linea con il Regolamento generale dell\u2019Unione europea sulla protezione dei dati (GDPR\u2013 Reg Ue 2016\/679), al fine di garantire [&hellip;]","og_url":"https:\/\/www.sunballast.com\/it\/privacy-policy\/","og_site_name":"Sunballast","article_publisher":"https:\/\/www.facebook.com\/sunballast","article_modified_time":"2023-04-27T09:58:25+00:00","twitter_card":"summary_large_image","twitter_misc":{"Tempo di lettura stimato":"6 minuti"},"schema":{"@context":"https:\/\/schema.org","@graph":[{"@type":"WebPage","@id":"https:\/\/www.sunballast.com\/it\/privacy-policy\/","url":"https:\/\/www.sunballast.com\/it\/privacy-policy\/","name":"Privacy Policy - Sunballast","isPartOf":{"@id":"https:\/\/www.sunballast.com\/it\/#website"},"datePublished":"2023-03-21T13:11:06+00:00","dateModified":"2023-04-27T09:58:25+00:00","inLanguage":"it-IT","potentialAction":[{"@type":"ReadAction","target":["https:\/\/www.sunballast.com\/it\/privacy-policy\/"]}]},{"@type":"WebSite","@id":"https:\/\/www.sunballast.com\/it\/#website","url":"https:\/\/www.sunballast.com\/it\/","name":"Sunballast","description":"Un nuovo sito targato WordPress","potentialAction":[{"@type":"SearchAction","target":{"@type":"EntryPoint","urlTemplate":"https:\/\/www.sunballast.com\/it\/?s={search_term_string}"},"query-input":"required name=search_term_string"}],"inLanguage":"it-IT"}]}},"_links":{"self":[{"href":"https:\/\/www.sunballast.com\/it\/wp-json\/wp\/v2\/pages\/94095"}],"collection":[{"href":"https:\/\/www.sunballast.com\/it\/wp-json\/wp\/v2\/pages"}],"about":[{"href":"https:\/\/www.sunballast.com\/it\/wp-json\/wp\/v2\/types\/page"}],"author":[{"embeddable":true,"href":"https:\/\/www.sunballast.com\/it\/wp-json\/wp\/v2\/users\/1"}],"replies":[{"embeddable":true,"href":"https:\/\/www.sunballast.com\/it\/wp-json\/wp\/v2\/comments?post=94095"}],"version-history":[{"count":14,"href":"https:\/\/www.sunballast.com\/it\/wp-json\/wp\/v2\/pages\/94095\/revisions"}],"predecessor-version":[{"id":95101,"href":"https:\/\/www.sunballast.com\/it\/wp-json\/wp\/v2\/pages\/94095\/revisions\/95101"}],"wp:attachment":[{"href":"https:\/\/www.sunballast.com\/it\/wp-json\/wp\/v2\/media?parent=94095"}],"wp:term":[{"taxonomy":"category","embeddable":true,"href":"https:\/\/www.sunballast.com\/it\/wp-json\/wp\/v2\/categories?post=94095"},{"taxonomy":"post_tag","embeddable":true,"href":"https:\/\/www.sunballast.com\/it\/wp-json\/wp\/v2\/tags?post=94095"}],"curies":[{"name":"wp","href":"https:\/\/api.w.org\/{rel}","templated":true}]}}