{"id":78532,"date":"2022-10-19T17:10:14","date_gmt":"2022-10-19T15:10:14","guid":{"rendered":"https:\/\/www.sunballast.com\/?page_id=78532"},"modified":"2023-06-20T16:38:45","modified_gmt":"2023-06-20T14:38:45","slug":"a-terra","status":"publish","type":"page","link":"https:\/\/www.sunballast.com\/it\/a-terra\/","title":{"rendered":"A Terra"},"content":{"rendered":"","protected":false},"excerpt":{"rendered":"","protected":false},"author":1,"featured_media":0,"parent":0,"menu_order":127,"comment_status":"closed","ping_status":"closed","template":"page-templates\/campi-di-appl-detail.php","meta":{"inline_featured_image":false,"footnotes":""},"categories":[],"tags":[],"acf":[],"yoast_head":"<!-- This site is optimized with the Yoast SEO plugin v21.2 - https:\/\/yoast.com\/wordpress\/plugins\/seo\/ -->\n<title>Sempre pi\u00f9 numerosi gli impianti fotovoltaici installati a terra con le nostre strutture\u2013 Sun Ballast<\/title>\n<meta name=\"description\" content=\"Gli impianti fotovoltaici installati a terra sono sempre pi\u00f9 diffusi e grazie alle zavorre Sun Ballast \u00e8 molto semplice. Scopri di pi\u00f9 sul nostro sito.\" \/>\n<meta name=\"robots\" content=\"index, follow, max-snippet:-1, max-image-preview:large, max-video-preview:-1\" \/>\n<link rel=\"canonical\" href=\"https:\/\/www.sunballast.com\/it\/a-terra\/\" \/>\n<meta property=\"og:locale\" content=\"it_IT\" \/>\n<meta property=\"og:type\" content=\"article\" \/>\n<meta property=\"og:title\" content=\"Sempre pi\u00f9 numerosi gli impianti fotovoltaici installati a terra con le nostre strutture\u2013 Sun Ballast\" \/>\n<meta property=\"og:description\" content=\"Gli impianti fotovoltaici installati a terra sono sempre pi\u00f9 diffusi e grazie alle zavorre Sun Ballast \u00e8 molto semplice. Scopri di pi\u00f9 sul nostro sito.\" \/>\n<meta property=\"og:url\" content=\"https:\/\/www.sunballast.com\/it\/a-terra\/\" \/>\n<meta property=\"og:site_name\" content=\"Sunballast\" \/>\n<meta property=\"article:publisher\" content=\"https:\/\/www.facebook.com\/sunballast\" \/>\n<meta property=\"article:modified_time\" content=\"2023-06-20T14:38:45+00:00\" \/>\n<meta name=\"twitter:card\" content=\"summary_large_image\" \/>\n<script type=\"application\/ld+json\" class=\"yoast-schema-graph\">{\"@context\":\"https:\/\/schema.org\",\"@graph\":[{\"@type\":\"WebPage\",\"@id\":\"https:\/\/www.sunballast.com\/it\/a-terra\/\",\"url\":\"https:\/\/www.sunballast.com\/it\/a-terra\/\",\"name\":\"Sempre pi\u00f9 numerosi gli impianti fotovoltaici installati a terra con le nostre strutture\u2013 Sun Ballast\",\"isPartOf\":{\"@id\":\"https:\/\/www.sunballast.com\/it\/#website\"},\"datePublished\":\"2022-10-19T15:10:14+00:00\",\"dateModified\":\"2023-06-20T14:38:45+00:00\",\"description\":\"Gli impianti fotovoltaici installati a terra sono sempre pi\u00f9 diffusi e grazie alle zavorre Sun Ballast \u00e8 molto semplice. Scopri di pi\u00f9 sul nostro sito.\",\"inLanguage\":\"it-IT\",\"potentialAction\":[{\"@type\":\"ReadAction\",\"target\":[\"https:\/\/www.sunballast.com\/it\/a-terra\/\"]}]},{\"@type\":\"WebSite\",\"@id\":\"https:\/\/www.sunballast.com\/it\/#website\",\"url\":\"https:\/\/www.sunballast.com\/it\/\",\"name\":\"Sunballast\",\"description\":\"Un nuovo sito targato WordPress\",\"potentialAction\":[{\"@type\":\"SearchAction\",\"target\":{\"@type\":\"EntryPoint\",\"urlTemplate\":\"https:\/\/www.sunballast.com\/it\/?s={search_term_string}\"},\"query-input\":\"required name=search_term_string\"}],\"inLanguage\":\"it-IT\"}]}<\/script>\n<!-- \/ Yoast SEO plugin. -->","yoast_head_json":{"title":"Sempre pi\u00f9 numerosi gli impianti fotovoltaici installati a terra con le nostre strutture\u2013 Sun Ballast","description":"Gli impianti fotovoltaici installati a terra sono sempre pi\u00f9 diffusi e grazie alle zavorre Sun Ballast \u00e8 molto semplice. Scopri di pi\u00f9 sul nostro sito.","robots":{"index":"index","follow":"follow","max-snippet":"max-snippet:-1","max-image-preview":"max-image-preview:large","max-video-preview":"max-video-preview:-1"},"canonical":"https:\/\/www.sunballast.com\/it\/a-terra\/","og_locale":"it_IT","og_type":"article","og_title":"Sempre pi\u00f9 numerosi gli impianti fotovoltaici installati a terra con le nostre strutture\u2013 Sun Ballast","og_description":"Gli impianti fotovoltaici installati a terra sono sempre pi\u00f9 diffusi e grazie alle zavorre Sun Ballast \u00e8 molto semplice. Scopri di pi\u00f9 sul nostro sito.","og_url":"https:\/\/www.sunballast.com\/it\/a-terra\/","og_site_name":"Sunballast","article_publisher":"https:\/\/www.facebook.com\/sunballast","article_modified_time":"2023-06-20T14:38:45+00:00","twitter_card":"summary_large_image","schema":{"@context":"https:\/\/schema.org","@graph":[{"@type":"WebPage","@id":"https:\/\/www.sunballast.com\/it\/a-terra\/","url":"https:\/\/www.sunballast.com\/it\/a-terra\/","name":"Sempre pi\u00f9 numerosi gli impianti fotovoltaici installati a terra con le nostre strutture\u2013 Sun Ballast","isPartOf":{"@id":"https:\/\/www.sunballast.com\/it\/#website"},"datePublished":"2022-10-19T15:10:14+00:00","dateModified":"2023-06-20T14:38:45+00:00","description":"Gli impianti fotovoltaici installati a terra sono sempre pi\u00f9 diffusi e grazie alle zavorre Sun Ballast \u00e8 molto semplice. Scopri di pi\u00f9 sul nostro sito.","inLanguage":"it-IT","potentialAction":[{"@type":"ReadAction","target":["https:\/\/www.sunballast.com\/it\/a-terra\/"]}]},{"@type":"WebSite","@id":"https:\/\/www.sunballast.com\/it\/#website","url":"https:\/\/www.sunballast.com\/it\/","name":"Sunballast","description":"Un nuovo sito targato WordPress","potentialAction":[{"@type":"SearchAction","target":{"@type":"EntryPoint","urlTemplate":"https:\/\/www.sunballast.com\/it\/?s={search_term_string}"},"query-input":"required name=search_term_string"}],"inLanguage":"it-IT"}]}},"_links":{"self":[{"href":"https:\/\/www.sunballast.com\/it\/wp-json\/wp\/v2\/pages\/78532"}],"collection":[{"href":"https:\/\/www.sunballast.com\/it\/wp-json\/wp\/v2\/pages"}],"about":[{"href":"https:\/\/www.sunballast.com\/it\/wp-json\/wp\/v2\/types\/page"}],"author":[{"embeddable":true,"href":"https:\/\/www.sunballast.com\/it\/wp-json\/wp\/v2\/users\/1"}],"replies":[{"embeddable":true,"href":"https:\/\/www.sunballast.com\/it\/wp-json\/wp\/v2\/comments?post=78532"}],"version-history":[{"count":27,"href":"https:\/\/www.sunballast.com\/it\/wp-json\/wp\/v2\/pages\/78532\/revisions"}],"predecessor-version":[{"id":101481,"href":"https:\/\/www.sunballast.com\/it\/wp-json\/wp\/v2\/pages\/78532\/revisions\/101481"}],"wp:attachment":[{"href":"https:\/\/www.sunballast.com\/it\/wp-json\/wp\/v2\/media?parent=78532"}],"wp:term":[{"taxonomy":"category","embeddable":true,"href":"https:\/\/www.sunballast.com\/it\/wp-json\/wp\/v2\/categories?post=78532"},{"taxonomy":"post_tag","embeddable":true,"href":"https:\/\/www.sunballast.com\/it\/wp-json\/wp\/v2\/tags?post=78532"}],"curies":[{"name":"wp","href":"https:\/\/api.w.org\/{rel}","templated":true}]}}