{"id":69129,"date":"2022-08-24T16:21:06","date_gmt":"2022-08-24T14:21:06","guid":{"rendered":"https:\/\/www.sunballast.com\/?page_id=69129"},"modified":"2022-10-13T14:22:29","modified_gmt":"2022-10-13T12:22:29","slug":"il-nostro-impegno-verso-il-territorio","status":"publish","type":"page","link":"https:\/\/www.sunballast.com\/it\/il-nostro-impegno-verso-il-territorio\/","title":{"rendered":"Impegno verso il territorio"},"content":{"rendered":"","protected":false},"excerpt":{"rendered":"","protected":false},"author":1,"featured_media":0,"parent":0,"menu_order":149,"comment_status":"closed","ping_status":"closed","template":"page-templates\/il-nostro-impegno.php","meta":{"inline_featured_image":false,"footnotes":""},"categories":[],"tags":[],"acf":[],"yoast_head":"<!-- This site is optimized with the Yoast SEO plugin v21.2 - https:\/\/yoast.com\/wordpress\/plugins\/seo\/ -->\n<title>Supportiamo ci\u00f2 che ci circonda e il nostro territorio \u2013 Sun Ballast<\/title>\n<meta name=\"description\" content=\"Sun Ballast supporta associazioni e attivit\u00e0 del territorio da cui \u00e8 circondata. Se non ci prendiamo cura noi delle cose che ci stanno intorno, chi altri? Scopri di pi\u00f9 sul nostro sito\" \/>\n<meta name=\"robots\" content=\"index, follow, max-snippet:-1, max-image-preview:large, max-video-preview:-1\" \/>\n<link rel=\"canonical\" href=\"https:\/\/www.sunballast.com\/it\/il-nostro-impegno-verso-il-territorio\/\" \/>\n<meta property=\"og:locale\" content=\"it_IT\" \/>\n<meta property=\"og:type\" content=\"article\" \/>\n<meta property=\"og:title\" content=\"Supportiamo ci\u00f2 che ci circonda e il nostro territorio \u2013 Sun Ballast\" \/>\n<meta property=\"og:description\" content=\"Sun Ballast supporta associazioni e attivit\u00e0 del territorio da cui \u00e8 circondata. Se non ci prendiamo cura noi delle cose che ci stanno intorno, chi altri? Scopri di pi\u00f9 sul nostro sito\" \/>\n<meta property=\"og:url\" content=\"https:\/\/www.sunballast.com\/it\/il-nostro-impegno-verso-il-territorio\/\" \/>\n<meta property=\"og:site_name\" content=\"Sunballast\" \/>\n<meta property=\"article:publisher\" content=\"https:\/\/www.facebook.com\/sunballast\" \/>\n<meta property=\"article:modified_time\" content=\"2022-10-13T12:22:29+00:00\" \/>\n<meta name=\"twitter:card\" content=\"summary_large_image\" \/>\n<script type=\"application\/ld+json\" class=\"yoast-schema-graph\">{\"@context\":\"https:\/\/schema.org\",\"@graph\":[{\"@type\":\"WebPage\",\"@id\":\"https:\/\/www.sunballast.com\/it\/il-nostro-impegno-verso-il-territorio\/\",\"url\":\"https:\/\/www.sunballast.com\/it\/il-nostro-impegno-verso-il-territorio\/\",\"name\":\"Supportiamo ci\u00f2 che ci circonda e il nostro territorio \u2013 Sun Ballast\",\"isPartOf\":{\"@id\":\"https:\/\/www.sunballast.com\/it\/#website\"},\"datePublished\":\"2022-08-24T14:21:06+00:00\",\"dateModified\":\"2022-10-13T12:22:29+00:00\",\"description\":\"Sun Ballast supporta associazioni e attivit\u00e0 del territorio da cui \u00e8 circondata. Se non ci prendiamo cura noi delle cose che ci stanno intorno, chi altri? Scopri di pi\u00f9 sul nostro sito\",\"inLanguage\":\"it-IT\",\"potentialAction\":[{\"@type\":\"ReadAction\",\"target\":[\"https:\/\/www.sunballast.com\/it\/il-nostro-impegno-verso-il-territorio\/\"]}]},{\"@type\":\"WebSite\",\"@id\":\"https:\/\/www.sunballast.com\/it\/#website\",\"url\":\"https:\/\/www.sunballast.com\/it\/\",\"name\":\"Sunballast\",\"description\":\"Un nuovo sito targato WordPress\",\"potentialAction\":[{\"@type\":\"SearchAction\",\"target\":{\"@type\":\"EntryPoint\",\"urlTemplate\":\"https:\/\/www.sunballast.com\/it\/?s={search_term_string}\"},\"query-input\":\"required name=search_term_string\"}],\"inLanguage\":\"it-IT\"}]}<\/script>\n<!-- \/ Yoast SEO plugin. -->","yoast_head_json":{"title":"Supportiamo ci\u00f2 che ci circonda e il nostro territorio \u2013 Sun Ballast","description":"Sun Ballast supporta associazioni e attivit\u00e0 del territorio da cui \u00e8 circondata. Se non ci prendiamo cura noi delle cose che ci stanno intorno, chi altri? Scopri di pi\u00f9 sul nostro sito","robots":{"index":"index","follow":"follow","max-snippet":"max-snippet:-1","max-image-preview":"max-image-preview:large","max-video-preview":"max-video-preview:-1"},"canonical":"https:\/\/www.sunballast.com\/it\/il-nostro-impegno-verso-il-territorio\/","og_locale":"it_IT","og_type":"article","og_title":"Supportiamo ci\u00f2 che ci circonda e il nostro territorio \u2013 Sun Ballast","og_description":"Sun Ballast supporta associazioni e attivit\u00e0 del territorio da cui \u00e8 circondata. Se non ci prendiamo cura noi delle cose che ci stanno intorno, chi altri? Scopri di pi\u00f9 sul nostro sito","og_url":"https:\/\/www.sunballast.com\/it\/il-nostro-impegno-verso-il-territorio\/","og_site_name":"Sunballast","article_publisher":"https:\/\/www.facebook.com\/sunballast","article_modified_time":"2022-10-13T12:22:29+00:00","twitter_card":"summary_large_image","schema":{"@context":"https:\/\/schema.org","@graph":[{"@type":"WebPage","@id":"https:\/\/www.sunballast.com\/it\/il-nostro-impegno-verso-il-territorio\/","url":"https:\/\/www.sunballast.com\/it\/il-nostro-impegno-verso-il-territorio\/","name":"Supportiamo ci\u00f2 che ci circonda e il nostro territorio \u2013 Sun Ballast","isPartOf":{"@id":"https:\/\/www.sunballast.com\/it\/#website"},"datePublished":"2022-08-24T14:21:06+00:00","dateModified":"2022-10-13T12:22:29+00:00","description":"Sun Ballast supporta associazioni e attivit\u00e0 del territorio da cui \u00e8 circondata. Se non ci prendiamo cura noi delle cose che ci stanno intorno, chi altri? Scopri di pi\u00f9 sul nostro sito","inLanguage":"it-IT","potentialAction":[{"@type":"ReadAction","target":["https:\/\/www.sunballast.com\/it\/il-nostro-impegno-verso-il-territorio\/"]}]},{"@type":"WebSite","@id":"https:\/\/www.sunballast.com\/it\/#website","url":"https:\/\/www.sunballast.com\/it\/","name":"Sunballast","description":"Un nuovo sito targato WordPress","potentialAction":[{"@type":"SearchAction","target":{"@type":"EntryPoint","urlTemplate":"https:\/\/www.sunballast.com\/it\/?s={search_term_string}"},"query-input":"required name=search_term_string"}],"inLanguage":"it-IT"}]}},"_links":{"self":[{"href":"https:\/\/www.sunballast.com\/it\/wp-json\/wp\/v2\/pages\/69129"}],"collection":[{"href":"https:\/\/www.sunballast.com\/it\/wp-json\/wp\/v2\/pages"}],"about":[{"href":"https:\/\/www.sunballast.com\/it\/wp-json\/wp\/v2\/types\/page"}],"author":[{"embeddable":true,"href":"https:\/\/www.sunballast.com\/it\/wp-json\/wp\/v2\/users\/1"}],"replies":[{"embeddable":true,"href":"https:\/\/www.sunballast.com\/it\/wp-json\/wp\/v2\/comments?post=69129"}],"version-history":[{"count":12,"href":"https:\/\/www.sunballast.com\/it\/wp-json\/wp\/v2\/pages\/69129\/revisions"}],"predecessor-version":[{"id":76991,"href":"https:\/\/www.sunballast.com\/it\/wp-json\/wp\/v2\/pages\/69129\/revisions\/76991"}],"wp:attachment":[{"href":"https:\/\/www.sunballast.com\/it\/wp-json\/wp\/v2\/media?parent=69129"}],"wp:term":[{"taxonomy":"category","embeddable":true,"href":"https:\/\/www.sunballast.com\/it\/wp-json\/wp\/v2\/categories?post=69129"},{"taxonomy":"post_tag","embeddable":true,"href":"https:\/\/www.sunballast.com\/it\/wp-json\/wp\/v2\/tags?post=69129"}],"curies":[{"name":"wp","href":"https:\/\/api.w.org\/{rel}","templated":true}]}}