{"id":59657,"date":"2022-06-14T12:13:49","date_gmt":"2022-06-14T10:13:49","guid":{"rendered":"http:\/\/www.sunballast.com\/?page_id=59657"},"modified":"2022-06-14T12:13:49","modified_gmt":"2022-06-14T10:13:49","slug":"policy-pubblicazione","status":"publish","type":"page","link":"https:\/\/www.sunballast.com\/it\/policy-pubblicazione\/","title":{"rendered":"Policy di Pubblicazione"},"content":{"rendered":"<h2 class=\"title\"><strong>PRIVACY POLICY<\/strong><\/h2>\n<p>Gentile utente,<br \/>\ninnanzitutto grazie per essere passato a trovarci.<br \/>\nDiamo molto valore al fatto che tu ti possa fidare di noi e quindi desideriamo condividere con te in questa pagina le finalit\u00e0 e le modalit\u00e0 di trattamento dei dati personali che raccogliamo nel corso della tua navigazione sul sito (di seguito \u201cSito\u201d) e con la fruizione dei servizi da noi offerti.<\/p>\n<p>Il trattamento dei tuoi dati personali si basa sempre su principi di liceit\u00e0 e correttezza in ottemperanza a tutte le vigenti normative applicabili.<br \/>\nA seguire troverai tutti i dettagli sul trattamento dei tuoi dati personali.<br \/>\nSiamo a disposizione per rispondere alle tue domande. A questo link trovi tutte le modalit\u00e0 per contattarci:\u00a0<a href=\"http:\/\/www.sunballast.com\/dove-siamo\/\">Contattaci<\/a><\/p>\n<p>&nbsp;<\/p>\n<p><strong>DATI PERSONALI TRATTATI<\/strong><\/p>\n<p>&nbsp;<\/p>\n<ol>\n<li><strong> Dati personali trattati per finalit\u00e0 di funzionamento del Sito<\/strong><br \/>\nI sistemi informatici e le procedure software preposte al funzionamento del Sito acquisiscono, nel corso del loro normale esercizio, alcuni dati personali la cui trasmissione \u00e8 implicita nell\u2019uso dei protocolli di comunicazione di Internet. Si tratta di informazioni che non sono raccolte per essere associate a interessati identificati, ma che, per loro stessa natura, potrebbero, attraverso elaborazioni ed associazioni con dati detenuti dalla Societ\u00e0 o da terzi, permettere di identificare gli utenti del Sito.<br \/>\nIn questa categoria di dati rientrano gli indirizzi IP o i nomi a dominio dei computer utilizzati dagli utenti che si connettono al Sito, gli indirizzi in notazione URI (Uniform Resource Identifier) delle risorse richieste, l\u2019orario della richiesta, il metodo utilizzato nel sottoporre la richiesta al server, la dimensione del file ottenuto in risposta, il codice numerico indicante lo stato della risposta data dal server (buon fine, errore, ecc.) ed altri parametri relativi al sistema operativo e all\u2019ambiente informatico dell\u2019utente.<\/li>\n<\/ol>\n<p>&nbsp;<\/p>\n<ol start=\"2\">\n<li><strong> Dati forniti direttamente dall\u2019utente<\/strong><br \/>\nL\u2019invio facoltativo, esplicito e volontario di dati come richiesti da varie sezioni del presente Sito sono utilizzati al fine di dare corso alle richieste dell&#8217;utente (esempio meramente indicativo e non esaustivo: quando si richiedono informazioni o delucidazioni telefonando ai numeri indicati sul Sito o scrivendo agli indirizzi di posta elettronica ivi presenti).<br \/>\nSpecifiche eventuali informative, anche di sintesi, vengono riportate o visualizzate nelle pagine del Sito predisposte per i servizi a richiesta, in modo tale da richiamare la Sua attenzione sul trattamento dei Suoi dati personali.<br \/>\nSi dichiara che il Sito \u00e8 riservato solo alle persone maggiorenni.<\/li>\n<\/ol>\n<p>&nbsp;<\/p>\n<ol start=\"3\">\n<li><strong> Dati di geolocalizzazione<\/strong><br \/>\nQuesto Sito pu\u00f2 trattare i dati relativi alla Sua posizione geografica, al fine di fornire servizi basati sulla posizione stessa. La maggior parte dei browser e dei dispositivi fornisce in modo predefinito all&#8217;utente alcuni strumenti finalizzati a impedire il tracciamento geografico. Qualora l&#8217;utente avesse espressamente autorizzato la geolocalizzazione, questo Sito potrebbe ricevere informazioni sulla sua effettiva posizione geografica.<\/li>\n<\/ol>\n<p>&nbsp;<\/p>\n<p><strong>FINALITA\u2019, BASE GIURIDICA DEL TRATTAMENTO E PERIODO DI CONSERVAZIONE DEI DATI PERSONALI<\/strong><\/p>\n<p><strong>Funzionamento del Sito\u00a0<\/strong><br \/>\nI dati raccolti durante la navigazione vengono utilizzati al fine di ricavare informazioni statistiche anonime sull\u2019uso del Sito e per controllarne il corretto funzionamento.<br \/>\nBase giuridica della finalit\u00e0: esecuzione di un contratto di cui Lei \u00e8 parte (utilizzo del Sito).<br \/>\nPeriodo di conservazione dei dati personali: per tutta la durata della sessione di navigazione sul Sito.<\/p>\n<p>&nbsp;<\/p>\n<p><strong>Finalit\u00e0 contrattuali<\/strong><br \/>\nI dati forniti direttamente dall\u2019utente sono utilizzati al fine di dar corso alle richieste di quest\u2019ultimo (es. registrazione al Sito o richiesta di contatto).<br \/>\nBase giuridica della finalit\u00e0: esecuzione di un contratto di cui Lei \u00e8 parte (utilizzo del Sito).<br \/>\nPeriodo di conservazione dei dati personali: per tutta la durata del rapporto contrattuale e successivamente in base ai termini prescrizionali del contratto.<\/p>\n<p>&nbsp;<\/p>\n<p>Decorsi i termini di conservazione sopra indicati, i Suoi dati personali saranno distrutti, cancellati o resi anonimi, compatibilmente con le procedure tecniche di cancellazione e backup.<\/p>\n<p>&nbsp;<\/p>\n<p><strong>OBBLIGATORIET\u00c0 DEL CONFERIMENTO DEI DATI<\/strong><br \/>\nFatta eccezione per i dati di navigazione, necessari per dar corso ai protocolli informatici e telematici, il conferimento dei dati personali da parte degli utenti \u00e8 libero e facoltativo. Tuttavia, il mancato conferimento dei dati stessi comporter\u00e0 l&#8217;impossibilit\u00e0 di poter procedere alle richieste inoltrate o che l&#8217;utente intende inoltrare.<\/p>\n<p>&nbsp;<\/p>\n<p><strong>DESTINATARI DEI DATI<\/strong><br \/>\nI Suoi dati possono essere comunicati a soggetti operanti in qualit\u00e0 di Titolari (quali, a titolo esemplificativo, autorit\u00e0 di vigilanza e controllo ed ogni soggetto pubblico legittimato a richiedere i dati) oppure trattati, per conto della Societ\u00e0, da soggetti designati come Responsabili, a cui sono impartite adeguate istruzioni operative.<br \/>\nIn particolare, i dati potranno essere comunicati alle seguenti categorie di soggetti:<\/p>\n<p>a) persone fisiche e\/o giuridiche che erogano servizi di varia natura in favore della Societ\u00e0 (es. fornitori di servizi per la gestione del Sito, quali outsourcer di sistema, societ\u00e0 che si occupano di servizi di connettivit\u00e0 alla rete internet ecc.). Tali soggetti potranno operare anche in qualit\u00e0 di Responsabili del trattamento;<br \/>\nb) soggetti e\/o enti pubblici e privati a cui i dati andranno comunicati al fine di adempiere o per esigere l\u2019adempimento di specifici obblighi previsti da leggi, da regolamenti, dalla normativa comunitaria. Tali soggetti opereranno in qualit\u00e0 di Titolari autonomi o di Responsabili del trattamento.<\/p>\n<p>&nbsp;<\/p>\n<p><strong>SOGGETTI AUTORIZZATI AL TRATTAMENTO<\/strong><br \/>\nI dati saranno trattati da dipendenti interni, collaboratori della Societ\u00e0 o soggetti esterni che svolgono per conto della Societ\u00e0 compiti di natura tecnica ed organizzativa del Sito.<\/p>\n<p>&nbsp;<\/p>\n<p><strong>TRASFERIMENTO DEI DATI PERSONALI IN PAESI NON APPARTENENTI ALL\u2019UNIONE EUROPEA<\/strong><br \/>\nNon sono previsti trasferimenti di dati fuori dall\u2019Unione Europea.<\/p>\n<p>&nbsp;<\/p>\n<p><strong>DIRITTI DELL&#8217;INTERESSATO &#8211; RECLAMO ALL\u2019AUTORIT\u00c0 DI CONTROLLO<\/strong><br \/>\nTitolare del trattamento: BASIC SRL \u2013 sede legale in Lagonegro (Potenza) via Umberto I no.24.<br \/>\nContattando la Societ\u00e0 via e-mail all\u2019indirizzo\u00a0info@sunballast.com\u00a0gli interessati possono chiedere al Titolare l\u2019accesso ai dati che li riguardano, la loro cancellazione, la rettifica dei dati inesatti, l\u2019integrazione dei dati incompleti, la limitazione del trattamento nei casi previsti dall\u2019art. 18 GDPR, nonch\u00e9 l\u2019opposizione al trattamento nelle ipotesi di legittimo interesse del titolare.<br \/>\nGli interessati, inoltre, nel caso in cui il trattamento sia basato sul consenso o sul contratto e sia effettuato con strumenti automatizzati hanno il diritto di ricevere in un formato strutturato, di uso comune e leggibile da dispositivo automatico i dati, nonch\u00e9, se tecnicamente fattibile, di trasmetterli ad altro Titolare senza impedimenti.<br \/>\nGli interessati hanno il diritto di proporre reclamo all&#8217;Autorit\u00e0 di controllo competente nello Stato membro in cui risiedono abitualmente o lavorano o dello Stato in cui si \u00e8 verificata la presunta violazione.<\/p>\n","protected":false},"excerpt":{"rendered":"<p>PRIVACY POLICY Gentile utente, innanzitutto grazie per essere passato a trovarci. Diamo molto valore al fatto che tu ti possa fidare di noi e quindi desideriamo condividere con te in [&hellip;]<\/p>\n","protected":false},"author":1,"featured_media":0,"parent":0,"menu_order":598,"comment_status":"closed","ping_status":"open","template":"page-templates\/privacy.php","meta":{"inline_featured_image":false,"footnotes":""},"categories":[],"tags":[],"acf":[],"yoast_head":"<!-- This site is optimized with the Yoast SEO plugin v21.2 - https:\/\/yoast.com\/wordpress\/plugins\/seo\/ -->\n<title>Policy di Pubblicazione - Sunballast<\/title>\n<meta name=\"robots\" content=\"index, follow, max-snippet:-1, max-image-preview:large, max-video-preview:-1\" \/>\n<link rel=\"canonical\" href=\"https:\/\/www.sunballast.com\/it\/policy-pubblicazione\/\" \/>\n<meta property=\"og:locale\" content=\"it_IT\" \/>\n<meta property=\"og:type\" content=\"article\" \/>\n<meta property=\"og:title\" content=\"Policy di Pubblicazione - Sunballast\" \/>\n<meta property=\"og:description\" content=\"PRIVACY POLICY Gentile utente, innanzitutto grazie per essere passato a trovarci. Diamo molto valore al fatto che tu ti possa fidare di noi e quindi desideriamo condividere con te in [&hellip;]\" \/>\n<meta property=\"og:url\" content=\"https:\/\/www.sunballast.com\/it\/policy-pubblicazione\/\" \/>\n<meta property=\"og:site_name\" content=\"Sunballast\" \/>\n<meta property=\"article:publisher\" content=\"https:\/\/www.facebook.com\/sunballast\" \/>\n<meta name=\"twitter:card\" content=\"summary_large_image\" \/>\n<meta name=\"twitter:label1\" content=\"Tempo di lettura stimato\" \/>\n\t<meta name=\"twitter:data1\" content=\"5 minuti\" \/>\n<script type=\"application\/ld+json\" class=\"yoast-schema-graph\">{\"@context\":\"https:\/\/schema.org\",\"@graph\":[{\"@type\":\"WebPage\",\"@id\":\"https:\/\/www.sunballast.com\/it\/policy-pubblicazione\/\",\"url\":\"https:\/\/www.sunballast.com\/it\/policy-pubblicazione\/\",\"name\":\"Policy di Pubblicazione - Sunballast\",\"isPartOf\":{\"@id\":\"https:\/\/www.sunballast.com\/it\/#website\"},\"datePublished\":\"2022-06-14T10:13:49+00:00\",\"dateModified\":\"2022-06-14T10:13:49+00:00\",\"inLanguage\":\"it-IT\",\"potentialAction\":[{\"@type\":\"ReadAction\",\"target\":[\"https:\/\/www.sunballast.com\/it\/policy-pubblicazione\/\"]}]},{\"@type\":\"WebSite\",\"@id\":\"https:\/\/www.sunballast.com\/it\/#website\",\"url\":\"https:\/\/www.sunballast.com\/it\/\",\"name\":\"Sunballast\",\"description\":\"Un nuovo sito targato WordPress\",\"potentialAction\":[{\"@type\":\"SearchAction\",\"target\":{\"@type\":\"EntryPoint\",\"urlTemplate\":\"https:\/\/www.sunballast.com\/it\/?s={search_term_string}\"},\"query-input\":\"required name=search_term_string\"}],\"inLanguage\":\"it-IT\"}]}<\/script>\n<!-- \/ Yoast SEO plugin. -->","yoast_head_json":{"title":"Policy di Pubblicazione - Sunballast","robots":{"index":"index","follow":"follow","max-snippet":"max-snippet:-1","max-image-preview":"max-image-preview:large","max-video-preview":"max-video-preview:-1"},"canonical":"https:\/\/www.sunballast.com\/it\/policy-pubblicazione\/","og_locale":"it_IT","og_type":"article","og_title":"Policy di Pubblicazione - Sunballast","og_description":"PRIVACY POLICY Gentile utente, innanzitutto grazie per essere passato a trovarci. Diamo molto valore al fatto che tu ti possa fidare di noi e quindi desideriamo condividere con te in [&hellip;]","og_url":"https:\/\/www.sunballast.com\/it\/policy-pubblicazione\/","og_site_name":"Sunballast","article_publisher":"https:\/\/www.facebook.com\/sunballast","twitter_card":"summary_large_image","twitter_misc":{"Tempo di lettura stimato":"5 minuti"},"schema":{"@context":"https:\/\/schema.org","@graph":[{"@type":"WebPage","@id":"https:\/\/www.sunballast.com\/it\/policy-pubblicazione\/","url":"https:\/\/www.sunballast.com\/it\/policy-pubblicazione\/","name":"Policy di Pubblicazione - Sunballast","isPartOf":{"@id":"https:\/\/www.sunballast.com\/it\/#website"},"datePublished":"2022-06-14T10:13:49+00:00","dateModified":"2022-06-14T10:13:49+00:00","inLanguage":"it-IT","potentialAction":[{"@type":"ReadAction","target":["https:\/\/www.sunballast.com\/it\/policy-pubblicazione\/"]}]},{"@type":"WebSite","@id":"https:\/\/www.sunballast.com\/it\/#website","url":"https:\/\/www.sunballast.com\/it\/","name":"Sunballast","description":"Un nuovo sito targato WordPress","potentialAction":[{"@type":"SearchAction","target":{"@type":"EntryPoint","urlTemplate":"https:\/\/www.sunballast.com\/it\/?s={search_term_string}"},"query-input":"required name=search_term_string"}],"inLanguage":"it-IT"}]}},"_links":{"self":[{"href":"https:\/\/www.sunballast.com\/it\/wp-json\/wp\/v2\/pages\/59657"}],"collection":[{"href":"https:\/\/www.sunballast.com\/it\/wp-json\/wp\/v2\/pages"}],"about":[{"href":"https:\/\/www.sunballast.com\/it\/wp-json\/wp\/v2\/types\/page"}],"author":[{"embeddable":true,"href":"https:\/\/www.sunballast.com\/it\/wp-json\/wp\/v2\/users\/1"}],"replies":[{"embeddable":true,"href":"https:\/\/www.sunballast.com\/it\/wp-json\/wp\/v2\/comments?post=59657"}],"version-history":[{"count":1,"href":"https:\/\/www.sunballast.com\/it\/wp-json\/wp\/v2\/pages\/59657\/revisions"}],"predecessor-version":[{"id":59658,"href":"https:\/\/www.sunballast.com\/it\/wp-json\/wp\/v2\/pages\/59657\/revisions\/59658"}],"wp:attachment":[{"href":"https:\/\/www.sunballast.com\/it\/wp-json\/wp\/v2\/media?parent=59657"}],"wp:term":[{"taxonomy":"category","embeddable":true,"href":"https:\/\/www.sunballast.com\/it\/wp-json\/wp\/v2\/categories?post=59657"},{"taxonomy":"post_tag","embeddable":true,"href":"https:\/\/www.sunballast.com\/it\/wp-json\/wp\/v2\/tags?post=59657"}],"curies":[{"name":"wp","href":"https:\/\/api.w.org\/{rel}","templated":true}]}}