{"id":58,"date":"2020-10-16T09:53:27","date_gmt":"2020-10-16T07:53:27","guid":{"rendered":"http:\/\/sunballast.addictionlab.it\/?page_id=58"},"modified":"2020-11-24T16:54:53","modified_gmt":"2020-11-24T15:54:53","slug":"cookie-policy","status":"publish","type":"page","link":"https:\/\/www.sunballast.com\/it\/cookie-policy\/","title":{"rendered":"Cookie Policy"},"content":{"rendered":"<p><strong>CHE COSA \u00c8 UN COOKIE?<\/strong><\/p>\n<p>Che cosa \u00e8 un cookie? Un cookie \u00e8 un piccolo file di testo che\u00a0 viene memorizzato dal computer nel momento in cui un sito web viene visitato da un utente. Il testo memorizza informazioni che il sito \u00e8 in grado di leggere nel momento in cui viene consultato in un secondo momento. Alcuni di questi cookie sono necessari al corretto funzionamento del sito, altri sono invece utili al visitatore perch\u00e9 in grado di memorizzare in modo sicuro ad esempio il nome utente o le impostazioni di lingua. Il vantaggio di avere dei cookie installati nel proprio pc \u00e8 quello di non aver pi\u00f9 bisogno di compilare le stesse informazioni ogni qualvolta si voglia accedere ad un sito visitato in precedenza.<\/p>\n<p><strong>PERCH\u00c9 BASIC SRL UTILIZZA I COOKIE?<\/strong><\/p>\n<p>BASIC SRL utilizza i cookie al fine di fornire ai propri utenti un\u2019esperienza di navigazione modellata il pi\u00f9 possibile intorno ai suoi gusti e preferenze. Tramite i cookie BASIC SRL fa in modo che ad ogni visita sul sito non si debbano ricevere o inserire le stesse informazioni. I cookie vengono utilizzati anche al fine di ottimizzare le prestazioni del sito web: essi infatti rendono pi\u00f9 facile sia la navigazione che la ricerca veloce di elementi specifici all\u2019interno del sito.<\/p>\n<p><strong>COOKIE STRETTAMENTE NECESSARI (COOKIE TECNICI)<\/strong><\/p>\n<p>Questi cookie sono costantemente abilitati e sono necessari per eseguire le funzionalit\u00e0 di base del sito. Si tratta di cookie che consentono di riconoscere l\u2019utente che utilizza il sito durante un\u2019unica sessione o, se richiesto, anche nelle sessioni successive. Questo tipo di cookie consente di riempire il carrello, eseguire facilmente le operazioni di pagamento, risolvere problemi legati alla sicurezza e garantire conformit\u00e0 alle normative vigenti.<\/p>\n<p><strong>COOKIE PER LE PRESTAZIONI (COOKIE ANALYTICS)<\/strong><\/p>\n<p>\u00c8 possibile che da parte nostra (o dei i fornitori di servizi che operano per nostro conto) vengano inseriti dei cookie per le prestazioni nel tuo dispositivo di navigazione. Le informazioni raccolte mediante i cookie per le prestazioni sono utilizzate esclusivamente da noi o nel nostro interesse.<br \/>\nI cookie per le prestazioni raccolgono informazioni anonime relative al modo in cui gli utenti utilizzano il sito Web e le sue varie funzionalit\u00e0. Ad esempio, i nostri cookie per le prestazioni raccolgono informazioni in merito alle pagine del sito che visiti pi\u00f9 spesso e alle nostre pubblicit\u00e0 che compaiono su altri siti Web con cui interagisci, oltre a verificare se apri e leggi le comunicazioni che ti inviamo e se ricevi messaggi di errore. Le informazioni raccolte possono essere utilizzate per personalizzare la tua esperienza online mostrando contenuti specifici. I cookie per le prestazioni servono anche per limitare il numero di visualizzazioni di uno stesso annuncio pubblicitario. I nostri cookie per le prestazioni non raccolgono informazioni di carattere personale.<br \/>\nContinuando a utilizzare questo sito Web e le sue funzionalit\u00e0, autorizzi noi (e gli inserzionisti esterni di questo sito Web) a inserire cookie per le prestazioni nel tuo dispositivo di navigazione. Per eliminare o gestire i cookie per le prestazioni, consultare l&#8217;ultima sezione della presente Cookie Policy.<\/p>\n<p><strong>COOKIE FUNZIONALI (COOKIE DI PROFILAZIONE)<\/strong><\/p>\n<p>E\u2019 possibile che noi o i fornitori di servizi che operano per nostro conto utilizzino cookie funzionali.<br \/>\nQuesti cookie sono utilizzati per memorizzare le scelte effettuate (preferenza della lingua, paese o altre impostazioni online) e per fornire le funzionalit\u00e0 personalizzate od ottimizzate selezionate dall&#8217;utente. I cookie funzionali possono essere utilizzati per offrirti servizi online o per evitare che ti vengano offerti servizi che hai rifiutato in passato.<br \/>\nPeraltro informiamo che tecnicamente \u00e8 possibile autorizzare inserzionisti o terze parti a fornire contenuti e altre esperienze online tramite questo sito Web. In questo caso, la terza parte in questione potrebbe inserire i propri cookie per funzionalit\u00e0 nel tuo dispositivo e utilizzarli, in modo analogo a noi, al fine di fornirti funzionalit\u00e0 personalizzate e ottimizzare la tua esperienza d&#8217;uso. Proseguendo nella navigazione autorizzi l&#8217;utilizzo da parte nostra dei cookie funzionali necessari a offrirti tali esperienze.<\/p>\n<p><strong>COME POSSO DISATTIVARE I COOKIE ?<\/strong><\/p>\n<p>\u00c8 possibile modificare il browser per disattivare i cookie tramite una procedura molto semplice. Attenzione: disattivando i cookie sia nome utente che password non saranno pi\u00f9 memorizzati sul box di login del sito.<\/p>\n<p><strong>Firefox:<\/strong><\/p>\n<ul>\n<li>Apri Firefox<\/li>\n<li>Premi il pulsante \u201cAlt\u201d sulla tastiera<\/li>\n<li>Nella barra degli strumenti situata nella parte superiore del browser, seleziona \u201cStrumenti\u201d e successivamente \u201cOpzioni\u201d<\/li>\n<li>Seleziona quindi la scheda \u201cPrivacy\u201d<\/li>\n<li>Vai su \u201cImpostazioni Cronologia:\u201d e successivamente su \u201cUtilizza impostazioni personalizzate\u201d . Deseleziona \u201cAccetta i cookie dai siti\u201d e salva le preferenze.<\/li>\n<\/ul>\n<p><strong>Internet Explorer:<\/strong><\/p>\n<ul>\n<li>Apri Internet Explorer<\/li>\n<li>Clicca sul pulsante \u201cStrumenti\u201d e quindi su \u201cOpzioni Internet\u201d<\/li>\n<li>Seleziona la scheda \u201cPrivacy\u201d e sposta il dispositivo di scorrimento sul livello di privacy che desideri impostare (verso l\u2019alto per bloccare tutti i cookie o verso il basso per consentirli tutti)<\/li>\n<li>Quindi clicca su OK<\/li>\n<\/ul>\n<p><strong>Google Chrome:<\/strong><\/p>\n<ul>\n<li>Apri Google Chrome<\/li>\n<li>Clicca sull\u2019icona \u201cStrumenti\u201d<\/li>\n<li>Seleziona \u201cImpostazioni\u201d e successivamente \u201cImpostazioni avanzate\u201d<\/li>\n<li>Seleziona \u201cImpostazioni dei contenuti\u201d sotto la voce \u201cPrivacy\u201d<\/li>\n<li>Nella scheda \u201cCookie\u201d \u00e8 possibile deselezionare i cookie e salvare le preferenze<\/li>\n<\/ul>\n<p><strong>Safari:<\/strong><\/p>\n<ul>\n<li>Apri Safari<\/li>\n<li>Scegli \u201cPreferenze\u201d nella barra degli strumenti, quindi seleziona il pannello \u201cSicurezza\u201d nella finestra di dialogo che segue<\/li>\n<li>Nella sezione \u201cAccetta cookie\u201d \u00e8 possibile specificare se e quando Safari deve salvare i cookie dai siti web. Per ulteriori informazioni clicca sul pulsante di Aiuto ( contrassegnato da un punto interrogativo)<\/li>\n<li>Per maggiori informazioni sui cookie che vengono memorizzati sul vostro computer, clicca su \u201cMostra cookie\u201d<\/li>\n<\/ul>\n<p>Questa \u00e8 resa ai sensi dell&#8217;art. 13 del Regolamento (UE) 2016\/679 (di seguito, anche il \u201cGDPR\u201d).<\/p>\n","protected":false},"excerpt":{"rendered":"<p>CHE COSA \u00c8 UN COOKIE? Che cosa \u00e8 un cookie? Un cookie \u00e8 un piccolo file di testo che\u00a0 viene memorizzato dal computer nel momento in cui un sito web [&hellip;]<\/p>\n","protected":false},"author":1,"featured_media":0,"parent":0,"menu_order":593,"comment_status":"closed","ping_status":"open","template":"page-templates\/cookie.php","meta":{"inline_featured_image":false,"footnotes":""},"categories":[],"tags":[],"acf":[],"yoast_head":"<!-- This site is optimized with the Yoast SEO plugin v21.2 - https:\/\/yoast.com\/wordpress\/plugins\/seo\/ -->\n<title>Cookie Policy - Sunballast<\/title>\n<meta name=\"robots\" content=\"index, follow, max-snippet:-1, max-image-preview:large, max-video-preview:-1\" \/>\n<link rel=\"canonical\" href=\"https:\/\/www.sunballast.com\/it\/cookie-policy\/\" \/>\n<meta property=\"og:locale\" content=\"it_IT\" \/>\n<meta property=\"og:type\" content=\"article\" \/>\n<meta property=\"og:title\" content=\"Cookie Policy - Sunballast\" \/>\n<meta property=\"og:description\" content=\"CHE COSA \u00c8 UN COOKIE? Che cosa \u00e8 un cookie? Un cookie \u00e8 un piccolo file di testo che\u00a0 viene memorizzato dal computer nel momento in cui un sito web [&hellip;]\" \/>\n<meta property=\"og:url\" content=\"https:\/\/www.sunballast.com\/it\/cookie-policy\/\" \/>\n<meta property=\"og:site_name\" content=\"Sunballast\" \/>\n<meta property=\"article:publisher\" content=\"https:\/\/www.facebook.com\/sunballast\" \/>\n<meta property=\"article:modified_time\" content=\"2020-11-24T15:54:53+00:00\" \/>\n<meta name=\"twitter:card\" content=\"summary_large_image\" \/>\n<meta name=\"twitter:label1\" content=\"Tempo di lettura stimato\" \/>\n\t<meta name=\"twitter:data1\" content=\"4 minuti\" \/>\n<script type=\"application\/ld+json\" class=\"yoast-schema-graph\">{\"@context\":\"https:\/\/schema.org\",\"@graph\":[{\"@type\":\"WebPage\",\"@id\":\"https:\/\/www.sunballast.com\/it\/cookie-policy\/\",\"url\":\"https:\/\/www.sunballast.com\/it\/cookie-policy\/\",\"name\":\"Cookie Policy - Sunballast\",\"isPartOf\":{\"@id\":\"https:\/\/www.sunballast.com\/it\/#website\"},\"datePublished\":\"2020-10-16T07:53:27+00:00\",\"dateModified\":\"2020-11-24T15:54:53+00:00\",\"inLanguage\":\"it-IT\",\"potentialAction\":[{\"@type\":\"ReadAction\",\"target\":[\"https:\/\/www.sunballast.com\/it\/cookie-policy\/\"]}]},{\"@type\":\"WebSite\",\"@id\":\"https:\/\/www.sunballast.com\/it\/#website\",\"url\":\"https:\/\/www.sunballast.com\/it\/\",\"name\":\"Sunballast\",\"description\":\"Un nuovo sito targato WordPress\",\"potentialAction\":[{\"@type\":\"SearchAction\",\"target\":{\"@type\":\"EntryPoint\",\"urlTemplate\":\"https:\/\/www.sunballast.com\/it\/?s={search_term_string}\"},\"query-input\":\"required name=search_term_string\"}],\"inLanguage\":\"it-IT\"}]}<\/script>\n<!-- \/ Yoast SEO plugin. -->","yoast_head_json":{"title":"Cookie Policy - Sunballast","robots":{"index":"index","follow":"follow","max-snippet":"max-snippet:-1","max-image-preview":"max-image-preview:large","max-video-preview":"max-video-preview:-1"},"canonical":"https:\/\/www.sunballast.com\/it\/cookie-policy\/","og_locale":"it_IT","og_type":"article","og_title":"Cookie Policy - Sunballast","og_description":"CHE COSA \u00c8 UN COOKIE? Che cosa \u00e8 un cookie? Un cookie \u00e8 un piccolo file di testo che\u00a0 viene memorizzato dal computer nel momento in cui un sito web [&hellip;]","og_url":"https:\/\/www.sunballast.com\/it\/cookie-policy\/","og_site_name":"Sunballast","article_publisher":"https:\/\/www.facebook.com\/sunballast","article_modified_time":"2020-11-24T15:54:53+00:00","twitter_card":"summary_large_image","twitter_misc":{"Tempo di lettura stimato":"4 minuti"},"schema":{"@context":"https:\/\/schema.org","@graph":[{"@type":"WebPage","@id":"https:\/\/www.sunballast.com\/it\/cookie-policy\/","url":"https:\/\/www.sunballast.com\/it\/cookie-policy\/","name":"Cookie Policy - Sunballast","isPartOf":{"@id":"https:\/\/www.sunballast.com\/it\/#website"},"datePublished":"2020-10-16T07:53:27+00:00","dateModified":"2020-11-24T15:54:53+00:00","inLanguage":"it-IT","potentialAction":[{"@type":"ReadAction","target":["https:\/\/www.sunballast.com\/it\/cookie-policy\/"]}]},{"@type":"WebSite","@id":"https:\/\/www.sunballast.com\/it\/#website","url":"https:\/\/www.sunballast.com\/it\/","name":"Sunballast","description":"Un nuovo sito targato WordPress","potentialAction":[{"@type":"SearchAction","target":{"@type":"EntryPoint","urlTemplate":"https:\/\/www.sunballast.com\/it\/?s={search_term_string}"},"query-input":"required name=search_term_string"}],"inLanguage":"it-IT"}]}},"_links":{"self":[{"href":"https:\/\/www.sunballast.com\/it\/wp-json\/wp\/v2\/pages\/58"}],"collection":[{"href":"https:\/\/www.sunballast.com\/it\/wp-json\/wp\/v2\/pages"}],"about":[{"href":"https:\/\/www.sunballast.com\/it\/wp-json\/wp\/v2\/types\/page"}],"author":[{"embeddable":true,"href":"https:\/\/www.sunballast.com\/it\/wp-json\/wp\/v2\/users\/1"}],"replies":[{"embeddable":true,"href":"https:\/\/www.sunballast.com\/it\/wp-json\/wp\/v2\/comments?post=58"}],"version-history":[{"count":13,"href":"https:\/\/www.sunballast.com\/it\/wp-json\/wp\/v2\/pages\/58\/revisions"}],"predecessor-version":[{"id":13392,"href":"https:\/\/www.sunballast.com\/it\/wp-json\/wp\/v2\/pages\/58\/revisions\/13392"}],"wp:attachment":[{"href":"https:\/\/www.sunballast.com\/it\/wp-json\/wp\/v2\/media?parent=58"}],"wp:term":[{"taxonomy":"category","embeddable":true,"href":"https:\/\/www.sunballast.com\/it\/wp-json\/wp\/v2\/categories?post=58"},{"taxonomy":"post_tag","embeddable":true,"href":"https:\/\/www.sunballast.com\/it\/wp-json\/wp\/v2\/tags?post=58"}],"curies":[{"name":"wp","href":"https:\/\/api.w.org\/{rel}","templated":true}]}}