{"id":9202,"date":"2020-10-13T00:54:55","date_gmt":"2020-10-12T22:54:55","guid":{"rendered":"http:\/\/sunballast.addictionlab.it\/referenze\/"},"modified":"2022-06-17T10:51:11","modified_gmt":"2022-06-17T08:51:11","slug":"liste-references","status":"publish","type":"page","link":"https:\/\/www.sunballast.com\/fr\/liste-references\/","title":{"rendered":"Liste R\u00e9f\u00e9rences"},"content":{"rendered":"","protected":false},"excerpt":{"rendered":"","protected":false},"author":1,"featured_media":0,"parent":0,"menu_order":506,"comment_status":"closed","ping_status":"closed","template":"page-templates\/referenze.php","meta":{"inline_featured_image":false,"footnotes":""},"categories":[],"tags":[],"acf":[],"yoast_head":"<!-- This site is optimized with the Yoast SEO plugin v21.2 - https:\/\/yoast.com\/wordpress\/plugins\/seo\/ -->\n<title>Installations photovolta\u00efques avec lest - Sun Ballast<\/title>\n<meta name=\"description\" content=\"Regardez les Installations photovolta\u00efques install\u00e9es avec les ballasts Sun Ballast . Des centaines de projets r\u00e9alis\u00e9s pour s\u2019inspirer\" \/>\n<meta name=\"robots\" content=\"index, follow, max-snippet:-1, max-image-preview:large, max-video-preview:-1\" \/>\n<link rel=\"canonical\" href=\"https:\/\/www.sunballast.com\/fr\/liste-references\/\" \/>\n<meta property=\"og:locale\" content=\"fr_FR\" \/>\n<meta property=\"og:type\" content=\"article\" \/>\n<meta property=\"og:title\" content=\"Installations photovolta\u00efques avec lest - Sun Ballast\" \/>\n<meta property=\"og:description\" content=\"Regardez les Installations photovolta\u00efques install\u00e9es avec les ballasts Sun Ballast . Des centaines de projets r\u00e9alis\u00e9s pour s\u2019inspirer\" \/>\n<meta property=\"og:url\" content=\"https:\/\/www.sunballast.com\/fr\/liste-references\/\" \/>\n<meta property=\"og:site_name\" content=\"Sunballast\" \/>\n<meta property=\"article:publisher\" content=\"https:\/\/www.facebook.com\/sunballast\" \/>\n<meta property=\"article:modified_time\" content=\"2022-06-17T08:51:11+00:00\" \/>\n<meta name=\"twitter:card\" content=\"summary_large_image\" \/>\n<script type=\"application\/ld+json\" class=\"yoast-schema-graph\">{\"@context\":\"https:\/\/schema.org\",\"@graph\":[{\"@type\":\"WebPage\",\"@id\":\"https:\/\/www.sunballast.com\/fr\/liste-references\/\",\"url\":\"https:\/\/www.sunballast.com\/fr\/liste-references\/\",\"name\":\"Installations photovolta\u00efques avec lest - Sun Ballast\",\"isPartOf\":{\"@id\":\"https:\/\/www.sunballast.com\/fr\/#website\"},\"datePublished\":\"2020-10-12T22:54:55+00:00\",\"dateModified\":\"2022-06-17T08:51:11+00:00\",\"description\":\"Regardez les Installations photovolta\u00efques install\u00e9es avec les ballasts Sun Ballast . Des centaines de projets r\u00e9alis\u00e9s pour s\u2019inspirer\",\"inLanguage\":\"fr-FR\",\"potentialAction\":[{\"@type\":\"ReadAction\",\"target\":[\"https:\/\/www.sunballast.com\/fr\/liste-references\/\"]}]},{\"@type\":\"WebSite\",\"@id\":\"https:\/\/www.sunballast.com\/fr\/#website\",\"url\":\"https:\/\/www.sunballast.com\/fr\/\",\"name\":\"Sunballast\",\"description\":\"Un nuovo sito targato WordPress\",\"potentialAction\":[{\"@type\":\"SearchAction\",\"target\":{\"@type\":\"EntryPoint\",\"urlTemplate\":\"https:\/\/www.sunballast.com\/fr\/?s={search_term_string}\"},\"query-input\":\"required name=search_term_string\"}],\"inLanguage\":\"fr-FR\"}]}<\/script>\n<!-- \/ Yoast SEO plugin. -->","yoast_head_json":{"title":"Installations photovolta\u00efques avec lest - Sun Ballast","description":"Regardez les Installations photovolta\u00efques install\u00e9es avec les ballasts Sun Ballast . Des centaines de projets r\u00e9alis\u00e9s pour s\u2019inspirer","robots":{"index":"index","follow":"follow","max-snippet":"max-snippet:-1","max-image-preview":"max-image-preview:large","max-video-preview":"max-video-preview:-1"},"canonical":"https:\/\/www.sunballast.com\/fr\/liste-references\/","og_locale":"fr_FR","og_type":"article","og_title":"Installations photovolta\u00efques avec lest - Sun Ballast","og_description":"Regardez les Installations photovolta\u00efques install\u00e9es avec les ballasts Sun Ballast . Des centaines de projets r\u00e9alis\u00e9s pour s\u2019inspirer","og_url":"https:\/\/www.sunballast.com\/fr\/liste-references\/","og_site_name":"Sunballast","article_publisher":"https:\/\/www.facebook.com\/sunballast","article_modified_time":"2022-06-17T08:51:11+00:00","twitter_card":"summary_large_image","schema":{"@context":"https:\/\/schema.org","@graph":[{"@type":"WebPage","@id":"https:\/\/www.sunballast.com\/fr\/liste-references\/","url":"https:\/\/www.sunballast.com\/fr\/liste-references\/","name":"Installations photovolta\u00efques avec lest - Sun Ballast","isPartOf":{"@id":"https:\/\/www.sunballast.com\/fr\/#website"},"datePublished":"2020-10-12T22:54:55+00:00","dateModified":"2022-06-17T08:51:11+00:00","description":"Regardez les Installations photovolta\u00efques install\u00e9es avec les ballasts Sun Ballast . Des centaines de projets r\u00e9alis\u00e9s pour s\u2019inspirer","inLanguage":"fr-FR","potentialAction":[{"@type":"ReadAction","target":["https:\/\/www.sunballast.com\/fr\/liste-references\/"]}]},{"@type":"WebSite","@id":"https:\/\/www.sunballast.com\/fr\/#website","url":"https:\/\/www.sunballast.com\/fr\/","name":"Sunballast","description":"Un nuovo sito targato WordPress","potentialAction":[{"@type":"SearchAction","target":{"@type":"EntryPoint","urlTemplate":"https:\/\/www.sunballast.com\/fr\/?s={search_term_string}"},"query-input":"required name=search_term_string"}],"inLanguage":"fr-FR"}]}},"_links":{"self":[{"href":"https:\/\/www.sunballast.com\/fr\/wp-json\/wp\/v2\/pages\/9202"}],"collection":[{"href":"https:\/\/www.sunballast.com\/fr\/wp-json\/wp\/v2\/pages"}],"about":[{"href":"https:\/\/www.sunballast.com\/fr\/wp-json\/wp\/v2\/types\/page"}],"author":[{"embeddable":true,"href":"https:\/\/www.sunballast.com\/fr\/wp-json\/wp\/v2\/users\/1"}],"replies":[{"embeddable":true,"href":"https:\/\/www.sunballast.com\/fr\/wp-json\/wp\/v2\/comments?post=9202"}],"version-history":[{"count":8,"href":"https:\/\/www.sunballast.com\/fr\/wp-json\/wp\/v2\/pages\/9202\/revisions"}],"predecessor-version":[{"id":60021,"href":"https:\/\/www.sunballast.com\/fr\/wp-json\/wp\/v2\/pages\/9202\/revisions\/60021"}],"wp:attachment":[{"href":"https:\/\/www.sunballast.com\/fr\/wp-json\/wp\/v2\/media?parent=9202"}],"wp:term":[{"taxonomy":"category","embeddable":true,"href":"https:\/\/www.sunballast.com\/fr\/wp-json\/wp\/v2\/categories?post=9202"},{"taxonomy":"post_tag","embeddable":true,"href":"https:\/\/www.sunballast.com\/fr\/wp-json\/wp\/v2\/tags?post=9202"}],"curies":[{"name":"wp","href":"https:\/\/api.w.org\/{rel}","templated":true}]}}