{"id":9134,"date":"2020-10-13T00:55:46","date_gmt":"2020-10-12T22:55:46","guid":{"rendered":"http:\/\/sunballast.addictionlab.it\/certificazioni\/"},"modified":"2026-04-16T15:11:31","modified_gmt":"2026-04-16T13:11:31","slug":"download","status":"publish","type":"page","link":"https:\/\/www.sunballast.com\/fr\/download\/","title":{"rendered":"Documents"},"content":{"rendered":"","protected":false},"excerpt":{"rendered":"","protected":false},"author":1,"featured_media":0,"parent":0,"menu_order":546,"comment_status":"closed","ping_status":"closed","template":"page-templates\/certificazioni.php","meta":{"inline_featured_image":false,"footnotes":""},"categories":[],"tags":[],"acf":[],"yoast_head":"<!-- This site is optimized with the Yoast SEO plugin v21.2 - https:\/\/yoast.com\/wordpress\/plugins\/seo\/ -->\n<title>Montage des photovoltaiques brevet\u00e9s et certifi\u00e9s - Sun Ballast<\/title>\n<meta name=\"description\" content=\"Nos syst\u00e8mes de montage des installations photovolta\u00efques sont certifi\u00e9s et brevet\u00e9s. Pour plus d&#039;infos, visitez maintenant notre site Web\" \/>\n<meta name=\"robots\" content=\"index, follow, max-snippet:-1, max-image-preview:large, max-video-preview:-1\" \/>\n<link rel=\"canonical\" href=\"https:\/\/www.sunballast.com\/fr\/download\/\" \/>\n<meta property=\"og:locale\" content=\"fr_FR\" \/>\n<meta property=\"og:type\" content=\"article\" \/>\n<meta property=\"og:title\" content=\"Montage des photovoltaiques brevet\u00e9s et certifi\u00e9s - Sun Ballast\" \/>\n<meta property=\"og:description\" content=\"Nos syst\u00e8mes de montage des installations photovolta\u00efques sont certifi\u00e9s et brevet\u00e9s. Pour plus d&#039;infos, visitez maintenant notre site Web\" \/>\n<meta property=\"og:url\" content=\"https:\/\/www.sunballast.com\/fr\/download\/\" \/>\n<meta property=\"og:site_name\" content=\"Sunballast\" \/>\n<meta property=\"article:publisher\" content=\"https:\/\/www.facebook.com\/sunballast\" \/>\n<meta property=\"article:modified_time\" content=\"2026-04-16T13:11:31+00:00\" \/>\n<meta name=\"twitter:card\" content=\"summary_large_image\" \/>\n<script type=\"application\/ld+json\" class=\"yoast-schema-graph\">{\"@context\":\"https:\/\/schema.org\",\"@graph\":[{\"@type\":\"WebPage\",\"@id\":\"https:\/\/www.sunballast.com\/fr\/download\/\",\"url\":\"https:\/\/www.sunballast.com\/fr\/download\/\",\"name\":\"Montage des photovoltaiques brevet\u00e9s et certifi\u00e9s - Sun Ballast\",\"isPartOf\":{\"@id\":\"https:\/\/www.sunballast.com\/fr\/#website\"},\"datePublished\":\"2020-10-12T22:55:46+00:00\",\"dateModified\":\"2026-04-16T13:11:31+00:00\",\"description\":\"Nos syst\u00e8mes de montage des installations photovolta\u00efques sont certifi\u00e9s et brevet\u00e9s. Pour plus d'infos, visitez maintenant notre site Web\",\"inLanguage\":\"fr-FR\",\"potentialAction\":[{\"@type\":\"ReadAction\",\"target\":[\"https:\/\/www.sunballast.com\/fr\/download\/\"]}]},{\"@type\":\"WebSite\",\"@id\":\"https:\/\/www.sunballast.com\/fr\/#website\",\"url\":\"https:\/\/www.sunballast.com\/fr\/\",\"name\":\"Sunballast\",\"description\":\"Un nuovo sito targato WordPress\",\"potentialAction\":[{\"@type\":\"SearchAction\",\"target\":{\"@type\":\"EntryPoint\",\"urlTemplate\":\"https:\/\/www.sunballast.com\/fr\/?s={search_term_string}\"},\"query-input\":\"required name=search_term_string\"}],\"inLanguage\":\"fr-FR\"}]}<\/script>\n<!-- \/ Yoast SEO plugin. -->","yoast_head_json":{"title":"Montage des photovoltaiques brevet\u00e9s et certifi\u00e9s - Sun Ballast","description":"Nos syst\u00e8mes de montage des installations photovolta\u00efques sont certifi\u00e9s et brevet\u00e9s. Pour plus d'infos, visitez maintenant notre site Web","robots":{"index":"index","follow":"follow","max-snippet":"max-snippet:-1","max-image-preview":"max-image-preview:large","max-video-preview":"max-video-preview:-1"},"canonical":"https:\/\/www.sunballast.com\/fr\/download\/","og_locale":"fr_FR","og_type":"article","og_title":"Montage des photovoltaiques brevet\u00e9s et certifi\u00e9s - Sun Ballast","og_description":"Nos syst\u00e8mes de montage des installations photovolta\u00efques sont certifi\u00e9s et brevet\u00e9s. Pour plus d'infos, visitez maintenant notre site Web","og_url":"https:\/\/www.sunballast.com\/fr\/download\/","og_site_name":"Sunballast","article_publisher":"https:\/\/www.facebook.com\/sunballast","article_modified_time":"2026-04-16T13:11:31+00:00","twitter_card":"summary_large_image","schema":{"@context":"https:\/\/schema.org","@graph":[{"@type":"WebPage","@id":"https:\/\/www.sunballast.com\/fr\/download\/","url":"https:\/\/www.sunballast.com\/fr\/download\/","name":"Montage des photovoltaiques brevet\u00e9s et certifi\u00e9s - Sun Ballast","isPartOf":{"@id":"https:\/\/www.sunballast.com\/fr\/#website"},"datePublished":"2020-10-12T22:55:46+00:00","dateModified":"2026-04-16T13:11:31+00:00","description":"Nos syst\u00e8mes de montage des installations photovolta\u00efques sont certifi\u00e9s et brevet\u00e9s. Pour plus d'infos, visitez maintenant notre site Web","inLanguage":"fr-FR","potentialAction":[{"@type":"ReadAction","target":["https:\/\/www.sunballast.com\/fr\/download\/"]}]},{"@type":"WebSite","@id":"https:\/\/www.sunballast.com\/fr\/#website","url":"https:\/\/www.sunballast.com\/fr\/","name":"Sunballast","description":"Un nuovo sito targato WordPress","potentialAction":[{"@type":"SearchAction","target":{"@type":"EntryPoint","urlTemplate":"https:\/\/www.sunballast.com\/fr\/?s={search_term_string}"},"query-input":"required name=search_term_string"}],"inLanguage":"fr-FR"}]}},"_links":{"self":[{"href":"https:\/\/www.sunballast.com\/fr\/wp-json\/wp\/v2\/pages\/9134"}],"collection":[{"href":"https:\/\/www.sunballast.com\/fr\/wp-json\/wp\/v2\/pages"}],"about":[{"href":"https:\/\/www.sunballast.com\/fr\/wp-json\/wp\/v2\/types\/page"}],"author":[{"embeddable":true,"href":"https:\/\/www.sunballast.com\/fr\/wp-json\/wp\/v2\/users\/1"}],"replies":[{"embeddable":true,"href":"https:\/\/www.sunballast.com\/fr\/wp-json\/wp\/v2\/comments?post=9134"}],"version-history":[{"count":132,"href":"https:\/\/www.sunballast.com\/fr\/wp-json\/wp\/v2\/pages\/9134\/revisions"}],"predecessor-version":[{"id":433728,"href":"https:\/\/www.sunballast.com\/fr\/wp-json\/wp\/v2\/pages\/9134\/revisions\/433728"}],"wp:attachment":[{"href":"https:\/\/www.sunballast.com\/fr\/wp-json\/wp\/v2\/media?parent=9134"}],"wp:term":[{"taxonomy":"category","embeddable":true,"href":"https:\/\/www.sunballast.com\/fr\/wp-json\/wp\/v2\/categories?post=9134"},{"taxonomy":"post_tag","embeddable":true,"href":"https:\/\/www.sunballast.com\/fr\/wp-json\/wp\/v2\/tags?post=9134"}],"curies":[{"name":"wp","href":"https:\/\/api.w.org\/{rel}","templated":true}]}}