{"id":80989,"date":"2022-10-19T17:10:14","date_gmt":"2022-10-19T15:10:14","guid":{"rendered":"https:\/\/www.sunballast.com\/a-terra\/"},"modified":"2023-06-20T16:41:53","modified_gmt":"2023-06-20T14:41:53","slug":"au-sol","status":"publish","type":"page","link":"https:\/\/www.sunballast.com\/fr\/au-sol\/","title":{"rendered":"Au sol"},"content":{"rendered":"","protected":false},"excerpt":{"rendered":"","protected":false},"author":1,"featured_media":0,"parent":0,"menu_order":125,"comment_status":"closed","ping_status":"closed","template":"page-templates\/campi-di-appl-detail.php","meta":{"inline_featured_image":false,"footnotes":""},"categories":[],"tags":[],"acf":[],"yoast_head":"<!-- This site is optimized with the Yoast SEO plugin v21.2 - https:\/\/yoast.com\/wordpress\/plugins\/seo\/ -->\n<title>Les installations photovolta\u00efques pos\u00e9es au sol avec nos structures sont de plus en plus nombreuses \u2013 Sun Ballast<\/title>\n<meta name=\"description\" content=\"Les installations photovolta\u00efques au sol sont de plus en plus r\u00e9pandues, et gr\u00e2ce aux ballasts de Sun Ballast, c&#039;est tr\u00e8s facile. Pour en savoir plus, consulter notre site web.\" \/>\n<meta name=\"robots\" content=\"index, follow, max-snippet:-1, max-image-preview:large, max-video-preview:-1\" \/>\n<link rel=\"canonical\" href=\"https:\/\/www.sunballast.com\/fr\/au-sol\/\" \/>\n<meta property=\"og:locale\" content=\"fr_FR\" \/>\n<meta property=\"og:type\" content=\"article\" \/>\n<meta property=\"og:title\" content=\"Les installations photovolta\u00efques pos\u00e9es au sol avec nos structures sont de plus en plus nombreuses \u2013 Sun Ballast\" \/>\n<meta property=\"og:description\" content=\"Les installations photovolta\u00efques au sol sont de plus en plus r\u00e9pandues, et gr\u00e2ce aux ballasts de Sun Ballast, c&#039;est tr\u00e8s facile. Pour en savoir plus, consulter notre site web.\" \/>\n<meta property=\"og:url\" content=\"https:\/\/www.sunballast.com\/fr\/au-sol\/\" \/>\n<meta property=\"og:site_name\" content=\"Sunballast\" \/>\n<meta property=\"article:publisher\" content=\"https:\/\/www.facebook.com\/sunballast\" \/>\n<meta property=\"article:modified_time\" content=\"2023-06-20T14:41:53+00:00\" \/>\n<meta name=\"twitter:card\" content=\"summary_large_image\" \/>\n<script type=\"application\/ld+json\" class=\"yoast-schema-graph\">{\"@context\":\"https:\/\/schema.org\",\"@graph\":[{\"@type\":\"WebPage\",\"@id\":\"https:\/\/www.sunballast.com\/fr\/au-sol\/\",\"url\":\"https:\/\/www.sunballast.com\/fr\/au-sol\/\",\"name\":\"Les installations photovolta\u00efques pos\u00e9es au sol avec nos structures sont de plus en plus nombreuses \u2013 Sun Ballast\",\"isPartOf\":{\"@id\":\"https:\/\/www.sunballast.com\/fr\/#website\"},\"datePublished\":\"2022-10-19T15:10:14+00:00\",\"dateModified\":\"2023-06-20T14:41:53+00:00\",\"description\":\"Les installations photovolta\u00efques au sol sont de plus en plus r\u00e9pandues, et gr\u00e2ce aux ballasts de Sun Ballast, c'est tr\u00e8s facile. Pour en savoir plus, consulter notre site web.\",\"inLanguage\":\"fr-FR\",\"potentialAction\":[{\"@type\":\"ReadAction\",\"target\":[\"https:\/\/www.sunballast.com\/fr\/au-sol\/\"]}]},{\"@type\":\"WebSite\",\"@id\":\"https:\/\/www.sunballast.com\/fr\/#website\",\"url\":\"https:\/\/www.sunballast.com\/fr\/\",\"name\":\"Sunballast\",\"description\":\"Un nuovo sito targato WordPress\",\"potentialAction\":[{\"@type\":\"SearchAction\",\"target\":{\"@type\":\"EntryPoint\",\"urlTemplate\":\"https:\/\/www.sunballast.com\/fr\/?s={search_term_string}\"},\"query-input\":\"required name=search_term_string\"}],\"inLanguage\":\"fr-FR\"}]}<\/script>\n<!-- \/ Yoast SEO plugin. -->","yoast_head_json":{"title":"Les installations photovolta\u00efques pos\u00e9es au sol avec nos structures sont de plus en plus nombreuses \u2013 Sun Ballast","description":"Les installations photovolta\u00efques au sol sont de plus en plus r\u00e9pandues, et gr\u00e2ce aux ballasts de Sun Ballast, c'est tr\u00e8s facile. Pour en savoir plus, consulter notre site web.","robots":{"index":"index","follow":"follow","max-snippet":"max-snippet:-1","max-image-preview":"max-image-preview:large","max-video-preview":"max-video-preview:-1"},"canonical":"https:\/\/www.sunballast.com\/fr\/au-sol\/","og_locale":"fr_FR","og_type":"article","og_title":"Les installations photovolta\u00efques pos\u00e9es au sol avec nos structures sont de plus en plus nombreuses \u2013 Sun Ballast","og_description":"Les installations photovolta\u00efques au sol sont de plus en plus r\u00e9pandues, et gr\u00e2ce aux ballasts de Sun Ballast, c'est tr\u00e8s facile. Pour en savoir plus, consulter notre site web.","og_url":"https:\/\/www.sunballast.com\/fr\/au-sol\/","og_site_name":"Sunballast","article_publisher":"https:\/\/www.facebook.com\/sunballast","article_modified_time":"2023-06-20T14:41:53+00:00","twitter_card":"summary_large_image","schema":{"@context":"https:\/\/schema.org","@graph":[{"@type":"WebPage","@id":"https:\/\/www.sunballast.com\/fr\/au-sol\/","url":"https:\/\/www.sunballast.com\/fr\/au-sol\/","name":"Les installations photovolta\u00efques pos\u00e9es au sol avec nos structures sont de plus en plus nombreuses \u2013 Sun Ballast","isPartOf":{"@id":"https:\/\/www.sunballast.com\/fr\/#website"},"datePublished":"2022-10-19T15:10:14+00:00","dateModified":"2023-06-20T14:41:53+00:00","description":"Les installations photovolta\u00efques au sol sont de plus en plus r\u00e9pandues, et gr\u00e2ce aux ballasts de Sun Ballast, c'est tr\u00e8s facile. Pour en savoir plus, consulter notre site web.","inLanguage":"fr-FR","potentialAction":[{"@type":"ReadAction","target":["https:\/\/www.sunballast.com\/fr\/au-sol\/"]}]},{"@type":"WebSite","@id":"https:\/\/www.sunballast.com\/fr\/#website","url":"https:\/\/www.sunballast.com\/fr\/","name":"Sunballast","description":"Un nuovo sito targato WordPress","potentialAction":[{"@type":"SearchAction","target":{"@type":"EntryPoint","urlTemplate":"https:\/\/www.sunballast.com\/fr\/?s={search_term_string}"},"query-input":"required name=search_term_string"}],"inLanguage":"fr-FR"}]}},"_links":{"self":[{"href":"https:\/\/www.sunballast.com\/fr\/wp-json\/wp\/v2\/pages\/80989"}],"collection":[{"href":"https:\/\/www.sunballast.com\/fr\/wp-json\/wp\/v2\/pages"}],"about":[{"href":"https:\/\/www.sunballast.com\/fr\/wp-json\/wp\/v2\/types\/page"}],"author":[{"embeddable":true,"href":"https:\/\/www.sunballast.com\/fr\/wp-json\/wp\/v2\/users\/1"}],"replies":[{"embeddable":true,"href":"https:\/\/www.sunballast.com\/fr\/wp-json\/wp\/v2\/comments?post=80989"}],"version-history":[{"count":5,"href":"https:\/\/www.sunballast.com\/fr\/wp-json\/wp\/v2\/pages\/80989\/revisions"}],"predecessor-version":[{"id":101485,"href":"https:\/\/www.sunballast.com\/fr\/wp-json\/wp\/v2\/pages\/80989\/revisions\/101485"}],"wp:attachment":[{"href":"https:\/\/www.sunballast.com\/fr\/wp-json\/wp\/v2\/media?parent=80989"}],"wp:term":[{"taxonomy":"category","embeddable":true,"href":"https:\/\/www.sunballast.com\/fr\/wp-json\/wp\/v2\/categories?post=80989"},{"taxonomy":"post_tag","embeddable":true,"href":"https:\/\/www.sunballast.com\/fr\/wp-json\/wp\/v2\/tags?post=80989"}],"curies":[{"name":"wp","href":"https:\/\/api.w.org\/{rel}","templated":true}]}}