{"id":80972,"date":"2022-09-28T10:55:23","date_gmt":"2022-09-28T08:55:23","guid":{"rendered":"https:\/\/www.sunballast.com\/guaina\/"},"modified":"2022-11-11T11:56:37","modified_gmt":"2022-11-11T10:56:37","slug":"gaine","status":"publish","type":"page","link":"https:\/\/www.sunballast.com\/fr\/gaine\/","title":{"rendered":"Gaine"},"content":{"rendered":"","protected":false},"excerpt":{"rendered":"","protected":false},"author":1,"featured_media":0,"parent":0,"menu_order":132,"comment_status":"closed","ping_status":"closed","template":"page-templates\/campi-di-appl-detail.php","meta":{"inline_featured_image":false,"footnotes":""},"categories":[],"tags":[],"acf":[],"yoast_head":"<!-- This site is optimized with the Yoast SEO plugin v21.2 - https:\/\/yoast.com\/wordpress\/plugins\/seo\/ -->\n<title>Supports pour modules photovolta\u00efques sur surfaces planes et recouvertes d\u2019une gaine \u2013 Sun Ballast<\/title>\n<meta name=\"description\" content=\"Avec le Sun Ballast, il est possible d&#039;obtenir une installation photovolta\u00efque productive sur une surface plane prot\u00e9g\u00e9e par une gaine. Pour en savoir plus, consulter notre site web.\" \/>\n<meta name=\"robots\" content=\"index, follow, max-snippet:-1, max-image-preview:large, max-video-preview:-1\" \/>\n<link rel=\"canonical\" href=\"https:\/\/www.sunballast.com\/fr\/gaine\/\" \/>\n<meta property=\"og:locale\" content=\"fr_FR\" \/>\n<meta property=\"og:type\" content=\"article\" \/>\n<meta property=\"og:title\" content=\"Supports pour modules photovolta\u00efques sur surfaces planes et recouvertes d\u2019une gaine \u2013 Sun Ballast\" \/>\n<meta property=\"og:description\" content=\"Avec le Sun Ballast, il est possible d&#039;obtenir une installation photovolta\u00efque productive sur une surface plane prot\u00e9g\u00e9e par une gaine. Pour en savoir plus, consulter notre site web.\" \/>\n<meta property=\"og:url\" content=\"https:\/\/www.sunballast.com\/fr\/gaine\/\" \/>\n<meta property=\"og:site_name\" content=\"Sunballast\" \/>\n<meta property=\"article:publisher\" content=\"https:\/\/www.facebook.com\/sunballast\" \/>\n<meta property=\"article:modified_time\" content=\"2022-11-11T10:56:37+00:00\" \/>\n<meta name=\"twitter:card\" content=\"summary_large_image\" \/>\n<script type=\"application\/ld+json\" class=\"yoast-schema-graph\">{\"@context\":\"https:\/\/schema.org\",\"@graph\":[{\"@type\":\"WebPage\",\"@id\":\"https:\/\/www.sunballast.com\/fr\/gaine\/\",\"url\":\"https:\/\/www.sunballast.com\/fr\/gaine\/\",\"name\":\"Supports pour modules photovolta\u00efques sur surfaces planes et recouvertes d\u2019une gaine \u2013 Sun Ballast\",\"isPartOf\":{\"@id\":\"https:\/\/www.sunballast.com\/fr\/#website\"},\"datePublished\":\"2022-09-28T08:55:23+00:00\",\"dateModified\":\"2022-11-11T10:56:37+00:00\",\"description\":\"Avec le Sun Ballast, il est possible d'obtenir une installation photovolta\u00efque productive sur une surface plane prot\u00e9g\u00e9e par une gaine. Pour en savoir plus, consulter notre site web.\",\"inLanguage\":\"fr-FR\",\"potentialAction\":[{\"@type\":\"ReadAction\",\"target\":[\"https:\/\/www.sunballast.com\/fr\/gaine\/\"]}]},{\"@type\":\"WebSite\",\"@id\":\"https:\/\/www.sunballast.com\/fr\/#website\",\"url\":\"https:\/\/www.sunballast.com\/fr\/\",\"name\":\"Sunballast\",\"description\":\"Un nuovo sito targato WordPress\",\"potentialAction\":[{\"@type\":\"SearchAction\",\"target\":{\"@type\":\"EntryPoint\",\"urlTemplate\":\"https:\/\/www.sunballast.com\/fr\/?s={search_term_string}\"},\"query-input\":\"required name=search_term_string\"}],\"inLanguage\":\"fr-FR\"}]}<\/script>\n<!-- \/ Yoast SEO plugin. -->","yoast_head_json":{"title":"Supports pour modules photovolta\u00efques sur surfaces planes et recouvertes d\u2019une gaine \u2013 Sun Ballast","description":"Avec le Sun Ballast, il est possible d'obtenir une installation photovolta\u00efque productive sur une surface plane prot\u00e9g\u00e9e par une gaine. Pour en savoir plus, consulter notre site web.","robots":{"index":"index","follow":"follow","max-snippet":"max-snippet:-1","max-image-preview":"max-image-preview:large","max-video-preview":"max-video-preview:-1"},"canonical":"https:\/\/www.sunballast.com\/fr\/gaine\/","og_locale":"fr_FR","og_type":"article","og_title":"Supports pour modules photovolta\u00efques sur surfaces planes et recouvertes d\u2019une gaine \u2013 Sun Ballast","og_description":"Avec le Sun Ballast, il est possible d'obtenir une installation photovolta\u00efque productive sur une surface plane prot\u00e9g\u00e9e par une gaine. Pour en savoir plus, consulter notre site web.","og_url":"https:\/\/www.sunballast.com\/fr\/gaine\/","og_site_name":"Sunballast","article_publisher":"https:\/\/www.facebook.com\/sunballast","article_modified_time":"2022-11-11T10:56:37+00:00","twitter_card":"summary_large_image","schema":{"@context":"https:\/\/schema.org","@graph":[{"@type":"WebPage","@id":"https:\/\/www.sunballast.com\/fr\/gaine\/","url":"https:\/\/www.sunballast.com\/fr\/gaine\/","name":"Supports pour modules photovolta\u00efques sur surfaces planes et recouvertes d\u2019une gaine \u2013 Sun Ballast","isPartOf":{"@id":"https:\/\/www.sunballast.com\/fr\/#website"},"datePublished":"2022-09-28T08:55:23+00:00","dateModified":"2022-11-11T10:56:37+00:00","description":"Avec le Sun Ballast, il est possible d'obtenir une installation photovolta\u00efque productive sur une surface plane prot\u00e9g\u00e9e par une gaine. Pour en savoir plus, consulter notre site web.","inLanguage":"fr-FR","potentialAction":[{"@type":"ReadAction","target":["https:\/\/www.sunballast.com\/fr\/gaine\/"]}]},{"@type":"WebSite","@id":"https:\/\/www.sunballast.com\/fr\/#website","url":"https:\/\/www.sunballast.com\/fr\/","name":"Sunballast","description":"Un nuovo sito targato WordPress","potentialAction":[{"@type":"SearchAction","target":{"@type":"EntryPoint","urlTemplate":"https:\/\/www.sunballast.com\/fr\/?s={search_term_string}"},"query-input":"required name=search_term_string"}],"inLanguage":"fr-FR"}]}},"_links":{"self":[{"href":"https:\/\/www.sunballast.com\/fr\/wp-json\/wp\/v2\/pages\/80972"}],"collection":[{"href":"https:\/\/www.sunballast.com\/fr\/wp-json\/wp\/v2\/pages"}],"about":[{"href":"https:\/\/www.sunballast.com\/fr\/wp-json\/wp\/v2\/types\/page"}],"author":[{"embeddable":true,"href":"https:\/\/www.sunballast.com\/fr\/wp-json\/wp\/v2\/users\/1"}],"replies":[{"embeddable":true,"href":"https:\/\/www.sunballast.com\/fr\/wp-json\/wp\/v2\/comments?post=80972"}],"version-history":[{"count":4,"href":"https:\/\/www.sunballast.com\/fr\/wp-json\/wp\/v2\/pages\/80972\/revisions"}],"predecessor-version":[{"id":81084,"href":"https:\/\/www.sunballast.com\/fr\/wp-json\/wp\/v2\/pages\/80972\/revisions\/81084"}],"wp:attachment":[{"href":"https:\/\/www.sunballast.com\/fr\/wp-json\/wp\/v2\/media?parent=80972"}],"wp:term":[{"taxonomy":"category","embeddable":true,"href":"https:\/\/www.sunballast.com\/fr\/wp-json\/wp\/v2\/categories?post=80972"},{"taxonomy":"post_tag","embeddable":true,"href":"https:\/\/www.sunballast.com\/fr\/wp-json\/wp\/v2\/tags?post=80972"}],"curies":[{"name":"wp","href":"https:\/\/api.w.org\/{rel}","templated":true}]}}