{"id":7394,"date":"2020-11-10T14:53:22","date_gmt":"2020-11-10T13:53:22","guid":{"rendered":"http:\/\/sunballast.addictionlab.it\/structures-pour-toits-plats\/sistema-standard\/"},"modified":"2024-12-05T11:47:56","modified_gmt":"2024-12-05T10:47:56","slug":"systememonorangee","status":"publish","type":"page","link":"https:\/\/www.sunballast.com\/fr\/structures-pour-toits-plats\/systememonorangee\/","title":{"rendered":"Syst\u00e8me Mono-Rang\u00e9e"},"content":{"rendered":"","protected":false},"excerpt":{"rendered":"","protected":false},"author":1,"featured_media":0,"parent":7390,"menu_order":323,"comment_status":"closed","ping_status":"closed","template":"page-templates\/sistema.php","meta":{"inline_featured_image":false,"footnotes":""},"categories":[205],"tags":[],"acf":[],"yoast_head":"<!-- This site is optimized with the Yoast SEO plugin v21.2 - https:\/\/yoast.com\/wordpress\/plugins\/seo\/ -->\n<title>Syst\u00e8me Standard pour la fixation de panneaux solaires - Sunballast<\/title>\n<meta name=\"description\" content=\"D\u00e9couvrez les ballasts de notre Syst\u00e8me Standard sur toits plats pour syst\u00e8mes photovolta\u00efques et fixation de panneaux solaires.\" \/>\n<meta name=\"robots\" content=\"index, follow, max-snippet:-1, max-image-preview:large, max-video-preview:-1\" \/>\n<link rel=\"canonical\" href=\"https:\/\/www.sunballast.com\/fr\/structures-pour-toits-plats\/systememonorangee\/\" \/>\n<meta property=\"og:locale\" content=\"fr_FR\" \/>\n<meta property=\"og:type\" content=\"article\" \/>\n<meta property=\"og:title\" content=\"Syst\u00e8me Standard pour la fixation de panneaux solaires - Sunballast\" \/>\n<meta property=\"og:description\" content=\"D\u00e9couvrez les ballasts de notre Syst\u00e8me Standard sur toits plats pour syst\u00e8mes photovolta\u00efques et fixation de panneaux solaires.\" \/>\n<meta property=\"og:url\" content=\"https:\/\/www.sunballast.com\/fr\/structures-pour-toits-plats\/systememonorangee\/\" \/>\n<meta property=\"og:site_name\" content=\"Sunballast\" \/>\n<meta property=\"article:publisher\" content=\"https:\/\/www.facebook.com\/sunballast\" \/>\n<meta property=\"article:modified_time\" content=\"2024-12-05T10:47:56+00:00\" \/>\n<meta name=\"twitter:card\" content=\"summary_large_image\" \/>\n<script type=\"application\/ld+json\" class=\"yoast-schema-graph\">{\"@context\":\"https:\/\/schema.org\",\"@graph\":[{\"@type\":\"WebPage\",\"@id\":\"https:\/\/www.sunballast.com\/fr\/structures-pour-toits-plats\/systememonorangee\/\",\"url\":\"https:\/\/www.sunballast.com\/fr\/structures-pour-toits-plats\/systememonorangee\/\",\"name\":\"Syst\u00e8me Standard pour la fixation de panneaux solaires - Sunballast\",\"isPartOf\":{\"@id\":\"https:\/\/www.sunballast.com\/fr\/#website\"},\"datePublished\":\"2020-11-10T13:53:22+00:00\",\"dateModified\":\"2024-12-05T10:47:56+00:00\",\"description\":\"D\u00e9couvrez les ballasts de notre Syst\u00e8me Standard sur toits plats pour syst\u00e8mes photovolta\u00efques et fixation de panneaux solaires.\",\"breadcrumb\":{\"@id\":\"https:\/\/www.sunballast.com\/fr\/structures-pour-toits-plats\/systememonorangee\/#breadcrumb\"},\"inLanguage\":\"fr-FR\",\"potentialAction\":[{\"@type\":\"ReadAction\",\"target\":[\"https:\/\/www.sunballast.com\/fr\/structures-pour-toits-plats\/systememonorangee\/\"]}]},{\"@type\":\"BreadcrumbList\",\"@id\":\"https:\/\/www.sunballast.com\/fr\/structures-pour-toits-plats\/systememonorangee\/#breadcrumb\",\"itemListElement\":[{\"@type\":\"ListItem\",\"position\":1,\"name\":\"Structures pour toits plats\",\"item\":\"https:\/\/www.sunballast.com\/fr\/structures-pour-toits-plats\/\"},{\"@type\":\"ListItem\",\"position\":2,\"name\":\"Syst\u00e8me Mono-Rang\u00e9e\"}]},{\"@type\":\"WebSite\",\"@id\":\"https:\/\/www.sunballast.com\/fr\/#website\",\"url\":\"https:\/\/www.sunballast.com\/fr\/\",\"name\":\"Sunballast\",\"description\":\"Un nuovo sito targato WordPress\",\"potentialAction\":[{\"@type\":\"SearchAction\",\"target\":{\"@type\":\"EntryPoint\",\"urlTemplate\":\"https:\/\/www.sunballast.com\/fr\/?s={search_term_string}\"},\"query-input\":\"required name=search_term_string\"}],\"inLanguage\":\"fr-FR\"}]}<\/script>\n<!-- \/ Yoast SEO plugin. -->","yoast_head_json":{"title":"Syst\u00e8me Standard pour la fixation de panneaux solaires - Sunballast","description":"D\u00e9couvrez les ballasts de notre Syst\u00e8me Standard sur toits plats pour syst\u00e8mes photovolta\u00efques et fixation de panneaux solaires.","robots":{"index":"index","follow":"follow","max-snippet":"max-snippet:-1","max-image-preview":"max-image-preview:large","max-video-preview":"max-video-preview:-1"},"canonical":"https:\/\/www.sunballast.com\/fr\/structures-pour-toits-plats\/systememonorangee\/","og_locale":"fr_FR","og_type":"article","og_title":"Syst\u00e8me Standard pour la fixation de panneaux solaires - Sunballast","og_description":"D\u00e9couvrez les ballasts de notre Syst\u00e8me Standard sur toits plats pour syst\u00e8mes photovolta\u00efques et fixation de panneaux solaires.","og_url":"https:\/\/www.sunballast.com\/fr\/structures-pour-toits-plats\/systememonorangee\/","og_site_name":"Sunballast","article_publisher":"https:\/\/www.facebook.com\/sunballast","article_modified_time":"2024-12-05T10:47:56+00:00","twitter_card":"summary_large_image","schema":{"@context":"https:\/\/schema.org","@graph":[{"@type":"WebPage","@id":"https:\/\/www.sunballast.com\/fr\/structures-pour-toits-plats\/systememonorangee\/","url":"https:\/\/www.sunballast.com\/fr\/structures-pour-toits-plats\/systememonorangee\/","name":"Syst\u00e8me Standard pour la fixation de panneaux solaires - Sunballast","isPartOf":{"@id":"https:\/\/www.sunballast.com\/fr\/#website"},"datePublished":"2020-11-10T13:53:22+00:00","dateModified":"2024-12-05T10:47:56+00:00","description":"D\u00e9couvrez les ballasts de notre Syst\u00e8me Standard sur toits plats pour syst\u00e8mes photovolta\u00efques et fixation de panneaux solaires.","breadcrumb":{"@id":"https:\/\/www.sunballast.com\/fr\/structures-pour-toits-plats\/systememonorangee\/#breadcrumb"},"inLanguage":"fr-FR","potentialAction":[{"@type":"ReadAction","target":["https:\/\/www.sunballast.com\/fr\/structures-pour-toits-plats\/systememonorangee\/"]}]},{"@type":"BreadcrumbList","@id":"https:\/\/www.sunballast.com\/fr\/structures-pour-toits-plats\/systememonorangee\/#breadcrumb","itemListElement":[{"@type":"ListItem","position":1,"name":"Structures pour toits plats","item":"https:\/\/www.sunballast.com\/fr\/structures-pour-toits-plats\/"},{"@type":"ListItem","position":2,"name":"Syst\u00e8me Mono-Rang\u00e9e"}]},{"@type":"WebSite","@id":"https:\/\/www.sunballast.com\/fr\/#website","url":"https:\/\/www.sunballast.com\/fr\/","name":"Sunballast","description":"Un nuovo sito targato WordPress","potentialAction":[{"@type":"SearchAction","target":{"@type":"EntryPoint","urlTemplate":"https:\/\/www.sunballast.com\/fr\/?s={search_term_string}"},"query-input":"required name=search_term_string"}],"inLanguage":"fr-FR"}]}},"_links":{"self":[{"href":"https:\/\/www.sunballast.com\/fr\/wp-json\/wp\/v2\/pages\/7394"}],"collection":[{"href":"https:\/\/www.sunballast.com\/fr\/wp-json\/wp\/v2\/pages"}],"about":[{"href":"https:\/\/www.sunballast.com\/fr\/wp-json\/wp\/v2\/types\/page"}],"author":[{"embeddable":true,"href":"https:\/\/www.sunballast.com\/fr\/wp-json\/wp\/v2\/users\/1"}],"replies":[{"embeddable":true,"href":"https:\/\/www.sunballast.com\/fr\/wp-json\/wp\/v2\/comments?post=7394"}],"version-history":[{"count":39,"href":"https:\/\/www.sunballast.com\/fr\/wp-json\/wp\/v2\/pages\/7394\/revisions"}],"predecessor-version":[{"id":380031,"href":"https:\/\/www.sunballast.com\/fr\/wp-json\/wp\/v2\/pages\/7394\/revisions\/380031"}],"up":[{"embeddable":true,"href":"https:\/\/www.sunballast.com\/fr\/wp-json\/wp\/v2\/pages\/7390"}],"wp:attachment":[{"href":"https:\/\/www.sunballast.com\/fr\/wp-json\/wp\/v2\/media?parent=7394"}],"wp:term":[{"taxonomy":"category","embeddable":true,"href":"https:\/\/www.sunballast.com\/fr\/wp-json\/wp\/v2\/categories?post=7394"},{"taxonomy":"post_tag","embeddable":true,"href":"https:\/\/www.sunballast.com\/fr\/wp-json\/wp\/v2\/tags?post=7394"}],"curies":[{"name":"wp","href":"https:\/\/api.w.org\/{rel}","templated":true}]}}