{"id":69836,"date":"2022-08-24T16:24:22","date_gmt":"2022-08-24T14:24:22","guid":{"rendered":"https:\/\/www.sunballast.com\/il-nostro-impegno-verso-la-collettivita\/"},"modified":"2022-10-13T16:12:37","modified_gmt":"2022-10-13T14:12:37","slug":"notre-engagement-envers-la-communaute","status":"publish","type":"page","link":"https:\/\/www.sunballast.com\/fr\/notre-engagement-envers-la-communaute\/","title":{"rendered":"Engagement envers la communaut\u00e9"},"content":{"rendered":"","protected":false},"excerpt":{"rendered":"","protected":false},"author":1,"featured_media":0,"parent":0,"menu_order":136,"comment_status":"closed","ping_status":"closed","template":"page-templates\/il-nostro-impegno.php","meta":{"inline_featured_image":false,"footnotes":""},"categories":[],"tags":[],"acf":[],"yoast_head":"<!-- This site is optimized with the Yoast SEO plugin v21.2 - https:\/\/yoast.com\/wordpress\/plugins\/seo\/ -->\n<title>Notre engagement \u00e0 soutenir la collectivit\u00e9 - Sun Ballast<\/title>\n<meta name=\"description\" content=\"Nous veillons \u00e0 ce que les messages importants parviennent \u00e0 autant de personnes que possible en organisant des rencontres et des \u00e9changes entre institutions et associations. En savoir plus sur notre site\" \/>\n<meta name=\"robots\" content=\"index, follow, max-snippet:-1, max-image-preview:large, max-video-preview:-1\" \/>\n<link rel=\"canonical\" href=\"https:\/\/www.sunballast.com\/fr\/notre-engagement-envers-la-communaute\/\" \/>\n<meta property=\"og:locale\" content=\"fr_FR\" \/>\n<meta property=\"og:type\" content=\"article\" \/>\n<meta property=\"og:title\" content=\"Notre engagement \u00e0 soutenir la collectivit\u00e9 - Sun Ballast\" \/>\n<meta property=\"og:description\" content=\"Nous veillons \u00e0 ce que les messages importants parviennent \u00e0 autant de personnes que possible en organisant des rencontres et des \u00e9changes entre institutions et associations. En savoir plus sur notre site\" \/>\n<meta property=\"og:url\" content=\"https:\/\/www.sunballast.com\/fr\/notre-engagement-envers-la-communaute\/\" \/>\n<meta property=\"og:site_name\" content=\"Sunballast\" \/>\n<meta property=\"article:publisher\" content=\"https:\/\/www.facebook.com\/sunballast\" \/>\n<meta property=\"article:modified_time\" content=\"2022-10-13T14:12:37+00:00\" \/>\n<meta name=\"twitter:card\" content=\"summary_large_image\" \/>\n<script type=\"application\/ld+json\" class=\"yoast-schema-graph\">{\"@context\":\"https:\/\/schema.org\",\"@graph\":[{\"@type\":\"WebPage\",\"@id\":\"https:\/\/www.sunballast.com\/fr\/notre-engagement-envers-la-communaute\/\",\"url\":\"https:\/\/www.sunballast.com\/fr\/notre-engagement-envers-la-communaute\/\",\"name\":\"Notre engagement \u00e0 soutenir la collectivit\u00e9 - Sun Ballast\",\"isPartOf\":{\"@id\":\"https:\/\/www.sunballast.com\/fr\/#website\"},\"datePublished\":\"2022-08-24T14:24:22+00:00\",\"dateModified\":\"2022-10-13T14:12:37+00:00\",\"description\":\"Nous veillons \u00e0 ce que les messages importants parviennent \u00e0 autant de personnes que possible en organisant des rencontres et des \u00e9changes entre institutions et associations. En savoir plus sur notre site\",\"inLanguage\":\"fr-FR\",\"potentialAction\":[{\"@type\":\"ReadAction\",\"target\":[\"https:\/\/www.sunballast.com\/fr\/notre-engagement-envers-la-communaute\/\"]}]},{\"@type\":\"WebSite\",\"@id\":\"https:\/\/www.sunballast.com\/fr\/#website\",\"url\":\"https:\/\/www.sunballast.com\/fr\/\",\"name\":\"Sunballast\",\"description\":\"Un nuovo sito targato WordPress\",\"potentialAction\":[{\"@type\":\"SearchAction\",\"target\":{\"@type\":\"EntryPoint\",\"urlTemplate\":\"https:\/\/www.sunballast.com\/fr\/?s={search_term_string}\"},\"query-input\":\"required name=search_term_string\"}],\"inLanguage\":\"fr-FR\"}]}<\/script>\n<!-- \/ Yoast SEO plugin. -->","yoast_head_json":{"title":"Notre engagement \u00e0 soutenir la collectivit\u00e9 - Sun Ballast","description":"Nous veillons \u00e0 ce que les messages importants parviennent \u00e0 autant de personnes que possible en organisant des rencontres et des \u00e9changes entre institutions et associations. En savoir plus sur notre site","robots":{"index":"index","follow":"follow","max-snippet":"max-snippet:-1","max-image-preview":"max-image-preview:large","max-video-preview":"max-video-preview:-1"},"canonical":"https:\/\/www.sunballast.com\/fr\/notre-engagement-envers-la-communaute\/","og_locale":"fr_FR","og_type":"article","og_title":"Notre engagement \u00e0 soutenir la collectivit\u00e9 - Sun Ballast","og_description":"Nous veillons \u00e0 ce que les messages importants parviennent \u00e0 autant de personnes que possible en organisant des rencontres et des \u00e9changes entre institutions et associations. En savoir plus sur notre site","og_url":"https:\/\/www.sunballast.com\/fr\/notre-engagement-envers-la-communaute\/","og_site_name":"Sunballast","article_publisher":"https:\/\/www.facebook.com\/sunballast","article_modified_time":"2022-10-13T14:12:37+00:00","twitter_card":"summary_large_image","schema":{"@context":"https:\/\/schema.org","@graph":[{"@type":"WebPage","@id":"https:\/\/www.sunballast.com\/fr\/notre-engagement-envers-la-communaute\/","url":"https:\/\/www.sunballast.com\/fr\/notre-engagement-envers-la-communaute\/","name":"Notre engagement \u00e0 soutenir la collectivit\u00e9 - Sun Ballast","isPartOf":{"@id":"https:\/\/www.sunballast.com\/fr\/#website"},"datePublished":"2022-08-24T14:24:22+00:00","dateModified":"2022-10-13T14:12:37+00:00","description":"Nous veillons \u00e0 ce que les messages importants parviennent \u00e0 autant de personnes que possible en organisant des rencontres et des \u00e9changes entre institutions et associations. En savoir plus sur notre site","inLanguage":"fr-FR","potentialAction":[{"@type":"ReadAction","target":["https:\/\/www.sunballast.com\/fr\/notre-engagement-envers-la-communaute\/"]}]},{"@type":"WebSite","@id":"https:\/\/www.sunballast.com\/fr\/#website","url":"https:\/\/www.sunballast.com\/fr\/","name":"Sunballast","description":"Un nuovo sito targato WordPress","potentialAction":[{"@type":"SearchAction","target":{"@type":"EntryPoint","urlTemplate":"https:\/\/www.sunballast.com\/fr\/?s={search_term_string}"},"query-input":"required name=search_term_string"}],"inLanguage":"fr-FR"}]}},"_links":{"self":[{"href":"https:\/\/www.sunballast.com\/fr\/wp-json\/wp\/v2\/pages\/69836"}],"collection":[{"href":"https:\/\/www.sunballast.com\/fr\/wp-json\/wp\/v2\/pages"}],"about":[{"href":"https:\/\/www.sunballast.com\/fr\/wp-json\/wp\/v2\/types\/page"}],"author":[{"embeddable":true,"href":"https:\/\/www.sunballast.com\/fr\/wp-json\/wp\/v2\/users\/1"}],"replies":[{"embeddable":true,"href":"https:\/\/www.sunballast.com\/fr\/wp-json\/wp\/v2\/comments?post=69836"}],"version-history":[{"count":9,"href":"https:\/\/www.sunballast.com\/fr\/wp-json\/wp\/v2\/pages\/69836\/revisions"}],"predecessor-version":[{"id":76346,"href":"https:\/\/www.sunballast.com\/fr\/wp-json\/wp\/v2\/pages\/69836\/revisions\/76346"}],"wp:attachment":[{"href":"https:\/\/www.sunballast.com\/fr\/wp-json\/wp\/v2\/media?parent=69836"}],"wp:term":[{"taxonomy":"category","embeddable":true,"href":"https:\/\/www.sunballast.com\/fr\/wp-json\/wp\/v2\/categories?post=69836"},{"taxonomy":"post_tag","embeddable":true,"href":"https:\/\/www.sunballast.com\/fr\/wp-json\/wp\/v2\/tags?post=69836"}],"curies":[{"name":"wp","href":"https:\/\/api.w.org\/{rel}","templated":true}]}}