{"id":429927,"date":"2025-12-03T10:45:59","date_gmt":"2025-12-03T09:45:59","guid":{"rendered":"https:\/\/www.sunballast.com\/structures-pour-toits-plats\/zavorra-0-kp\/"},"modified":"2025-12-05T17:49:32","modified_gmt":"2025-12-05T16:49:32","slug":"ballast-0-kp","status":"publish","type":"page","link":"https:\/\/www.sunballast.com\/fr\/structures-pour-toits-plats\/ballast-0-kp\/","title":{"rendered":"Ballast 0\u00b0 KP"},"content":{"rendered":"","protected":false},"excerpt":{"rendered":"","protected":false},"author":19,"featured_media":0,"parent":7390,"menu_order":355,"comment_status":"closed","ping_status":"closed","template":"page-templates\/dettaglio-prodotto.php","meta":{"inline_featured_image":false,"footnotes":""},"categories":[63],"tags":[],"acf":[],"yoast_head":"<!-- This site is optimized with the Yoast SEO plugin v21.2 - https:\/\/yoast.com\/wordpress\/plugins\/seo\/ -->\n<title>Lest 0\u00b0 pour la fixation des panneaux photovolta\u00efques - Sun Ballst<\/title>\n<meta name=\"description\" content=\"D\u00e9couvrez notre ballast 0 degr\u00e9s pour la fixation des syst\u00e8mes photovolta\u00efques sur les toits avec une inclinaison maximale de 5 degr\u00e9s.\" \/>\n<meta name=\"robots\" content=\"index, follow, max-snippet:-1, max-image-preview:large, max-video-preview:-1\" \/>\n<link rel=\"canonical\" href=\"https:\/\/www.sunballast.com\/fr\/structures-pour-toits-plats\/ballast-0-kp\/\" \/>\n<meta property=\"og:locale\" content=\"fr_FR\" \/>\n<meta property=\"og:type\" content=\"article\" \/>\n<meta property=\"og:title\" content=\"Lest 0\u00b0 pour la fixation des panneaux photovolta\u00efques - Sun Ballst\" \/>\n<meta property=\"og:description\" content=\"D\u00e9couvrez notre ballast 0 degr\u00e9s pour la fixation des syst\u00e8mes photovolta\u00efques sur les toits avec une inclinaison maximale de 5 degr\u00e9s.\" \/>\n<meta property=\"og:url\" content=\"https:\/\/www.sunballast.com\/fr\/structures-pour-toits-plats\/ballast-0-kp\/\" \/>\n<meta property=\"og:site_name\" content=\"Sunballast\" \/>\n<meta property=\"article:publisher\" content=\"https:\/\/www.facebook.com\/sunballast\" \/>\n<meta property=\"article:modified_time\" content=\"2025-12-05T16:49:32+00:00\" \/>\n<meta name=\"twitter:card\" content=\"summary_large_image\" \/>\n<script type=\"application\/ld+json\" class=\"yoast-schema-graph\">{\"@context\":\"https:\/\/schema.org\",\"@graph\":[{\"@type\":\"WebPage\",\"@id\":\"https:\/\/www.sunballast.com\/fr\/structures-pour-toits-plats\/ballast-0-kp\/\",\"url\":\"https:\/\/www.sunballast.com\/fr\/structures-pour-toits-plats\/ballast-0-kp\/\",\"name\":\"Lest 0\u00b0 pour la fixation des panneaux photovolta\u00efques - Sun Ballst\",\"isPartOf\":{\"@id\":\"https:\/\/www.sunballast.com\/fr\/#website\"},\"datePublished\":\"2025-12-03T09:45:59+00:00\",\"dateModified\":\"2025-12-05T16:49:32+00:00\",\"description\":\"D\u00e9couvrez notre ballast 0 degr\u00e9s pour la fixation des syst\u00e8mes photovolta\u00efques sur les toits avec une inclinaison maximale de 5 degr\u00e9s.\",\"breadcrumb\":{\"@id\":\"https:\/\/www.sunballast.com\/fr\/structures-pour-toits-plats\/ballast-0-kp\/#breadcrumb\"},\"inLanguage\":\"fr-FR\",\"potentialAction\":[{\"@type\":\"ReadAction\",\"target\":[\"https:\/\/www.sunballast.com\/fr\/structures-pour-toits-plats\/ballast-0-kp\/\"]}]},{\"@type\":\"BreadcrumbList\",\"@id\":\"https:\/\/www.sunballast.com\/fr\/structures-pour-toits-plats\/ballast-0-kp\/#breadcrumb\",\"itemListElement\":[{\"@type\":\"ListItem\",\"position\":1,\"name\":\"Structures pour toits plats\",\"item\":\"https:\/\/www.sunballast.com\/fr\/structures-pour-toits-plats\/\"},{\"@type\":\"ListItem\",\"position\":2,\"name\":\"Ballast 0\u00b0 KP\"}]},{\"@type\":\"WebSite\",\"@id\":\"https:\/\/www.sunballast.com\/fr\/#website\",\"url\":\"https:\/\/www.sunballast.com\/fr\/\",\"name\":\"Sunballast\",\"description\":\"Un nuovo sito targato WordPress\",\"potentialAction\":[{\"@type\":\"SearchAction\",\"target\":{\"@type\":\"EntryPoint\",\"urlTemplate\":\"https:\/\/www.sunballast.com\/fr\/?s={search_term_string}\"},\"query-input\":\"required name=search_term_string\"}],\"inLanguage\":\"fr-FR\"}]}<\/script>\n<!-- \/ Yoast SEO plugin. -->","yoast_head_json":{"title":"Lest 0\u00b0 pour la fixation des panneaux photovolta\u00efques - Sun Ballst","description":"D\u00e9couvrez notre ballast 0 degr\u00e9s pour la fixation des syst\u00e8mes photovolta\u00efques sur les toits avec une inclinaison maximale de 5 degr\u00e9s.","robots":{"index":"index","follow":"follow","max-snippet":"max-snippet:-1","max-image-preview":"max-image-preview:large","max-video-preview":"max-video-preview:-1"},"canonical":"https:\/\/www.sunballast.com\/fr\/structures-pour-toits-plats\/ballast-0-kp\/","og_locale":"fr_FR","og_type":"article","og_title":"Lest 0\u00b0 pour la fixation des panneaux photovolta\u00efques - Sun Ballst","og_description":"D\u00e9couvrez notre ballast 0 degr\u00e9s pour la fixation des syst\u00e8mes photovolta\u00efques sur les toits avec une inclinaison maximale de 5 degr\u00e9s.","og_url":"https:\/\/www.sunballast.com\/fr\/structures-pour-toits-plats\/ballast-0-kp\/","og_site_name":"Sunballast","article_publisher":"https:\/\/www.facebook.com\/sunballast","article_modified_time":"2025-12-05T16:49:32+00:00","twitter_card":"summary_large_image","schema":{"@context":"https:\/\/schema.org","@graph":[{"@type":"WebPage","@id":"https:\/\/www.sunballast.com\/fr\/structures-pour-toits-plats\/ballast-0-kp\/","url":"https:\/\/www.sunballast.com\/fr\/structures-pour-toits-plats\/ballast-0-kp\/","name":"Lest 0\u00b0 pour la fixation des panneaux photovolta\u00efques - Sun Ballst","isPartOf":{"@id":"https:\/\/www.sunballast.com\/fr\/#website"},"datePublished":"2025-12-03T09:45:59+00:00","dateModified":"2025-12-05T16:49:32+00:00","description":"D\u00e9couvrez notre ballast 0 degr\u00e9s pour la fixation des syst\u00e8mes photovolta\u00efques sur les toits avec une inclinaison maximale de 5 degr\u00e9s.","breadcrumb":{"@id":"https:\/\/www.sunballast.com\/fr\/structures-pour-toits-plats\/ballast-0-kp\/#breadcrumb"},"inLanguage":"fr-FR","potentialAction":[{"@type":"ReadAction","target":["https:\/\/www.sunballast.com\/fr\/structures-pour-toits-plats\/ballast-0-kp\/"]}]},{"@type":"BreadcrumbList","@id":"https:\/\/www.sunballast.com\/fr\/structures-pour-toits-plats\/ballast-0-kp\/#breadcrumb","itemListElement":[{"@type":"ListItem","position":1,"name":"Structures pour toits plats","item":"https:\/\/www.sunballast.com\/fr\/structures-pour-toits-plats\/"},{"@type":"ListItem","position":2,"name":"Ballast 0\u00b0 KP"}]},{"@type":"WebSite","@id":"https:\/\/www.sunballast.com\/fr\/#website","url":"https:\/\/www.sunballast.com\/fr\/","name":"Sunballast","description":"Un nuovo sito targato WordPress","potentialAction":[{"@type":"SearchAction","target":{"@type":"EntryPoint","urlTemplate":"https:\/\/www.sunballast.com\/fr\/?s={search_term_string}"},"query-input":"required name=search_term_string"}],"inLanguage":"fr-FR"}]}},"_links":{"self":[{"href":"https:\/\/www.sunballast.com\/fr\/wp-json\/wp\/v2\/pages\/429927"}],"collection":[{"href":"https:\/\/www.sunballast.com\/fr\/wp-json\/wp\/v2\/pages"}],"about":[{"href":"https:\/\/www.sunballast.com\/fr\/wp-json\/wp\/v2\/types\/page"}],"author":[{"embeddable":true,"href":"https:\/\/www.sunballast.com\/fr\/wp-json\/wp\/v2\/users\/19"}],"replies":[{"embeddable":true,"href":"https:\/\/www.sunballast.com\/fr\/wp-json\/wp\/v2\/comments?post=429927"}],"version-history":[{"count":6,"href":"https:\/\/www.sunballast.com\/fr\/wp-json\/wp\/v2\/pages\/429927\/revisions"}],"predecessor-version":[{"id":430206,"href":"https:\/\/www.sunballast.com\/fr\/wp-json\/wp\/v2\/pages\/429927\/revisions\/430206"}],"up":[{"embeddable":true,"href":"https:\/\/www.sunballast.com\/fr\/wp-json\/wp\/v2\/pages\/7390"}],"wp:attachment":[{"href":"https:\/\/www.sunballast.com\/fr\/wp-json\/wp\/v2\/media?parent=429927"}],"wp:term":[{"taxonomy":"category","embeddable":true,"href":"https:\/\/www.sunballast.com\/fr\/wp-json\/wp\/v2\/categories?post=429927"},{"taxonomy":"post_tag","embeddable":true,"href":"https:\/\/www.sunballast.com\/fr\/wp-json\/wp\/v2\/tags?post=429927"}],"curies":[{"name":"wp","href":"https:\/\/api.w.org\/{rel}","templated":true}]}}