{"id":40830,"date":"2021-11-02T10:30:40","date_gmt":"2021-11-02T09:30:40","guid":{"rendered":"http:\/\/www.sunballast.com\/insun\/"},"modified":"2025-04-09T10:34:35","modified_gmt":"2025-04-09T08:34:35","slug":"concevez-votre-pv-installation","status":"publish","type":"page","link":"https:\/\/www.sunballast.com\/fr\/concevez-votre-pv-installation\/","title":{"rendered":"Concevez votre PV installation"},"content":{"rendered":"","protected":false},"excerpt":{"rendered":"","protected":false},"author":1,"featured_media":0,"parent":0,"menu_order":182,"comment_status":"closed","ping_status":"closed","template":"page-templates\/insun.php","meta":{"inline_featured_image":false,"footnotes":""},"categories":[],"tags":[],"acf":[],"yoast_head":"<!-- This site is optimized with the Yoast SEO plugin v21.2 - https:\/\/yoast.com\/wordpress\/plugins\/seo\/ -->\n<title>Logiciel de conception des installations photovolta\u00efques avec Sun Ballast<\/title>\n<meta name=\"description\" content=\"D\u00e9couvrez le meilleur logiciel pour concevoir un syst\u00e8me photovolta\u00efque. Tout \u00e0 port\u00e9e de main en quelques clics. Visitez le site Sun Ballast\" \/>\n<meta name=\"robots\" content=\"index, follow, max-snippet:-1, max-image-preview:large, max-video-preview:-1\" \/>\n<link rel=\"canonical\" href=\"https:\/\/www.sunballast.com\/fr\/concevez-votre-pv-installation\/\" \/>\n<meta property=\"og:locale\" content=\"fr_FR\" \/>\n<meta property=\"og:type\" content=\"article\" \/>\n<meta property=\"og:title\" content=\"Logiciel de conception des installations photovolta\u00efques avec Sun Ballast\" \/>\n<meta property=\"og:description\" content=\"D\u00e9couvrez le meilleur logiciel pour concevoir un syst\u00e8me photovolta\u00efque. Tout \u00e0 port\u00e9e de main en quelques clics. Visitez le site Sun Ballast\" \/>\n<meta property=\"og:url\" content=\"https:\/\/www.sunballast.com\/fr\/concevez-votre-pv-installation\/\" \/>\n<meta property=\"og:site_name\" content=\"Sunballast\" \/>\n<meta property=\"article:publisher\" content=\"https:\/\/www.facebook.com\/sunballast\" \/>\n<meta property=\"article:modified_time\" content=\"2025-04-09T08:34:35+00:00\" \/>\n<meta name=\"twitter:card\" content=\"summary_large_image\" \/>\n<script type=\"application\/ld+json\" class=\"yoast-schema-graph\">{\"@context\":\"https:\/\/schema.org\",\"@graph\":[{\"@type\":\"WebPage\",\"@id\":\"https:\/\/www.sunballast.com\/fr\/concevez-votre-pv-installation\/\",\"url\":\"https:\/\/www.sunballast.com\/fr\/concevez-votre-pv-installation\/\",\"name\":\"Logiciel de conception des installations photovolta\u00efques avec Sun Ballast\",\"isPartOf\":{\"@id\":\"https:\/\/www.sunballast.com\/fr\/#website\"},\"datePublished\":\"2021-11-02T09:30:40+00:00\",\"dateModified\":\"2025-04-09T08:34:35+00:00\",\"description\":\"D\u00e9couvrez le meilleur logiciel pour concevoir un syst\u00e8me photovolta\u00efque. Tout \u00e0 port\u00e9e de main en quelques clics. Visitez le site Sun Ballast\",\"inLanguage\":\"fr-FR\",\"potentialAction\":[{\"@type\":\"ReadAction\",\"target\":[\"https:\/\/www.sunballast.com\/fr\/concevez-votre-pv-installation\/\"]}]},{\"@type\":\"WebSite\",\"@id\":\"https:\/\/www.sunballast.com\/fr\/#website\",\"url\":\"https:\/\/www.sunballast.com\/fr\/\",\"name\":\"Sunballast\",\"description\":\"Un nuovo sito targato WordPress\",\"potentialAction\":[{\"@type\":\"SearchAction\",\"target\":{\"@type\":\"EntryPoint\",\"urlTemplate\":\"https:\/\/www.sunballast.com\/fr\/?s={search_term_string}\"},\"query-input\":\"required name=search_term_string\"}],\"inLanguage\":\"fr-FR\"}]}<\/script>\n<!-- \/ Yoast SEO plugin. -->","yoast_head_json":{"title":"Logiciel de conception des installations photovolta\u00efques avec Sun Ballast","description":"D\u00e9couvrez le meilleur logiciel pour concevoir un syst\u00e8me photovolta\u00efque. Tout \u00e0 port\u00e9e de main en quelques clics. Visitez le site Sun Ballast","robots":{"index":"index","follow":"follow","max-snippet":"max-snippet:-1","max-image-preview":"max-image-preview:large","max-video-preview":"max-video-preview:-1"},"canonical":"https:\/\/www.sunballast.com\/fr\/concevez-votre-pv-installation\/","og_locale":"fr_FR","og_type":"article","og_title":"Logiciel de conception des installations photovolta\u00efques avec Sun Ballast","og_description":"D\u00e9couvrez le meilleur logiciel pour concevoir un syst\u00e8me photovolta\u00efque. Tout \u00e0 port\u00e9e de main en quelques clics. Visitez le site Sun Ballast","og_url":"https:\/\/www.sunballast.com\/fr\/concevez-votre-pv-installation\/","og_site_name":"Sunballast","article_publisher":"https:\/\/www.facebook.com\/sunballast","article_modified_time":"2025-04-09T08:34:35+00:00","twitter_card":"summary_large_image","schema":{"@context":"https:\/\/schema.org","@graph":[{"@type":"WebPage","@id":"https:\/\/www.sunballast.com\/fr\/concevez-votre-pv-installation\/","url":"https:\/\/www.sunballast.com\/fr\/concevez-votre-pv-installation\/","name":"Logiciel de conception des installations photovolta\u00efques avec Sun Ballast","isPartOf":{"@id":"https:\/\/www.sunballast.com\/fr\/#website"},"datePublished":"2021-11-02T09:30:40+00:00","dateModified":"2025-04-09T08:34:35+00:00","description":"D\u00e9couvrez le meilleur logiciel pour concevoir un syst\u00e8me photovolta\u00efque. Tout \u00e0 port\u00e9e de main en quelques clics. Visitez le site Sun Ballast","inLanguage":"fr-FR","potentialAction":[{"@type":"ReadAction","target":["https:\/\/www.sunballast.com\/fr\/concevez-votre-pv-installation\/"]}]},{"@type":"WebSite","@id":"https:\/\/www.sunballast.com\/fr\/#website","url":"https:\/\/www.sunballast.com\/fr\/","name":"Sunballast","description":"Un nuovo sito targato WordPress","potentialAction":[{"@type":"SearchAction","target":{"@type":"EntryPoint","urlTemplate":"https:\/\/www.sunballast.com\/fr\/?s={search_term_string}"},"query-input":"required name=search_term_string"}],"inLanguage":"fr-FR"}]}},"_links":{"self":[{"href":"https:\/\/www.sunballast.com\/fr\/wp-json\/wp\/v2\/pages\/40830"}],"collection":[{"href":"https:\/\/www.sunballast.com\/fr\/wp-json\/wp\/v2\/pages"}],"about":[{"href":"https:\/\/www.sunballast.com\/fr\/wp-json\/wp\/v2\/types\/page"}],"author":[{"embeddable":true,"href":"https:\/\/www.sunballast.com\/fr\/wp-json\/wp\/v2\/users\/1"}],"replies":[{"embeddable":true,"href":"https:\/\/www.sunballast.com\/fr\/wp-json\/wp\/v2\/comments?post=40830"}],"version-history":[{"count":28,"href":"https:\/\/www.sunballast.com\/fr\/wp-json\/wp\/v2\/pages\/40830\/revisions"}],"predecessor-version":[{"id":422256,"href":"https:\/\/www.sunballast.com\/fr\/wp-json\/wp\/v2\/pages\/40830\/revisions\/422256"}],"wp:attachment":[{"href":"https:\/\/www.sunballast.com\/fr\/wp-json\/wp\/v2\/media?parent=40830"}],"wp:term":[{"taxonomy":"category","embeddable":true,"href":"https:\/\/www.sunballast.com\/fr\/wp-json\/wp\/v2\/categories?post=40830"},{"taxonomy":"post_tag","embeddable":true,"href":"https:\/\/www.sunballast.com\/fr\/wp-json\/wp\/v2\/tags?post=40830"}],"curies":[{"name":"wp","href":"https:\/\/api.w.org\/{rel}","templated":true}]}}