{"id":10469,"date":"2020-10-28T11:54:39","date_gmt":"2020-10-28T10:54:39","guid":{"rendered":"http:\/\/sunballast.addictionlab.it\/structures-pour-toits-plats\/zavorra-30-1\/"},"modified":"2024-07-22T17:47:13","modified_gmt":"2024-07-22T15:47:13","slug":"ballast-30-1","status":"publish","type":"page","link":"https:\/\/www.sunballast.com\/fr\/structures-pour-toits-plats\/ballast-30-1\/","title":{"rendered":"Ballast 30\u00b0.1"},"content":{"rendered":"","protected":false},"excerpt":{"rendered":"","protected":false},"author":1,"featured_media":0,"parent":7390,"menu_order":427,"comment_status":"closed","ping_status":"closed","template":"page-templates\/dettaglio-prodotto.php","meta":{"inline_featured_image":false,"footnotes":""},"categories":[63],"tags":[],"acf":[],"yoast_head":"<!-- This site is optimized with the Yoast SEO plugin v21.2 - https:\/\/yoast.com\/wordpress\/plugins\/seo\/ -->\n<title>Ballast 30\u00b0.1 inclinaison toits plats photovolta\u00efques - Sun Ballast<\/title>\n<meta name=\"description\" content=\"Le ballast 30 . 1 degr\u00e9s d\u2019inclinaison est la solution parfaite pour avoir une plus grande inclinaison m\u00eame en pr\u00e9sence de zones venteuses. D\u00e9couvrez\" \/>\n<meta name=\"robots\" content=\"index, follow, max-snippet:-1, max-image-preview:large, max-video-preview:-1\" \/>\n<link rel=\"canonical\" href=\"https:\/\/www.sunballast.com\/fr\/structures-pour-toits-plats\/ballast-30-1\/\" \/>\n<meta property=\"og:locale\" content=\"fr_FR\" \/>\n<meta property=\"og:type\" content=\"article\" \/>\n<meta property=\"og:title\" content=\"Ballast 30\u00b0.1 inclinaison toits plats photovolta\u00efques - Sun Ballast\" \/>\n<meta property=\"og:description\" content=\"Le ballast 30 . 1 degr\u00e9s d\u2019inclinaison est la solution parfaite pour avoir une plus grande inclinaison m\u00eame en pr\u00e9sence de zones venteuses. D\u00e9couvrez\" \/>\n<meta property=\"og:url\" content=\"https:\/\/www.sunballast.com\/fr\/structures-pour-toits-plats\/ballast-30-1\/\" \/>\n<meta property=\"og:site_name\" content=\"Sunballast\" \/>\n<meta property=\"article:publisher\" content=\"https:\/\/www.facebook.com\/sunballast\" \/>\n<meta property=\"article:modified_time\" content=\"2024-07-22T15:47:13+00:00\" \/>\n<meta name=\"twitter:card\" content=\"summary_large_image\" \/>\n<script type=\"application\/ld+json\" class=\"yoast-schema-graph\">{\"@context\":\"https:\/\/schema.org\",\"@graph\":[{\"@type\":\"WebPage\",\"@id\":\"https:\/\/www.sunballast.com\/fr\/structures-pour-toits-plats\/ballast-30-1\/\",\"url\":\"https:\/\/www.sunballast.com\/fr\/structures-pour-toits-plats\/ballast-30-1\/\",\"name\":\"Ballast 30\u00b0.1 inclinaison toits plats photovolta\u00efques - Sun Ballast\",\"isPartOf\":{\"@id\":\"https:\/\/www.sunballast.com\/fr\/#website\"},\"datePublished\":\"2020-10-28T10:54:39+00:00\",\"dateModified\":\"2024-07-22T15:47:13+00:00\",\"description\":\"Le ballast 30 . 1 degr\u00e9s d\u2019inclinaison est la solution parfaite pour avoir une plus grande inclinaison m\u00eame en pr\u00e9sence de zones venteuses. D\u00e9couvrez\",\"breadcrumb\":{\"@id\":\"https:\/\/www.sunballast.com\/fr\/structures-pour-toits-plats\/ballast-30-1\/#breadcrumb\"},\"inLanguage\":\"fr-FR\",\"potentialAction\":[{\"@type\":\"ReadAction\",\"target\":[\"https:\/\/www.sunballast.com\/fr\/structures-pour-toits-plats\/ballast-30-1\/\"]}]},{\"@type\":\"BreadcrumbList\",\"@id\":\"https:\/\/www.sunballast.com\/fr\/structures-pour-toits-plats\/ballast-30-1\/#breadcrumb\",\"itemListElement\":[{\"@type\":\"ListItem\",\"position\":1,\"name\":\"Structures pour toits plats\",\"item\":\"https:\/\/www.sunballast.com\/fr\/structures-pour-toits-plats\/\"},{\"@type\":\"ListItem\",\"position\":2,\"name\":\"Ballast 30\u00b0.1\"}]},{\"@type\":\"WebSite\",\"@id\":\"https:\/\/www.sunballast.com\/fr\/#website\",\"url\":\"https:\/\/www.sunballast.com\/fr\/\",\"name\":\"Sunballast\",\"description\":\"Un nuovo sito targato WordPress\",\"potentialAction\":[{\"@type\":\"SearchAction\",\"target\":{\"@type\":\"EntryPoint\",\"urlTemplate\":\"https:\/\/www.sunballast.com\/fr\/?s={search_term_string}\"},\"query-input\":\"required name=search_term_string\"}],\"inLanguage\":\"fr-FR\"}]}<\/script>\n<!-- \/ Yoast SEO plugin. -->","yoast_head_json":{"title":"Ballast 30\u00b0.1 inclinaison toits plats photovolta\u00efques - Sun Ballast","description":"Le ballast 30 . 1 degr\u00e9s d\u2019inclinaison est la solution parfaite pour avoir une plus grande inclinaison m\u00eame en pr\u00e9sence de zones venteuses. D\u00e9couvrez","robots":{"index":"index","follow":"follow","max-snippet":"max-snippet:-1","max-image-preview":"max-image-preview:large","max-video-preview":"max-video-preview:-1"},"canonical":"https:\/\/www.sunballast.com\/fr\/structures-pour-toits-plats\/ballast-30-1\/","og_locale":"fr_FR","og_type":"article","og_title":"Ballast 30\u00b0.1 inclinaison toits plats photovolta\u00efques - Sun Ballast","og_description":"Le ballast 30 . 1 degr\u00e9s d\u2019inclinaison est la solution parfaite pour avoir une plus grande inclinaison m\u00eame en pr\u00e9sence de zones venteuses. D\u00e9couvrez","og_url":"https:\/\/www.sunballast.com\/fr\/structures-pour-toits-plats\/ballast-30-1\/","og_site_name":"Sunballast","article_publisher":"https:\/\/www.facebook.com\/sunballast","article_modified_time":"2024-07-22T15:47:13+00:00","twitter_card":"summary_large_image","schema":{"@context":"https:\/\/schema.org","@graph":[{"@type":"WebPage","@id":"https:\/\/www.sunballast.com\/fr\/structures-pour-toits-plats\/ballast-30-1\/","url":"https:\/\/www.sunballast.com\/fr\/structures-pour-toits-plats\/ballast-30-1\/","name":"Ballast 30\u00b0.1 inclinaison toits plats photovolta\u00efques - Sun Ballast","isPartOf":{"@id":"https:\/\/www.sunballast.com\/fr\/#website"},"datePublished":"2020-10-28T10:54:39+00:00","dateModified":"2024-07-22T15:47:13+00:00","description":"Le ballast 30 . 1 degr\u00e9s d\u2019inclinaison est la solution parfaite pour avoir une plus grande inclinaison m\u00eame en pr\u00e9sence de zones venteuses. D\u00e9couvrez","breadcrumb":{"@id":"https:\/\/www.sunballast.com\/fr\/structures-pour-toits-plats\/ballast-30-1\/#breadcrumb"},"inLanguage":"fr-FR","potentialAction":[{"@type":"ReadAction","target":["https:\/\/www.sunballast.com\/fr\/structures-pour-toits-plats\/ballast-30-1\/"]}]},{"@type":"BreadcrumbList","@id":"https:\/\/www.sunballast.com\/fr\/structures-pour-toits-plats\/ballast-30-1\/#breadcrumb","itemListElement":[{"@type":"ListItem","position":1,"name":"Structures pour toits plats","item":"https:\/\/www.sunballast.com\/fr\/structures-pour-toits-plats\/"},{"@type":"ListItem","position":2,"name":"Ballast 30\u00b0.1"}]},{"@type":"WebSite","@id":"https:\/\/www.sunballast.com\/fr\/#website","url":"https:\/\/www.sunballast.com\/fr\/","name":"Sunballast","description":"Un nuovo sito targato WordPress","potentialAction":[{"@type":"SearchAction","target":{"@type":"EntryPoint","urlTemplate":"https:\/\/www.sunballast.com\/fr\/?s={search_term_string}"},"query-input":"required name=search_term_string"}],"inLanguage":"fr-FR"}]}},"_links":{"self":[{"href":"https:\/\/www.sunballast.com\/fr\/wp-json\/wp\/v2\/pages\/10469"}],"collection":[{"href":"https:\/\/www.sunballast.com\/fr\/wp-json\/wp\/v2\/pages"}],"about":[{"href":"https:\/\/www.sunballast.com\/fr\/wp-json\/wp\/v2\/types\/page"}],"author":[{"embeddable":true,"href":"https:\/\/www.sunballast.com\/fr\/wp-json\/wp\/v2\/users\/1"}],"replies":[{"embeddable":true,"href":"https:\/\/www.sunballast.com\/fr\/wp-json\/wp\/v2\/comments?post=10469"}],"version-history":[{"count":20,"href":"https:\/\/www.sunballast.com\/fr\/wp-json\/wp\/v2\/pages\/10469\/revisions"}],"predecessor-version":[{"id":431343,"href":"https:\/\/www.sunballast.com\/fr\/wp-json\/wp\/v2\/pages\/10469\/revisions\/431343"}],"up":[{"embeddable":true,"href":"https:\/\/www.sunballast.com\/fr\/wp-json\/wp\/v2\/pages\/7390"}],"wp:attachment":[{"href":"https:\/\/www.sunballast.com\/fr\/wp-json\/wp\/v2\/media?parent=10469"}],"wp:term":[{"taxonomy":"category","embeddable":true,"href":"https:\/\/www.sunballast.com\/fr\/wp-json\/wp\/v2\/categories?post=10469"},{"taxonomy":"post_tag","embeddable":true,"href":"https:\/\/www.sunballast.com\/fr\/wp-json\/wp\/v2\/tags?post=10469"}],"curies":[{"name":"wp","href":"https:\/\/api.w.org\/{rel}","templated":true}]}}