{"id":10429,"date":"2020-10-28T15:10:41","date_gmt":"2020-10-28T14:10:41","guid":{"rendered":"http:\/\/sunballast.addictionlab.it\/structures-pour-toits-plats\/zavorra-10\/"},"modified":"2024-07-22T17:41:01","modified_gmt":"2024-07-22T15:41:01","slug":"ballast-10","status":"publish","type":"page","link":"https:\/\/www.sunballast.com\/fr\/structures-pour-toits-plats\/ballast-10\/","title":{"rendered":"Ballast 10\u00b0"},"content":{"rendered":"","protected":false},"excerpt":{"rendered":"","protected":false},"author":1,"featured_media":0,"parent":7390,"menu_order":385,"comment_status":"closed","ping_status":"closed","template":"page-templates\/dettaglio-prodotto.php","meta":{"inline_featured_image":false,"footnotes":""},"categories":[63],"tags":[],"acf":[],"yoast_head":"<!-- This site is optimized with the Yoast SEO plugin v21.2 - https:\/\/yoast.com\/wordpress\/plugins\/seo\/ -->\n<title>B 10\u00b0 60 KG pour les installations photovolta\u00efques - Sunballastallast<\/title>\n<meta name=\"description\" content=\"D\u00e9couvrez le ballast pour les installations photovolta\u00efques de 10\u00b0 il \u00e0 la fois la fonction de support et de ballast pour les panneaux photovolta\u00efques\" \/>\n<meta name=\"robots\" content=\"index, follow, max-snippet:-1, max-image-preview:large, max-video-preview:-1\" \/>\n<link rel=\"canonical\" href=\"https:\/\/www.sunballast.com\/fr\/structures-pour-toits-plats\/ballast-10\/\" \/>\n<meta property=\"og:locale\" content=\"fr_FR\" \/>\n<meta property=\"og:type\" content=\"article\" \/>\n<meta property=\"og:title\" content=\"B 10\u00b0 60 KG pour les installations photovolta\u00efques - Sunballastallast\" \/>\n<meta property=\"og:description\" content=\"D\u00e9couvrez le ballast pour les installations photovolta\u00efques de 10\u00b0 il \u00e0 la fois la fonction de support et de ballast pour les panneaux photovolta\u00efques\" \/>\n<meta property=\"og:url\" content=\"https:\/\/www.sunballast.com\/fr\/structures-pour-toits-plats\/ballast-10\/\" \/>\n<meta property=\"og:site_name\" content=\"Sunballast\" \/>\n<meta property=\"article:publisher\" content=\"https:\/\/www.facebook.com\/sunballast\" \/>\n<meta property=\"article:modified_time\" content=\"2024-07-22T15:41:01+00:00\" \/>\n<meta name=\"twitter:card\" content=\"summary_large_image\" \/>\n<script type=\"application\/ld+json\" class=\"yoast-schema-graph\">{\"@context\":\"https:\/\/schema.org\",\"@graph\":[{\"@type\":\"WebPage\",\"@id\":\"https:\/\/www.sunballast.com\/fr\/structures-pour-toits-plats\/ballast-10\/\",\"url\":\"https:\/\/www.sunballast.com\/fr\/structures-pour-toits-plats\/ballast-10\/\",\"name\":\"B 10\u00b0 60 KG pour les installations photovolta\u00efques - Sunballastallast\",\"isPartOf\":{\"@id\":\"https:\/\/www.sunballast.com\/fr\/#website\"},\"datePublished\":\"2020-10-28T14:10:41+00:00\",\"dateModified\":\"2024-07-22T15:41:01+00:00\",\"description\":\"D\u00e9couvrez le ballast pour les installations photovolta\u00efques de 10\u00b0 il \u00e0 la fois la fonction de support et de ballast pour les panneaux photovolta\u00efques\",\"breadcrumb\":{\"@id\":\"https:\/\/www.sunballast.com\/fr\/structures-pour-toits-plats\/ballast-10\/#breadcrumb\"},\"inLanguage\":\"fr-FR\",\"potentialAction\":[{\"@type\":\"ReadAction\",\"target\":[\"https:\/\/www.sunballast.com\/fr\/structures-pour-toits-plats\/ballast-10\/\"]}]},{\"@type\":\"BreadcrumbList\",\"@id\":\"https:\/\/www.sunballast.com\/fr\/structures-pour-toits-plats\/ballast-10\/#breadcrumb\",\"itemListElement\":[{\"@type\":\"ListItem\",\"position\":1,\"name\":\"Structures pour toits plats\",\"item\":\"https:\/\/www.sunballast.com\/fr\/structures-pour-toits-plats\/\"},{\"@type\":\"ListItem\",\"position\":2,\"name\":\"Ballast 10\u00b0\"}]},{\"@type\":\"WebSite\",\"@id\":\"https:\/\/www.sunballast.com\/fr\/#website\",\"url\":\"https:\/\/www.sunballast.com\/fr\/\",\"name\":\"Sunballast\",\"description\":\"Un nuovo sito targato WordPress\",\"potentialAction\":[{\"@type\":\"SearchAction\",\"target\":{\"@type\":\"EntryPoint\",\"urlTemplate\":\"https:\/\/www.sunballast.com\/fr\/?s={search_term_string}\"},\"query-input\":\"required name=search_term_string\"}],\"inLanguage\":\"fr-FR\"}]}<\/script>\n<!-- \/ Yoast SEO plugin. -->","yoast_head_json":{"title":"B 10\u00b0 60 KG pour les installations photovolta\u00efques - Sunballastallast","description":"D\u00e9couvrez le ballast pour les installations photovolta\u00efques de 10\u00b0 il \u00e0 la fois la fonction de support et de ballast pour les panneaux photovolta\u00efques","robots":{"index":"index","follow":"follow","max-snippet":"max-snippet:-1","max-image-preview":"max-image-preview:large","max-video-preview":"max-video-preview:-1"},"canonical":"https:\/\/www.sunballast.com\/fr\/structures-pour-toits-plats\/ballast-10\/","og_locale":"fr_FR","og_type":"article","og_title":"B 10\u00b0 60 KG pour les installations photovolta\u00efques - Sunballastallast","og_description":"D\u00e9couvrez le ballast pour les installations photovolta\u00efques de 10\u00b0 il \u00e0 la fois la fonction de support et de ballast pour les panneaux photovolta\u00efques","og_url":"https:\/\/www.sunballast.com\/fr\/structures-pour-toits-plats\/ballast-10\/","og_site_name":"Sunballast","article_publisher":"https:\/\/www.facebook.com\/sunballast","article_modified_time":"2024-07-22T15:41:01+00:00","twitter_card":"summary_large_image","schema":{"@context":"https:\/\/schema.org","@graph":[{"@type":"WebPage","@id":"https:\/\/www.sunballast.com\/fr\/structures-pour-toits-plats\/ballast-10\/","url":"https:\/\/www.sunballast.com\/fr\/structures-pour-toits-plats\/ballast-10\/","name":"B 10\u00b0 60 KG pour les installations photovolta\u00efques - Sunballastallast","isPartOf":{"@id":"https:\/\/www.sunballast.com\/fr\/#website"},"datePublished":"2020-10-28T14:10:41+00:00","dateModified":"2024-07-22T15:41:01+00:00","description":"D\u00e9couvrez le ballast pour les installations photovolta\u00efques de 10\u00b0 il \u00e0 la fois la fonction de support et de ballast pour les panneaux photovolta\u00efques","breadcrumb":{"@id":"https:\/\/www.sunballast.com\/fr\/structures-pour-toits-plats\/ballast-10\/#breadcrumb"},"inLanguage":"fr-FR","potentialAction":[{"@type":"ReadAction","target":["https:\/\/www.sunballast.com\/fr\/structures-pour-toits-plats\/ballast-10\/"]}]},{"@type":"BreadcrumbList","@id":"https:\/\/www.sunballast.com\/fr\/structures-pour-toits-plats\/ballast-10\/#breadcrumb","itemListElement":[{"@type":"ListItem","position":1,"name":"Structures pour toits plats","item":"https:\/\/www.sunballast.com\/fr\/structures-pour-toits-plats\/"},{"@type":"ListItem","position":2,"name":"Ballast 10\u00b0"}]},{"@type":"WebSite","@id":"https:\/\/www.sunballast.com\/fr\/#website","url":"https:\/\/www.sunballast.com\/fr\/","name":"Sunballast","description":"Un nuovo sito targato WordPress","potentialAction":[{"@type":"SearchAction","target":{"@type":"EntryPoint","urlTemplate":"https:\/\/www.sunballast.com\/fr\/?s={search_term_string}"},"query-input":"required name=search_term_string"}],"inLanguage":"fr-FR"}]}},"_links":{"self":[{"href":"https:\/\/www.sunballast.com\/fr\/wp-json\/wp\/v2\/pages\/10429"}],"collection":[{"href":"https:\/\/www.sunballast.com\/fr\/wp-json\/wp\/v2\/pages"}],"about":[{"href":"https:\/\/www.sunballast.com\/fr\/wp-json\/wp\/v2\/types\/page"}],"author":[{"embeddable":true,"href":"https:\/\/www.sunballast.com\/fr\/wp-json\/wp\/v2\/users\/1"}],"replies":[{"embeddable":true,"href":"https:\/\/www.sunballast.com\/fr\/wp-json\/wp\/v2\/comments?post=10429"}],"version-history":[{"count":19,"href":"https:\/\/www.sunballast.com\/fr\/wp-json\/wp\/v2\/pages\/10429\/revisions"}],"predecessor-version":[{"id":129724,"href":"https:\/\/www.sunballast.com\/fr\/wp-json\/wp\/v2\/pages\/10429\/revisions\/129724"}],"up":[{"embeddable":true,"href":"https:\/\/www.sunballast.com\/fr\/wp-json\/wp\/v2\/pages\/7390"}],"wp:attachment":[{"href":"https:\/\/www.sunballast.com\/fr\/wp-json\/wp\/v2\/media?parent=10429"}],"wp:term":[{"taxonomy":"category","embeddable":true,"href":"https:\/\/www.sunballast.com\/fr\/wp-json\/wp\/v2\/categories?post=10429"},{"taxonomy":"post_tag","embeddable":true,"href":"https:\/\/www.sunballast.com\/fr\/wp-json\/wp\/v2\/tags?post=10429"}],"curies":[{"name":"wp","href":"https:\/\/api.w.org\/{rel}","templated":true}]}}