{"id":10405,"date":"2020-10-28T14:04:13","date_gmt":"2020-10-28T13:04:13","guid":{"rendered":"http:\/\/sunballast.addictionlab.it\/structures-pour-toits-plats\/zavorre-5-singole-e-sistemi-a-vela\/"},"modified":"2024-07-23T09:20:13","modified_gmt":"2024-07-23T07:20:13","slug":"systeme-5-en-voile-et-file-unique","status":"publish","type":"page","link":"https:\/\/www.sunballast.com\/fr\/structures-pour-toits-plats\/systeme-5-en-voile-et-file-unique\/","title":{"rendered":"BALLAST 5\u00b0 SINGULIER  ET SYST\u00c8MES \u00c0 VOILE"},"content":{"rendered":"","protected":false},"excerpt":{"rendered":"","protected":false},"author":1,"featured_media":0,"parent":7390,"menu_order":372,"comment_status":"closed","ping_status":"closed","template":"page-templates\/dettaglio-prodotto.php","meta":{"inline_featured_image":false,"footnotes":""},"categories":[63],"tags":[],"acf":[],"yoast_head":"<!-- This site is optimized with the Yoast SEO plugin v21.2 - https:\/\/yoast.com\/wordpress\/plugins\/seo\/ -->\n<title>B 5\u00b0 syst\u00e8me en voile pour les installations photovolta\u00efques - Sunballastallast<\/title>\n<meta name=\"description\" content=\"D\u00e9couvrez le syst\u00e8me en voile et le ballast 5\u00b0. La solution id\u00e9ale pour les installations photovolta\u00efques qui posent des probl\u00e8mes d\u2019espace\" \/>\n<meta name=\"robots\" content=\"index, follow, max-snippet:-1, max-image-preview:large, max-video-preview:-1\" \/>\n<link rel=\"canonical\" href=\"https:\/\/www.sunballast.com\/fr\/structures-pour-toits-plats\/systeme-5-en-voile-et-file-unique\/\" \/>\n<meta property=\"og:locale\" content=\"fr_FR\" \/>\n<meta property=\"og:type\" content=\"article\" \/>\n<meta property=\"og:title\" content=\"B 5\u00b0 syst\u00e8me en voile pour les installations photovolta\u00efques - Sunballastallast\" \/>\n<meta property=\"og:description\" content=\"D\u00e9couvrez le syst\u00e8me en voile et le ballast 5\u00b0. La solution id\u00e9ale pour les installations photovolta\u00efques qui posent des probl\u00e8mes d\u2019espace\" \/>\n<meta property=\"og:url\" content=\"https:\/\/www.sunballast.com\/fr\/structures-pour-toits-plats\/systeme-5-en-voile-et-file-unique\/\" \/>\n<meta property=\"og:site_name\" content=\"Sunballast\" \/>\n<meta property=\"article:publisher\" content=\"https:\/\/www.facebook.com\/sunballast\" \/>\n<meta property=\"article:modified_time\" content=\"2024-07-23T07:20:13+00:00\" \/>\n<meta name=\"twitter:card\" content=\"summary_large_image\" \/>\n<script type=\"application\/ld+json\" class=\"yoast-schema-graph\">{\"@context\":\"https:\/\/schema.org\",\"@graph\":[{\"@type\":\"WebPage\",\"@id\":\"https:\/\/www.sunballast.com\/fr\/structures-pour-toits-plats\/systeme-5-en-voile-et-file-unique\/\",\"url\":\"https:\/\/www.sunballast.com\/fr\/structures-pour-toits-plats\/systeme-5-en-voile-et-file-unique\/\",\"name\":\"B 5\u00b0 syst\u00e8me en voile pour les installations photovolta\u00efques - Sunballastallast\",\"isPartOf\":{\"@id\":\"https:\/\/www.sunballast.com\/fr\/#website\"},\"datePublished\":\"2020-10-28T13:04:13+00:00\",\"dateModified\":\"2024-07-23T07:20:13+00:00\",\"description\":\"D\u00e9couvrez le syst\u00e8me en voile et le ballast 5\u00b0. La solution id\u00e9ale pour les installations photovolta\u00efques qui posent des probl\u00e8mes d\u2019espace\",\"breadcrumb\":{\"@id\":\"https:\/\/www.sunballast.com\/fr\/structures-pour-toits-plats\/systeme-5-en-voile-et-file-unique\/#breadcrumb\"},\"inLanguage\":\"fr-FR\",\"potentialAction\":[{\"@type\":\"ReadAction\",\"target\":[\"https:\/\/www.sunballast.com\/fr\/structures-pour-toits-plats\/systeme-5-en-voile-et-file-unique\/\"]}]},{\"@type\":\"BreadcrumbList\",\"@id\":\"https:\/\/www.sunballast.com\/fr\/structures-pour-toits-plats\/systeme-5-en-voile-et-file-unique\/#breadcrumb\",\"itemListElement\":[{\"@type\":\"ListItem\",\"position\":1,\"name\":\"Structures pour toits plats\",\"item\":\"https:\/\/www.sunballast.com\/fr\/structures-pour-toits-plats\/\"},{\"@type\":\"ListItem\",\"position\":2,\"name\":\"BALLAST 5\u00b0 SINGULIER ET SYST\u00c8MES \u00c0 VOILE\"}]},{\"@type\":\"WebSite\",\"@id\":\"https:\/\/www.sunballast.com\/fr\/#website\",\"url\":\"https:\/\/www.sunballast.com\/fr\/\",\"name\":\"Sunballast\",\"description\":\"Un nuovo sito targato WordPress\",\"potentialAction\":[{\"@type\":\"SearchAction\",\"target\":{\"@type\":\"EntryPoint\",\"urlTemplate\":\"https:\/\/www.sunballast.com\/fr\/?s={search_term_string}\"},\"query-input\":\"required name=search_term_string\"}],\"inLanguage\":\"fr-FR\"}]}<\/script>\n<!-- \/ Yoast SEO plugin. -->","yoast_head_json":{"title":"B 5\u00b0 syst\u00e8me en voile pour les installations photovolta\u00efques - Sunballastallast","description":"D\u00e9couvrez le syst\u00e8me en voile et le ballast 5\u00b0. La solution id\u00e9ale pour les installations photovolta\u00efques qui posent des probl\u00e8mes d\u2019espace","robots":{"index":"index","follow":"follow","max-snippet":"max-snippet:-1","max-image-preview":"max-image-preview:large","max-video-preview":"max-video-preview:-1"},"canonical":"https:\/\/www.sunballast.com\/fr\/structures-pour-toits-plats\/systeme-5-en-voile-et-file-unique\/","og_locale":"fr_FR","og_type":"article","og_title":"B 5\u00b0 syst\u00e8me en voile pour les installations photovolta\u00efques - Sunballastallast","og_description":"D\u00e9couvrez le syst\u00e8me en voile et le ballast 5\u00b0. La solution id\u00e9ale pour les installations photovolta\u00efques qui posent des probl\u00e8mes d\u2019espace","og_url":"https:\/\/www.sunballast.com\/fr\/structures-pour-toits-plats\/systeme-5-en-voile-et-file-unique\/","og_site_name":"Sunballast","article_publisher":"https:\/\/www.facebook.com\/sunballast","article_modified_time":"2024-07-23T07:20:13+00:00","twitter_card":"summary_large_image","schema":{"@context":"https:\/\/schema.org","@graph":[{"@type":"WebPage","@id":"https:\/\/www.sunballast.com\/fr\/structures-pour-toits-plats\/systeme-5-en-voile-et-file-unique\/","url":"https:\/\/www.sunballast.com\/fr\/structures-pour-toits-plats\/systeme-5-en-voile-et-file-unique\/","name":"B 5\u00b0 syst\u00e8me en voile pour les installations photovolta\u00efques - Sunballastallast","isPartOf":{"@id":"https:\/\/www.sunballast.com\/fr\/#website"},"datePublished":"2020-10-28T13:04:13+00:00","dateModified":"2024-07-23T07:20:13+00:00","description":"D\u00e9couvrez le syst\u00e8me en voile et le ballast 5\u00b0. La solution id\u00e9ale pour les installations photovolta\u00efques qui posent des probl\u00e8mes d\u2019espace","breadcrumb":{"@id":"https:\/\/www.sunballast.com\/fr\/structures-pour-toits-plats\/systeme-5-en-voile-et-file-unique\/#breadcrumb"},"inLanguage":"fr-FR","potentialAction":[{"@type":"ReadAction","target":["https:\/\/www.sunballast.com\/fr\/structures-pour-toits-plats\/systeme-5-en-voile-et-file-unique\/"]}]},{"@type":"BreadcrumbList","@id":"https:\/\/www.sunballast.com\/fr\/structures-pour-toits-plats\/systeme-5-en-voile-et-file-unique\/#breadcrumb","itemListElement":[{"@type":"ListItem","position":1,"name":"Structures pour toits plats","item":"https:\/\/www.sunballast.com\/fr\/structures-pour-toits-plats\/"},{"@type":"ListItem","position":2,"name":"BALLAST 5\u00b0 SINGULIER ET SYST\u00c8MES \u00c0 VOILE"}]},{"@type":"WebSite","@id":"https:\/\/www.sunballast.com\/fr\/#website","url":"https:\/\/www.sunballast.com\/fr\/","name":"Sunballast","description":"Un nuovo sito targato WordPress","potentialAction":[{"@type":"SearchAction","target":{"@type":"EntryPoint","urlTemplate":"https:\/\/www.sunballast.com\/fr\/?s={search_term_string}"},"query-input":"required name=search_term_string"}],"inLanguage":"fr-FR"}]}},"_links":{"self":[{"href":"https:\/\/www.sunballast.com\/fr\/wp-json\/wp\/v2\/pages\/10405"}],"collection":[{"href":"https:\/\/www.sunballast.com\/fr\/wp-json\/wp\/v2\/pages"}],"about":[{"href":"https:\/\/www.sunballast.com\/fr\/wp-json\/wp\/v2\/types\/page"}],"author":[{"embeddable":true,"href":"https:\/\/www.sunballast.com\/fr\/wp-json\/wp\/v2\/users\/1"}],"replies":[{"embeddable":true,"href":"https:\/\/www.sunballast.com\/fr\/wp-json\/wp\/v2\/comments?post=10405"}],"version-history":[{"count":24,"href":"https:\/\/www.sunballast.com\/fr\/wp-json\/wp\/v2\/pages\/10405\/revisions"}],"predecessor-version":[{"id":129752,"href":"https:\/\/www.sunballast.com\/fr\/wp-json\/wp\/v2\/pages\/10405\/revisions\/129752"}],"up":[{"embeddable":true,"href":"https:\/\/www.sunballast.com\/fr\/wp-json\/wp\/v2\/pages\/7390"}],"wp:attachment":[{"href":"https:\/\/www.sunballast.com\/fr\/wp-json\/wp\/v2\/media?parent=10405"}],"wp:term":[{"taxonomy":"category","embeddable":true,"href":"https:\/\/www.sunballast.com\/fr\/wp-json\/wp\/v2\/categories?post=10405"},{"taxonomy":"post_tag","embeddable":true,"href":"https:\/\/www.sunballast.com\/fr\/wp-json\/wp\/v2\/tags?post=10405"}],"curies":[{"name":"wp","href":"https:\/\/api.w.org\/{rel}","templated":true}]}}