{"id":69842,"date":"2022-08-24T16:23:55","date_gmt":"2022-08-24T14:23:55","guid":{"rendered":"https:\/\/www.sunballast.com\/il-nostro-impegno-verso-l-ambiente\/"},"modified":"2022-10-14T09:55:21","modified_gmt":"2022-10-14T07:55:21","slug":"nuestro-compromiso-con-el-medio-ambiente","status":"publish","type":"page","link":"https:\/\/www.sunballast.com\/es\/nuestro-compromiso-con-el-medio-ambiente\/","title":{"rendered":"Compromiso con el medio ambiente"},"content":{"rendered":"","protected":false},"excerpt":{"rendered":"","protected":false},"author":1,"featured_media":0,"parent":0,"menu_order":143,"comment_status":"closed","ping_status":"closed","template":"page-templates\/il-nostro-impegno.php","meta":{"inline_featured_image":false,"footnotes":""},"categories":[],"tags":[],"acf":[],"yoast_head":"<!-- This site is optimized with the Yoast SEO plugin v21.2 - https:\/\/yoast.com\/wordpress\/plugins\/seo\/ -->\n<title>Nuestro apoyo a un planeta m\u00e1s limpio - Sun Ballast<\/title>\n<meta name=\"description\" content=\"Queremos un futuro mejor y un mundo m\u00e1s verde, queremos que el mundo cambie y queremos ser los promotores del cambio. M\u00e1s informaci\u00f3n en nuestra p\u00e1gina web\" \/>\n<meta name=\"robots\" content=\"index, follow, max-snippet:-1, max-image-preview:large, max-video-preview:-1\" \/>\n<link rel=\"canonical\" href=\"https:\/\/www.sunballast.com\/es\/nuestro-compromiso-con-el-medio-ambiente\/\" \/>\n<meta property=\"og:locale\" content=\"es_ES\" \/>\n<meta property=\"og:type\" content=\"article\" \/>\n<meta property=\"og:title\" content=\"Nuestro apoyo a un planeta m\u00e1s limpio - Sun Ballast\" \/>\n<meta property=\"og:description\" content=\"Queremos un futuro mejor y un mundo m\u00e1s verde, queremos que el mundo cambie y queremos ser los promotores del cambio. M\u00e1s informaci\u00f3n en nuestra p\u00e1gina web\" \/>\n<meta property=\"og:url\" content=\"https:\/\/www.sunballast.com\/es\/nuestro-compromiso-con-el-medio-ambiente\/\" \/>\n<meta property=\"og:site_name\" content=\"Sunballast\" \/>\n<meta property=\"article:publisher\" content=\"https:\/\/www.facebook.com\/sunballast\" \/>\n<meta property=\"article:modified_time\" content=\"2022-10-14T07:55:21+00:00\" \/>\n<meta name=\"twitter:card\" content=\"summary_large_image\" \/>\n<script type=\"application\/ld+json\" class=\"yoast-schema-graph\">{\"@context\":\"https:\/\/schema.org\",\"@graph\":[{\"@type\":\"WebPage\",\"@id\":\"https:\/\/www.sunballast.com\/es\/nuestro-compromiso-con-el-medio-ambiente\/\",\"url\":\"https:\/\/www.sunballast.com\/es\/nuestro-compromiso-con-el-medio-ambiente\/\",\"name\":\"Nuestro apoyo a un planeta m\u00e1s limpio - Sun Ballast\",\"isPartOf\":{\"@id\":\"https:\/\/www.sunballast.com\/es\/#website\"},\"datePublished\":\"2022-08-24T14:23:55+00:00\",\"dateModified\":\"2022-10-14T07:55:21+00:00\",\"description\":\"Queremos un futuro mejor y un mundo m\u00e1s verde, queremos que el mundo cambie y queremos ser los promotores del cambio. M\u00e1s informaci\u00f3n en nuestra p\u00e1gina web\",\"inLanguage\":\"es\",\"potentialAction\":[{\"@type\":\"ReadAction\",\"target\":[\"https:\/\/www.sunballast.com\/es\/nuestro-compromiso-con-el-medio-ambiente\/\"]}]},{\"@type\":\"WebSite\",\"@id\":\"https:\/\/www.sunballast.com\/es\/#website\",\"url\":\"https:\/\/www.sunballast.com\/es\/\",\"name\":\"Sunballast\",\"description\":\"Un nuovo sito targato WordPress\",\"potentialAction\":[{\"@type\":\"SearchAction\",\"target\":{\"@type\":\"EntryPoint\",\"urlTemplate\":\"https:\/\/www.sunballast.com\/es\/?s={search_term_string}\"},\"query-input\":\"required name=search_term_string\"}],\"inLanguage\":\"es\"}]}<\/script>\n<!-- \/ Yoast SEO plugin. -->","yoast_head_json":{"title":"Nuestro apoyo a un planeta m\u00e1s limpio - Sun Ballast","description":"Queremos un futuro mejor y un mundo m\u00e1s verde, queremos que el mundo cambie y queremos ser los promotores del cambio. M\u00e1s informaci\u00f3n en nuestra p\u00e1gina web","robots":{"index":"index","follow":"follow","max-snippet":"max-snippet:-1","max-image-preview":"max-image-preview:large","max-video-preview":"max-video-preview:-1"},"canonical":"https:\/\/www.sunballast.com\/es\/nuestro-compromiso-con-el-medio-ambiente\/","og_locale":"es_ES","og_type":"article","og_title":"Nuestro apoyo a un planeta m\u00e1s limpio - Sun Ballast","og_description":"Queremos un futuro mejor y un mundo m\u00e1s verde, queremos que el mundo cambie y queremos ser los promotores del cambio. M\u00e1s informaci\u00f3n en nuestra p\u00e1gina web","og_url":"https:\/\/www.sunballast.com\/es\/nuestro-compromiso-con-el-medio-ambiente\/","og_site_name":"Sunballast","article_publisher":"https:\/\/www.facebook.com\/sunballast","article_modified_time":"2022-10-14T07:55:21+00:00","twitter_card":"summary_large_image","schema":{"@context":"https:\/\/schema.org","@graph":[{"@type":"WebPage","@id":"https:\/\/www.sunballast.com\/es\/nuestro-compromiso-con-el-medio-ambiente\/","url":"https:\/\/www.sunballast.com\/es\/nuestro-compromiso-con-el-medio-ambiente\/","name":"Nuestro apoyo a un planeta m\u00e1s limpio - Sun Ballast","isPartOf":{"@id":"https:\/\/www.sunballast.com\/es\/#website"},"datePublished":"2022-08-24T14:23:55+00:00","dateModified":"2022-10-14T07:55:21+00:00","description":"Queremos un futuro mejor y un mundo m\u00e1s verde, queremos que el mundo cambie y queremos ser los promotores del cambio. M\u00e1s informaci\u00f3n en nuestra p\u00e1gina web","inLanguage":"es","potentialAction":[{"@type":"ReadAction","target":["https:\/\/www.sunballast.com\/es\/nuestro-compromiso-con-el-medio-ambiente\/"]}]},{"@type":"WebSite","@id":"https:\/\/www.sunballast.com\/es\/#website","url":"https:\/\/www.sunballast.com\/es\/","name":"Sunballast","description":"Un nuovo sito targato WordPress","potentialAction":[{"@type":"SearchAction","target":{"@type":"EntryPoint","urlTemplate":"https:\/\/www.sunballast.com\/es\/?s={search_term_string}"},"query-input":"required name=search_term_string"}],"inLanguage":"es"}]}},"_links":{"self":[{"href":"https:\/\/www.sunballast.com\/es\/wp-json\/wp\/v2\/pages\/69842"}],"collection":[{"href":"https:\/\/www.sunballast.com\/es\/wp-json\/wp\/v2\/pages"}],"about":[{"href":"https:\/\/www.sunballast.com\/es\/wp-json\/wp\/v2\/types\/page"}],"author":[{"embeddable":true,"href":"https:\/\/www.sunballast.com\/es\/wp-json\/wp\/v2\/users\/1"}],"replies":[{"embeddable":true,"href":"https:\/\/www.sunballast.com\/es\/wp-json\/wp\/v2\/comments?post=69842"}],"version-history":[{"count":8,"href":"https:\/\/www.sunballast.com\/es\/wp-json\/wp\/v2\/pages\/69842\/revisions"}],"predecessor-version":[{"id":76351,"href":"https:\/\/www.sunballast.com\/es\/wp-json\/wp\/v2\/pages\/69842\/revisions\/76351"}],"wp:attachment":[{"href":"https:\/\/www.sunballast.com\/es\/wp-json\/wp\/v2\/media?parent=69842"}],"wp:term":[{"taxonomy":"category","embeddable":true,"href":"https:\/\/www.sunballast.com\/es\/wp-json\/wp\/v2\/categories?post=69842"},{"taxonomy":"post_tag","embeddable":true,"href":"https:\/\/www.sunballast.com\/es\/wp-json\/wp\/v2\/tags?post=69842"}],"curies":[{"name":"wp","href":"https:\/\/api.w.org\/{rel}","templated":true}]}}