{"id":65729,"date":"2022-07-11T11:38:55","date_gmt":"2022-07-11T09:38:55","guid":{"rendered":"https:\/\/www.sunballast.com\/staff-new\/"},"modified":"2025-10-30T19:13:25","modified_gmt":"2025-10-30T18:13:25","slug":"staff","status":"publish","type":"page","link":"https:\/\/www.sunballast.com\/es\/staff\/","title":{"rendered":"Staff"},"content":{"rendered":"","protected":false},"excerpt":{"rendered":"","protected":false},"author":1,"featured_media":0,"parent":0,"menu_order":571,"comment_status":"closed","ping_status":"closed","template":"page-templates\/staff-new.php","meta":{"inline_featured_image":false,"footnotes":""},"categories":[],"tags":[],"acf":[],"yoast_head":"<!-- This site is optimized with the Yoast SEO plugin v21.2 - https:\/\/yoast.com\/wordpress\/plugins\/seo\/ -->\n<title>Referencias y contactos del personal del Sun Ballast<\/title>\n<meta name=\"description\" content=\"Log\u00edstica, compras, comercial, etc. Cualquier informaci\u00f3n que necesite para la instalaci\u00f3n de un sistema fotovoltaico, puede encontrarla aqu\u00ed.\" \/>\n<meta name=\"robots\" content=\"index, follow, max-snippet:-1, max-image-preview:large, max-video-preview:-1\" \/>\n<link rel=\"canonical\" href=\"https:\/\/www.sunballast.com\/es\/staff\/\" \/>\n<meta property=\"og:locale\" content=\"es_ES\" \/>\n<meta property=\"og:type\" content=\"article\" \/>\n<meta property=\"og:title\" content=\"Referencias y contactos del personal del Sun Ballast\" \/>\n<meta property=\"og:description\" content=\"Log\u00edstica, compras, comercial, etc. Cualquier informaci\u00f3n que necesite para la instalaci\u00f3n de un sistema fotovoltaico, puede encontrarla aqu\u00ed.\" \/>\n<meta property=\"og:url\" content=\"https:\/\/www.sunballast.com\/es\/staff\/\" \/>\n<meta property=\"og:site_name\" content=\"Sunballast\" \/>\n<meta property=\"article:publisher\" content=\"https:\/\/www.facebook.com\/sunballast\" \/>\n<meta property=\"article:modified_time\" content=\"2025-10-30T18:13:25+00:00\" \/>\n<meta name=\"twitter:card\" content=\"summary_large_image\" \/>\n<script type=\"application\/ld+json\" class=\"yoast-schema-graph\">{\"@context\":\"https:\/\/schema.org\",\"@graph\":[{\"@type\":\"WebPage\",\"@id\":\"https:\/\/www.sunballast.com\/es\/staff\/\",\"url\":\"https:\/\/www.sunballast.com\/es\/staff\/\",\"name\":\"Referencias y contactos del personal del Sun Ballast\",\"isPartOf\":{\"@id\":\"https:\/\/www.sunballast.com\/es\/#website\"},\"datePublished\":\"2022-07-11T09:38:55+00:00\",\"dateModified\":\"2025-10-30T18:13:25+00:00\",\"description\":\"Log\u00edstica, compras, comercial, etc. Cualquier informaci\u00f3n que necesite para la instalaci\u00f3n de un sistema fotovoltaico, puede encontrarla aqu\u00ed.\",\"inLanguage\":\"es\",\"potentialAction\":[{\"@type\":\"ReadAction\",\"target\":[\"https:\/\/www.sunballast.com\/es\/staff\/\"]}]},{\"@type\":\"WebSite\",\"@id\":\"https:\/\/www.sunballast.com\/es\/#website\",\"url\":\"https:\/\/www.sunballast.com\/es\/\",\"name\":\"Sunballast\",\"description\":\"Un nuovo sito targato WordPress\",\"potentialAction\":[{\"@type\":\"SearchAction\",\"target\":{\"@type\":\"EntryPoint\",\"urlTemplate\":\"https:\/\/www.sunballast.com\/es\/?s={search_term_string}\"},\"query-input\":\"required name=search_term_string\"}],\"inLanguage\":\"es\"}]}<\/script>\n<!-- \/ Yoast SEO plugin. -->","yoast_head_json":{"title":"Referencias y contactos del personal del Sun Ballast","description":"Log\u00edstica, compras, comercial, etc. Cualquier informaci\u00f3n que necesite para la instalaci\u00f3n de un sistema fotovoltaico, puede encontrarla aqu\u00ed.","robots":{"index":"index","follow":"follow","max-snippet":"max-snippet:-1","max-image-preview":"max-image-preview:large","max-video-preview":"max-video-preview:-1"},"canonical":"https:\/\/www.sunballast.com\/es\/staff\/","og_locale":"es_ES","og_type":"article","og_title":"Referencias y contactos del personal del Sun Ballast","og_description":"Log\u00edstica, compras, comercial, etc. Cualquier informaci\u00f3n que necesite para la instalaci\u00f3n de un sistema fotovoltaico, puede encontrarla aqu\u00ed.","og_url":"https:\/\/www.sunballast.com\/es\/staff\/","og_site_name":"Sunballast","article_publisher":"https:\/\/www.facebook.com\/sunballast","article_modified_time":"2025-10-30T18:13:25+00:00","twitter_card":"summary_large_image","schema":{"@context":"https:\/\/schema.org","@graph":[{"@type":"WebPage","@id":"https:\/\/www.sunballast.com\/es\/staff\/","url":"https:\/\/www.sunballast.com\/es\/staff\/","name":"Referencias y contactos del personal del Sun Ballast","isPartOf":{"@id":"https:\/\/www.sunballast.com\/es\/#website"},"datePublished":"2022-07-11T09:38:55+00:00","dateModified":"2025-10-30T18:13:25+00:00","description":"Log\u00edstica, compras, comercial, etc. Cualquier informaci\u00f3n que necesite para la instalaci\u00f3n de un sistema fotovoltaico, puede encontrarla aqu\u00ed.","inLanguage":"es","potentialAction":[{"@type":"ReadAction","target":["https:\/\/www.sunballast.com\/es\/staff\/"]}]},{"@type":"WebSite","@id":"https:\/\/www.sunballast.com\/es\/#website","url":"https:\/\/www.sunballast.com\/es\/","name":"Sunballast","description":"Un nuovo sito targato WordPress","potentialAction":[{"@type":"SearchAction","target":{"@type":"EntryPoint","urlTemplate":"https:\/\/www.sunballast.com\/es\/?s={search_term_string}"},"query-input":"required name=search_term_string"}],"inLanguage":"es"}]}},"_links":{"self":[{"href":"https:\/\/www.sunballast.com\/es\/wp-json\/wp\/v2\/pages\/65729"}],"collection":[{"href":"https:\/\/www.sunballast.com\/es\/wp-json\/wp\/v2\/pages"}],"about":[{"href":"https:\/\/www.sunballast.com\/es\/wp-json\/wp\/v2\/types\/page"}],"author":[{"embeddable":true,"href":"https:\/\/www.sunballast.com\/es\/wp-json\/wp\/v2\/users\/1"}],"replies":[{"embeddable":true,"href":"https:\/\/www.sunballast.com\/es\/wp-json\/wp\/v2\/comments?post=65729"}],"version-history":[{"count":58,"href":"https:\/\/www.sunballast.com\/es\/wp-json\/wp\/v2\/pages\/65729\/revisions"}],"predecessor-version":[{"id":427670,"href":"https:\/\/www.sunballast.com\/es\/wp-json\/wp\/v2\/pages\/65729\/revisions\/427670"}],"wp:attachment":[{"href":"https:\/\/www.sunballast.com\/es\/wp-json\/wp\/v2\/media?parent=65729"}],"wp:term":[{"taxonomy":"category","embeddable":true,"href":"https:\/\/www.sunballast.com\/es\/wp-json\/wp\/v2\/categories?post=65729"},{"taxonomy":"post_tag","embeddable":true,"href":"https:\/\/www.sunballast.com\/es\/wp-json\/wp\/v2\/tags?post=65729"}],"curies":[{"name":"wp","href":"https:\/\/api.w.org\/{rel}","templated":true}]}}