{"id":12943,"date":"2020-11-09T12:16:57","date_gmt":"2020-11-09T11:16:57","guid":{"rendered":"http:\/\/sunballast.addictionlab.it\/estructuras-para-cubiertas-planas\/sistema-connect-10\/"},"modified":"2025-11-20T17:51:02","modified_gmt":"2025-11-20T16:51:02","slug":"sistema-connect-10","status":"publish","type":"page","link":"https:\/\/www.sunballast.com\/es\/estructuras-para-cubiertas-planas\/sistema-connect-10\/","title":{"rendered":"Sistema Connect 10\u00b0"},"content":{"rendered":"","protected":false},"excerpt":{"rendered":"","protected":false},"author":1,"featured_media":0,"parent":7402,"menu_order":449,"comment_status":"closed","ping_status":"closed","template":"page-templates\/dettaglio-prodotto.php","meta":{"inline_featured_image":false,"footnotes":""},"categories":[],"tags":[],"acf":[],"yoast_head":"<!-- This site is optimized with the Yoast SEO plugin v21.2 - https:\/\/yoast.com\/wordpress\/plugins\/seo\/ -->\n<title>Zavorre Sistema Connect 10\u00b0 horizontal para techos planos - Sun Ballast<\/title>\n<meta name=\"description\" content=\"Descubre los lastres del Sistema Connect 10\u00b0, la soluci\u00f3n idelae para las instalaciones fotovoltaicas sobre superficies planas. Prop\u00f3sitos m\u00e1s\" \/>\n<meta name=\"robots\" content=\"index, follow, max-snippet:-1, max-image-preview:large, max-video-preview:-1\" \/>\n<link rel=\"canonical\" href=\"https:\/\/www.sunballast.com\/es\/estructuras-para-cubiertas-planas\/sistema-connect-10\/\" \/>\n<meta property=\"og:locale\" content=\"es_ES\" \/>\n<meta property=\"og:type\" content=\"article\" \/>\n<meta property=\"og:title\" content=\"Zavorre Sistema Connect 10\u00b0 horizontal para techos planos - Sun Ballast\" \/>\n<meta property=\"og:description\" content=\"Descubre los lastres del Sistema Connect 10\u00b0, la soluci\u00f3n idelae para las instalaciones fotovoltaicas sobre superficies planas. Prop\u00f3sitos m\u00e1s\" \/>\n<meta property=\"og:url\" content=\"https:\/\/www.sunballast.com\/es\/estructuras-para-cubiertas-planas\/sistema-connect-10\/\" \/>\n<meta property=\"og:site_name\" content=\"Sunballast\" \/>\n<meta property=\"article:publisher\" content=\"https:\/\/www.facebook.com\/sunballast\" \/>\n<meta property=\"article:modified_time\" content=\"2025-11-20T16:51:02+00:00\" \/>\n<meta name=\"twitter:card\" content=\"summary_large_image\" \/>\n<script type=\"application\/ld+json\" class=\"yoast-schema-graph\">{\"@context\":\"https:\/\/schema.org\",\"@graph\":[{\"@type\":\"WebPage\",\"@id\":\"https:\/\/www.sunballast.com\/es\/estructuras-para-cubiertas-planas\/sistema-connect-10\/\",\"url\":\"https:\/\/www.sunballast.com\/es\/estructuras-para-cubiertas-planas\/sistema-connect-10\/\",\"name\":\"Zavorre Sistema Connect 10\u00b0 horizontal para techos planos - Sun Ballast\",\"isPartOf\":{\"@id\":\"https:\/\/www.sunballast.com\/es\/#website\"},\"datePublished\":\"2020-11-09T11:16:57+00:00\",\"dateModified\":\"2025-11-20T16:51:02+00:00\",\"description\":\"Descubre los lastres del Sistema Connect 10\u00b0, la soluci\u00f3n idelae para las instalaciones fotovoltaicas sobre superficies planas. Prop\u00f3sitos m\u00e1s\",\"breadcrumb\":{\"@id\":\"https:\/\/www.sunballast.com\/es\/estructuras-para-cubiertas-planas\/sistema-connect-10\/#breadcrumb\"},\"inLanguage\":\"es\",\"potentialAction\":[{\"@type\":\"ReadAction\",\"target\":[\"https:\/\/www.sunballast.com\/es\/estructuras-para-cubiertas-planas\/sistema-connect-10\/\"]}]},{\"@type\":\"BreadcrumbList\",\"@id\":\"https:\/\/www.sunballast.com\/es\/estructuras-para-cubiertas-planas\/sistema-connect-10\/#breadcrumb\",\"itemListElement\":[{\"@type\":\"ListItem\",\"position\":1,\"name\":\"Estructuras para cubiertas planas\",\"item\":\"https:\/\/www.sunballast.com\/es\/estructuras-para-cubiertas-planas\/\"},{\"@type\":\"ListItem\",\"position\":2,\"name\":\"Sistema Connect 10\u00b0\"}]},{\"@type\":\"WebSite\",\"@id\":\"https:\/\/www.sunballast.com\/es\/#website\",\"url\":\"https:\/\/www.sunballast.com\/es\/\",\"name\":\"Sunballast\",\"description\":\"Un nuovo sito targato WordPress\",\"potentialAction\":[{\"@type\":\"SearchAction\",\"target\":{\"@type\":\"EntryPoint\",\"urlTemplate\":\"https:\/\/www.sunballast.com\/es\/?s={search_term_string}\"},\"query-input\":\"required name=search_term_string\"}],\"inLanguage\":\"es\"}]}<\/script>\n<!-- \/ Yoast SEO plugin. -->","yoast_head_json":{"title":"Zavorre Sistema Connect 10\u00b0 horizontal para techos planos - Sun Ballast","description":"Descubre los lastres del Sistema Connect 10\u00b0, la soluci\u00f3n idelae para las instalaciones fotovoltaicas sobre superficies planas. Prop\u00f3sitos m\u00e1s","robots":{"index":"index","follow":"follow","max-snippet":"max-snippet:-1","max-image-preview":"max-image-preview:large","max-video-preview":"max-video-preview:-1"},"canonical":"https:\/\/www.sunballast.com\/es\/estructuras-para-cubiertas-planas\/sistema-connect-10\/","og_locale":"es_ES","og_type":"article","og_title":"Zavorre Sistema Connect 10\u00b0 horizontal para techos planos - Sun Ballast","og_description":"Descubre los lastres del Sistema Connect 10\u00b0, la soluci\u00f3n idelae para las instalaciones fotovoltaicas sobre superficies planas. Prop\u00f3sitos m\u00e1s","og_url":"https:\/\/www.sunballast.com\/es\/estructuras-para-cubiertas-planas\/sistema-connect-10\/","og_site_name":"Sunballast","article_publisher":"https:\/\/www.facebook.com\/sunballast","article_modified_time":"2025-11-20T16:51:02+00:00","twitter_card":"summary_large_image","schema":{"@context":"https:\/\/schema.org","@graph":[{"@type":"WebPage","@id":"https:\/\/www.sunballast.com\/es\/estructuras-para-cubiertas-planas\/sistema-connect-10\/","url":"https:\/\/www.sunballast.com\/es\/estructuras-para-cubiertas-planas\/sistema-connect-10\/","name":"Zavorre Sistema Connect 10\u00b0 horizontal para techos planos - Sun Ballast","isPartOf":{"@id":"https:\/\/www.sunballast.com\/es\/#website"},"datePublished":"2020-11-09T11:16:57+00:00","dateModified":"2025-11-20T16:51:02+00:00","description":"Descubre los lastres del Sistema Connect 10\u00b0, la soluci\u00f3n idelae para las instalaciones fotovoltaicas sobre superficies planas. Prop\u00f3sitos m\u00e1s","breadcrumb":{"@id":"https:\/\/www.sunballast.com\/es\/estructuras-para-cubiertas-planas\/sistema-connect-10\/#breadcrumb"},"inLanguage":"es","potentialAction":[{"@type":"ReadAction","target":["https:\/\/www.sunballast.com\/es\/estructuras-para-cubiertas-planas\/sistema-connect-10\/"]}]},{"@type":"BreadcrumbList","@id":"https:\/\/www.sunballast.com\/es\/estructuras-para-cubiertas-planas\/sistema-connect-10\/#breadcrumb","itemListElement":[{"@type":"ListItem","position":1,"name":"Estructuras para cubiertas planas","item":"https:\/\/www.sunballast.com\/es\/estructuras-para-cubiertas-planas\/"},{"@type":"ListItem","position":2,"name":"Sistema Connect 10\u00b0"}]},{"@type":"WebSite","@id":"https:\/\/www.sunballast.com\/es\/#website","url":"https:\/\/www.sunballast.com\/es\/","name":"Sunballast","description":"Un nuovo sito targato WordPress","potentialAction":[{"@type":"SearchAction","target":{"@type":"EntryPoint","urlTemplate":"https:\/\/www.sunballast.com\/es\/?s={search_term_string}"},"query-input":"required name=search_term_string"}],"inLanguage":"es"}]}},"_links":{"self":[{"href":"https:\/\/www.sunballast.com\/es\/wp-json\/wp\/v2\/pages\/12943"}],"collection":[{"href":"https:\/\/www.sunballast.com\/es\/wp-json\/wp\/v2\/pages"}],"about":[{"href":"https:\/\/www.sunballast.com\/es\/wp-json\/wp\/v2\/types\/page"}],"author":[{"embeddable":true,"href":"https:\/\/www.sunballast.com\/es\/wp-json\/wp\/v2\/users\/1"}],"replies":[{"embeddable":true,"href":"https:\/\/www.sunballast.com\/es\/wp-json\/wp\/v2\/comments?post=12943"}],"version-history":[{"count":14,"href":"https:\/\/www.sunballast.com\/es\/wp-json\/wp\/v2\/pages\/12943\/revisions"}],"predecessor-version":[{"id":427998,"href":"https:\/\/www.sunballast.com\/es\/wp-json\/wp\/v2\/pages\/12943\/revisions\/427998"}],"up":[{"embeddable":true,"href":"https:\/\/www.sunballast.com\/es\/wp-json\/wp\/v2\/pages\/7402"}],"wp:attachment":[{"href":"https:\/\/www.sunballast.com\/es\/wp-json\/wp\/v2\/media?parent=12943"}],"wp:term":[{"taxonomy":"category","embeddable":true,"href":"https:\/\/www.sunballast.com\/es\/wp-json\/wp\/v2\/categories?post=12943"},{"taxonomy":"post_tag","embeddable":true,"href":"https:\/\/www.sunballast.com\/es\/wp-json\/wp\/v2\/tags?post=12943"}],"curies":[{"name":"wp","href":"https:\/\/api.w.org\/{rel}","templated":true}]}}