{"id":126959,"date":"2024-06-06T10:25:28","date_gmt":"2024-06-06T08:25:28","guid":{"rendered":"https:\/\/www.sunballast.com\/estructuras-para-cubiertas-planas\/easywest\/"},"modified":"2025-09-17T15:33:46","modified_gmt":"2025-09-17T13:33:46","slug":"easywest","status":"publish","type":"page","link":"https:\/\/www.sunballast.com\/es\/estructuras-para-cubiertas-planas\/easywest\/","title":{"rendered":"Sistema EasyWest"},"content":{"rendered":"","protected":false},"excerpt":{"rendered":"","protected":false},"author":15,"featured_media":0,"parent":7402,"menu_order":11,"comment_status":"closed","ping_status":"closed","template":"page-templates\/sistema.php","meta":{"inline_featured_image":false,"footnotes":""},"categories":[],"tags":[],"acf":[],"yoast_head":"<!-- This site is optimized with the Yoast SEO plugin v21.2 - https:\/\/yoast.com\/wordpress\/plugins\/seo\/ -->\n<title>Lastres para grandes instalaciones FV - Sun Ballastas<\/title>\n<meta name=\"description\" content=\"Sun Ballast ofrece un excelente sistema de soporte para paneles de gran tama\u00f1o. M\u00e1s informaci\u00f3n en nuestro sitio web.\" \/>\n<meta name=\"robots\" content=\"index, follow, max-snippet:-1, max-image-preview:large, max-video-preview:-1\" \/>\n<link rel=\"canonical\" href=\"https:\/\/www.sunballast.com\/es\/estructuras-para-cubiertas-planas\/easywest\/\" \/>\n<meta property=\"og:locale\" content=\"es_ES\" \/>\n<meta property=\"og:type\" content=\"article\" \/>\n<meta property=\"og:title\" content=\"Lastres para grandes instalaciones FV - Sun Ballastas\" \/>\n<meta property=\"og:description\" content=\"Sun Ballast ofrece un excelente sistema de soporte para paneles de gran tama\u00f1o. M\u00e1s informaci\u00f3n en nuestro sitio web.\" \/>\n<meta property=\"og:url\" content=\"https:\/\/www.sunballast.com\/es\/estructuras-para-cubiertas-planas\/easywest\/\" \/>\n<meta property=\"og:site_name\" content=\"Sunballast\" \/>\n<meta property=\"article:publisher\" content=\"https:\/\/www.facebook.com\/sunballast\" \/>\n<meta property=\"article:modified_time\" content=\"2025-09-17T13:33:46+00:00\" \/>\n<meta name=\"twitter:card\" content=\"summary_large_image\" \/>\n<script type=\"application\/ld+json\" class=\"yoast-schema-graph\">{\"@context\":\"https:\/\/schema.org\",\"@graph\":[{\"@type\":\"WebPage\",\"@id\":\"https:\/\/www.sunballast.com\/es\/estructuras-para-cubiertas-planas\/easywest\/\",\"url\":\"https:\/\/www.sunballast.com\/es\/estructuras-para-cubiertas-planas\/easywest\/\",\"name\":\"Lastres para grandes instalaciones FV - Sun Ballastas\",\"isPartOf\":{\"@id\":\"https:\/\/www.sunballast.com\/es\/#website\"},\"datePublished\":\"2024-06-06T08:25:28+00:00\",\"dateModified\":\"2025-09-17T13:33:46+00:00\",\"description\":\"Sun Ballast ofrece un excelente sistema de soporte para paneles de gran tama\u00f1o. M\u00e1s informaci\u00f3n en nuestro sitio web.\",\"breadcrumb\":{\"@id\":\"https:\/\/www.sunballast.com\/es\/estructuras-para-cubiertas-planas\/easywest\/#breadcrumb\"},\"inLanguage\":\"es\",\"potentialAction\":[{\"@type\":\"ReadAction\",\"target\":[\"https:\/\/www.sunballast.com\/es\/estructuras-para-cubiertas-planas\/easywest\/\"]}]},{\"@type\":\"BreadcrumbList\",\"@id\":\"https:\/\/www.sunballast.com\/es\/estructuras-para-cubiertas-planas\/easywest\/#breadcrumb\",\"itemListElement\":[{\"@type\":\"ListItem\",\"position\":1,\"name\":\"Estructuras para cubiertas planas\",\"item\":\"https:\/\/www.sunballast.com\/es\/estructuras-para-cubiertas-planas\/\"},{\"@type\":\"ListItem\",\"position\":2,\"name\":\"Sistema EasyWest\"}]},{\"@type\":\"WebSite\",\"@id\":\"https:\/\/www.sunballast.com\/es\/#website\",\"url\":\"https:\/\/www.sunballast.com\/es\/\",\"name\":\"Sunballast\",\"description\":\"Un nuovo sito targato WordPress\",\"potentialAction\":[{\"@type\":\"SearchAction\",\"target\":{\"@type\":\"EntryPoint\",\"urlTemplate\":\"https:\/\/www.sunballast.com\/es\/?s={search_term_string}\"},\"query-input\":\"required name=search_term_string\"}],\"inLanguage\":\"es\"}]}<\/script>\n<!-- \/ Yoast SEO plugin. -->","yoast_head_json":{"title":"Lastres para grandes instalaciones FV - Sun Ballastas","description":"Sun Ballast ofrece un excelente sistema de soporte para paneles de gran tama\u00f1o. M\u00e1s informaci\u00f3n en nuestro sitio web.","robots":{"index":"index","follow":"follow","max-snippet":"max-snippet:-1","max-image-preview":"max-image-preview:large","max-video-preview":"max-video-preview:-1"},"canonical":"https:\/\/www.sunballast.com\/es\/estructuras-para-cubiertas-planas\/easywest\/","og_locale":"es_ES","og_type":"article","og_title":"Lastres para grandes instalaciones FV - Sun Ballastas","og_description":"Sun Ballast ofrece un excelente sistema de soporte para paneles de gran tama\u00f1o. M\u00e1s informaci\u00f3n en nuestro sitio web.","og_url":"https:\/\/www.sunballast.com\/es\/estructuras-para-cubiertas-planas\/easywest\/","og_site_name":"Sunballast","article_publisher":"https:\/\/www.facebook.com\/sunballast","article_modified_time":"2025-09-17T13:33:46+00:00","twitter_card":"summary_large_image","schema":{"@context":"https:\/\/schema.org","@graph":[{"@type":"WebPage","@id":"https:\/\/www.sunballast.com\/es\/estructuras-para-cubiertas-planas\/easywest\/","url":"https:\/\/www.sunballast.com\/es\/estructuras-para-cubiertas-planas\/easywest\/","name":"Lastres para grandes instalaciones FV - Sun Ballastas","isPartOf":{"@id":"https:\/\/www.sunballast.com\/es\/#website"},"datePublished":"2024-06-06T08:25:28+00:00","dateModified":"2025-09-17T13:33:46+00:00","description":"Sun Ballast ofrece un excelente sistema de soporte para paneles de gran tama\u00f1o. M\u00e1s informaci\u00f3n en nuestro sitio web.","breadcrumb":{"@id":"https:\/\/www.sunballast.com\/es\/estructuras-para-cubiertas-planas\/easywest\/#breadcrumb"},"inLanguage":"es","potentialAction":[{"@type":"ReadAction","target":["https:\/\/www.sunballast.com\/es\/estructuras-para-cubiertas-planas\/easywest\/"]}]},{"@type":"BreadcrumbList","@id":"https:\/\/www.sunballast.com\/es\/estructuras-para-cubiertas-planas\/easywest\/#breadcrumb","itemListElement":[{"@type":"ListItem","position":1,"name":"Estructuras para cubiertas planas","item":"https:\/\/www.sunballast.com\/es\/estructuras-para-cubiertas-planas\/"},{"@type":"ListItem","position":2,"name":"Sistema EasyWest"}]},{"@type":"WebSite","@id":"https:\/\/www.sunballast.com\/es\/#website","url":"https:\/\/www.sunballast.com\/es\/","name":"Sunballast","description":"Un nuovo sito targato WordPress","potentialAction":[{"@type":"SearchAction","target":{"@type":"EntryPoint","urlTemplate":"https:\/\/www.sunballast.com\/es\/?s={search_term_string}"},"query-input":"required name=search_term_string"}],"inLanguage":"es"}]}},"_links":{"self":[{"href":"https:\/\/www.sunballast.com\/es\/wp-json\/wp\/v2\/pages\/126959"}],"collection":[{"href":"https:\/\/www.sunballast.com\/es\/wp-json\/wp\/v2\/pages"}],"about":[{"href":"https:\/\/www.sunballast.com\/es\/wp-json\/wp\/v2\/types\/page"}],"author":[{"embeddable":true,"href":"https:\/\/www.sunballast.com\/es\/wp-json\/wp\/v2\/users\/15"}],"replies":[{"embeddable":true,"href":"https:\/\/www.sunballast.com\/es\/wp-json\/wp\/v2\/comments?post=126959"}],"version-history":[{"count":13,"href":"https:\/\/www.sunballast.com\/es\/wp-json\/wp\/v2\/pages\/126959\/revisions"}],"predecessor-version":[{"id":427034,"href":"https:\/\/www.sunballast.com\/es\/wp-json\/wp\/v2\/pages\/126959\/revisions\/427034"}],"up":[{"embeddable":true,"href":"https:\/\/www.sunballast.com\/es\/wp-json\/wp\/v2\/pages\/7402"}],"wp:attachment":[{"href":"https:\/\/www.sunballast.com\/es\/wp-json\/wp\/v2\/media?parent=126959"}],"wp:term":[{"taxonomy":"category","embeddable":true,"href":"https:\/\/www.sunballast.com\/es\/wp-json\/wp\/v2\/categories?post=126959"},{"taxonomy":"post_tag","embeddable":true,"href":"https:\/\/www.sunballast.com\/es\/wp-json\/wp\/v2\/tags?post=126959"}],"curies":[{"name":"wp","href":"https:\/\/api.w.org\/{rel}","templated":true}]}}