{"id":123760,"date":"2024-04-11T14:19:21","date_gmt":"2024-04-11T12:19:21","guid":{"rendered":"https:\/\/www.sunballast.com\/estructuras-para-cubiertas-planas\/sistema-mono-xl\/"},"modified":"2024-10-09T08:46:20","modified_gmt":"2024-10-09T06:46:20","slug":"sistema-mono-xl","status":"publish","type":"page","link":"https:\/\/www.sunballast.com\/es\/estructuras-para-cubiertas-planas\/sistema-mono-xl\/","title":{"rendered":"Sistema Mono-XL"},"content":{"rendered":"","protected":false},"excerpt":{"rendered":"","protected":false},"author":15,"featured_media":0,"parent":7402,"menu_order":12,"comment_status":"closed","ping_status":"closed","template":"page-templates\/sistema.php","meta":{"inline_featured_image":false,"footnotes":""},"categories":[],"tags":[],"acf":[],"yoast_head":"<!-- This site is optimized with the Yoast SEO plugin v21.2 - https:\/\/yoast.com\/wordpress\/plugins\/seo\/ -->\n<title>Lastres para grandes instalaciones FV - Sun Ballastas<\/title>\n<meta name=\"description\" content=\"Sun Ballast ofrece un excelente sistema de soporte para paneles de gran tama\u00f1o. M\u00e1s informaci\u00f3n en nuestro sitio web.\" \/>\n<meta name=\"robots\" content=\"index, follow, max-snippet:-1, max-image-preview:large, max-video-preview:-1\" \/>\n<link rel=\"canonical\" href=\"https:\/\/www.sunballast.com\/es\/estructuras-para-cubiertas-planas\/sistema-mono-xl\/\" \/>\n<meta property=\"og:locale\" content=\"es_ES\" \/>\n<meta property=\"og:type\" content=\"article\" \/>\n<meta property=\"og:title\" content=\"Lastres para grandes instalaciones FV - Sun Ballastas\" \/>\n<meta property=\"og:description\" content=\"Sun Ballast ofrece un excelente sistema de soporte para paneles de gran tama\u00f1o. M\u00e1s informaci\u00f3n en nuestro sitio web.\" \/>\n<meta property=\"og:url\" content=\"https:\/\/www.sunballast.com\/es\/estructuras-para-cubiertas-planas\/sistema-mono-xl\/\" \/>\n<meta property=\"og:site_name\" content=\"Sunballast\" \/>\n<meta property=\"article:publisher\" content=\"https:\/\/www.facebook.com\/sunballast\" \/>\n<meta property=\"article:modified_time\" content=\"2024-10-09T06:46:20+00:00\" \/>\n<meta name=\"twitter:card\" content=\"summary_large_image\" \/>\n<script type=\"application\/ld+json\" class=\"yoast-schema-graph\">{\"@context\":\"https:\/\/schema.org\",\"@graph\":[{\"@type\":\"WebPage\",\"@id\":\"https:\/\/www.sunballast.com\/es\/estructuras-para-cubiertas-planas\/sistema-mono-xl\/\",\"url\":\"https:\/\/www.sunballast.com\/es\/estructuras-para-cubiertas-planas\/sistema-mono-xl\/\",\"name\":\"Lastres para grandes instalaciones FV - Sun Ballastas\",\"isPartOf\":{\"@id\":\"https:\/\/www.sunballast.com\/es\/#website\"},\"datePublished\":\"2024-04-11T12:19:21+00:00\",\"dateModified\":\"2024-10-09T06:46:20+00:00\",\"description\":\"Sun Ballast ofrece un excelente sistema de soporte para paneles de gran tama\u00f1o. M\u00e1s informaci\u00f3n en nuestro sitio web.\",\"breadcrumb\":{\"@id\":\"https:\/\/www.sunballast.com\/es\/estructuras-para-cubiertas-planas\/sistema-mono-xl\/#breadcrumb\"},\"inLanguage\":\"es\",\"potentialAction\":[{\"@type\":\"ReadAction\",\"target\":[\"https:\/\/www.sunballast.com\/es\/estructuras-para-cubiertas-planas\/sistema-mono-xl\/\"]}]},{\"@type\":\"BreadcrumbList\",\"@id\":\"https:\/\/www.sunballast.com\/es\/estructuras-para-cubiertas-planas\/sistema-mono-xl\/#breadcrumb\",\"itemListElement\":[{\"@type\":\"ListItem\",\"position\":1,\"name\":\"Estructuras para cubiertas planas\",\"item\":\"https:\/\/www.sunballast.com\/es\/estructuras-para-cubiertas-planas\/\"},{\"@type\":\"ListItem\",\"position\":2,\"name\":\"Sistema Mono-XL\"}]},{\"@type\":\"WebSite\",\"@id\":\"https:\/\/www.sunballast.com\/es\/#website\",\"url\":\"https:\/\/www.sunballast.com\/es\/\",\"name\":\"Sunballast\",\"description\":\"Un nuovo sito targato WordPress\",\"potentialAction\":[{\"@type\":\"SearchAction\",\"target\":{\"@type\":\"EntryPoint\",\"urlTemplate\":\"https:\/\/www.sunballast.com\/es\/?s={search_term_string}\"},\"query-input\":\"required name=search_term_string\"}],\"inLanguage\":\"es\"}]}<\/script>\n<!-- \/ Yoast SEO plugin. -->","yoast_head_json":{"title":"Lastres para grandes instalaciones FV - Sun Ballastas","description":"Sun Ballast ofrece un excelente sistema de soporte para paneles de gran tama\u00f1o. M\u00e1s informaci\u00f3n en nuestro sitio web.","robots":{"index":"index","follow":"follow","max-snippet":"max-snippet:-1","max-image-preview":"max-image-preview:large","max-video-preview":"max-video-preview:-1"},"canonical":"https:\/\/www.sunballast.com\/es\/estructuras-para-cubiertas-planas\/sistema-mono-xl\/","og_locale":"es_ES","og_type":"article","og_title":"Lastres para grandes instalaciones FV - Sun Ballastas","og_description":"Sun Ballast ofrece un excelente sistema de soporte para paneles de gran tama\u00f1o. M\u00e1s informaci\u00f3n en nuestro sitio web.","og_url":"https:\/\/www.sunballast.com\/es\/estructuras-para-cubiertas-planas\/sistema-mono-xl\/","og_site_name":"Sunballast","article_publisher":"https:\/\/www.facebook.com\/sunballast","article_modified_time":"2024-10-09T06:46:20+00:00","twitter_card":"summary_large_image","schema":{"@context":"https:\/\/schema.org","@graph":[{"@type":"WebPage","@id":"https:\/\/www.sunballast.com\/es\/estructuras-para-cubiertas-planas\/sistema-mono-xl\/","url":"https:\/\/www.sunballast.com\/es\/estructuras-para-cubiertas-planas\/sistema-mono-xl\/","name":"Lastres para grandes instalaciones FV - Sun Ballastas","isPartOf":{"@id":"https:\/\/www.sunballast.com\/es\/#website"},"datePublished":"2024-04-11T12:19:21+00:00","dateModified":"2024-10-09T06:46:20+00:00","description":"Sun Ballast ofrece un excelente sistema de soporte para paneles de gran tama\u00f1o. M\u00e1s informaci\u00f3n en nuestro sitio web.","breadcrumb":{"@id":"https:\/\/www.sunballast.com\/es\/estructuras-para-cubiertas-planas\/sistema-mono-xl\/#breadcrumb"},"inLanguage":"es","potentialAction":[{"@type":"ReadAction","target":["https:\/\/www.sunballast.com\/es\/estructuras-para-cubiertas-planas\/sistema-mono-xl\/"]}]},{"@type":"BreadcrumbList","@id":"https:\/\/www.sunballast.com\/es\/estructuras-para-cubiertas-planas\/sistema-mono-xl\/#breadcrumb","itemListElement":[{"@type":"ListItem","position":1,"name":"Estructuras para cubiertas planas","item":"https:\/\/www.sunballast.com\/es\/estructuras-para-cubiertas-planas\/"},{"@type":"ListItem","position":2,"name":"Sistema Mono-XL"}]},{"@type":"WebSite","@id":"https:\/\/www.sunballast.com\/es\/#website","url":"https:\/\/www.sunballast.com\/es\/","name":"Sunballast","description":"Un nuovo sito targato WordPress","potentialAction":[{"@type":"SearchAction","target":{"@type":"EntryPoint","urlTemplate":"https:\/\/www.sunballast.com\/es\/?s={search_term_string}"},"query-input":"required name=search_term_string"}],"inLanguage":"es"}]}},"_links":{"self":[{"href":"https:\/\/www.sunballast.com\/es\/wp-json\/wp\/v2\/pages\/123760"}],"collection":[{"href":"https:\/\/www.sunballast.com\/es\/wp-json\/wp\/v2\/pages"}],"about":[{"href":"https:\/\/www.sunballast.com\/es\/wp-json\/wp\/v2\/types\/page"}],"author":[{"embeddable":true,"href":"https:\/\/www.sunballast.com\/es\/wp-json\/wp\/v2\/users\/15"}],"replies":[{"embeddable":true,"href":"https:\/\/www.sunballast.com\/es\/wp-json\/wp\/v2\/comments?post=123760"}],"version-history":[{"count":8,"href":"https:\/\/www.sunballast.com\/es\/wp-json\/wp\/v2\/pages\/123760\/revisions"}],"predecessor-version":[{"id":263935,"href":"https:\/\/www.sunballast.com\/es\/wp-json\/wp\/v2\/pages\/123760\/revisions\/263935"}],"up":[{"embeddable":true,"href":"https:\/\/www.sunballast.com\/es\/wp-json\/wp\/v2\/pages\/7402"}],"wp:attachment":[{"href":"https:\/\/www.sunballast.com\/es\/wp-json\/wp\/v2\/media?parent=123760"}],"wp:term":[{"taxonomy":"category","embeddable":true,"href":"https:\/\/www.sunballast.com\/es\/wp-json\/wp\/v2\/categories?post=123760"},{"taxonomy":"post_tag","embeddable":true,"href":"https:\/\/www.sunballast.com\/es\/wp-json\/wp\/v2\/tags?post=123760"}],"curies":[{"name":"wp","href":"https:\/\/api.w.org\/{rel}","templated":true}]}}