{"id":10471,"date":"2020-10-28T11:54:39","date_gmt":"2020-10-28T10:54:39","guid":{"rendered":"http:\/\/sunballast.addictionlab.it\/estructuras-para-cubiertas-planas\/zavorra-30-1\/"},"modified":"2024-06-11T17:06:43","modified_gmt":"2024-06-11T15:06:43","slug":"lastre-30-1","status":"publish","type":"page","link":"https:\/\/www.sunballast.com\/es\/estructuras-para-cubiertas-planas\/lastre-30-1\/","title":{"rendered":"LASTRE 30\u00b0.1"},"content":{"rendered":"","protected":false},"excerpt":{"rendered":"","protected":false},"author":1,"featured_media":0,"parent":7402,"menu_order":424,"comment_status":"closed","ping_status":"closed","template":"page-templates\/dettaglio-prodotto.php","meta":{"inline_featured_image":false,"footnotes":""},"categories":[64],"tags":[],"acf":[],"yoast_head":"<!-- This site is optimized with the Yoast SEO plugin v21.2 - https:\/\/yoast.com\/wordpress\/plugins\/seo\/ -->\n<title>Lastre 30\u00b0.1 para techos planos instalaciones fotovoltaicas - Sun Ballast<\/title>\n<meta name=\"description\" content=\"El lastre 30 . 1 grados de inclinaci\u00f3n es la soluci\u00f3n perfecta para tener mayor inclinaci\u00f3n incluso en presencia de zonas ventosas.\u00a0Descubre\" \/>\n<meta name=\"robots\" content=\"index, follow, max-snippet:-1, max-image-preview:large, max-video-preview:-1\" \/>\n<link rel=\"canonical\" href=\"https:\/\/www.sunballast.com\/es\/estructuras-para-cubiertas-planas\/lastre-30-1\/\" \/>\n<meta property=\"og:locale\" content=\"es_ES\" \/>\n<meta property=\"og:type\" content=\"article\" \/>\n<meta property=\"og:title\" content=\"Lastre 30\u00b0.1 para techos planos instalaciones fotovoltaicas - Sun Ballast\" \/>\n<meta property=\"og:description\" content=\"El lastre 30 . 1 grados de inclinaci\u00f3n es la soluci\u00f3n perfecta para tener mayor inclinaci\u00f3n incluso en presencia de zonas ventosas.\u00a0Descubre\" \/>\n<meta property=\"og:url\" content=\"https:\/\/www.sunballast.com\/es\/estructuras-para-cubiertas-planas\/lastre-30-1\/\" \/>\n<meta property=\"og:site_name\" content=\"Sunballast\" \/>\n<meta property=\"article:publisher\" content=\"https:\/\/www.facebook.com\/sunballast\" \/>\n<meta property=\"article:modified_time\" content=\"2024-06-11T15:06:43+00:00\" \/>\n<meta name=\"twitter:card\" content=\"summary_large_image\" \/>\n<script type=\"application\/ld+json\" class=\"yoast-schema-graph\">{\"@context\":\"https:\/\/schema.org\",\"@graph\":[{\"@type\":\"WebPage\",\"@id\":\"https:\/\/www.sunballast.com\/es\/estructuras-para-cubiertas-planas\/lastre-30-1\/\",\"url\":\"https:\/\/www.sunballast.com\/es\/estructuras-para-cubiertas-planas\/lastre-30-1\/\",\"name\":\"Lastre 30\u00b0.1 para techos planos instalaciones fotovoltaicas - Sun Ballast\",\"isPartOf\":{\"@id\":\"https:\/\/www.sunballast.com\/es\/#website\"},\"datePublished\":\"2020-10-28T10:54:39+00:00\",\"dateModified\":\"2024-06-11T15:06:43+00:00\",\"description\":\"El lastre 30 . 1 grados de inclinaci\u00f3n es la soluci\u00f3n perfecta para tener mayor inclinaci\u00f3n incluso en presencia de zonas ventosas.\u00a0Descubre\",\"breadcrumb\":{\"@id\":\"https:\/\/www.sunballast.com\/es\/estructuras-para-cubiertas-planas\/lastre-30-1\/#breadcrumb\"},\"inLanguage\":\"es\",\"potentialAction\":[{\"@type\":\"ReadAction\",\"target\":[\"https:\/\/www.sunballast.com\/es\/estructuras-para-cubiertas-planas\/lastre-30-1\/\"]}]},{\"@type\":\"BreadcrumbList\",\"@id\":\"https:\/\/www.sunballast.com\/es\/estructuras-para-cubiertas-planas\/lastre-30-1\/#breadcrumb\",\"itemListElement\":[{\"@type\":\"ListItem\",\"position\":1,\"name\":\"Estructuras para cubiertas planas\",\"item\":\"https:\/\/www.sunballast.com\/es\/estructuras-para-cubiertas-planas\/\"},{\"@type\":\"ListItem\",\"position\":2,\"name\":\"LASTRE 30\u00b0.1\"}]},{\"@type\":\"WebSite\",\"@id\":\"https:\/\/www.sunballast.com\/es\/#website\",\"url\":\"https:\/\/www.sunballast.com\/es\/\",\"name\":\"Sunballast\",\"description\":\"Un nuovo sito targato WordPress\",\"potentialAction\":[{\"@type\":\"SearchAction\",\"target\":{\"@type\":\"EntryPoint\",\"urlTemplate\":\"https:\/\/www.sunballast.com\/es\/?s={search_term_string}\"},\"query-input\":\"required name=search_term_string\"}],\"inLanguage\":\"es\"}]}<\/script>\n<!-- \/ Yoast SEO plugin. -->","yoast_head_json":{"title":"Lastre 30\u00b0.1 para techos planos instalaciones fotovoltaicas - Sun Ballast","description":"El lastre 30 . 1 grados de inclinaci\u00f3n es la soluci\u00f3n perfecta para tener mayor inclinaci\u00f3n incluso en presencia de zonas ventosas.\u00a0Descubre","robots":{"index":"index","follow":"follow","max-snippet":"max-snippet:-1","max-image-preview":"max-image-preview:large","max-video-preview":"max-video-preview:-1"},"canonical":"https:\/\/www.sunballast.com\/es\/estructuras-para-cubiertas-planas\/lastre-30-1\/","og_locale":"es_ES","og_type":"article","og_title":"Lastre 30\u00b0.1 para techos planos instalaciones fotovoltaicas - Sun Ballast","og_description":"El lastre 30 . 1 grados de inclinaci\u00f3n es la soluci\u00f3n perfecta para tener mayor inclinaci\u00f3n incluso en presencia de zonas ventosas.\u00a0Descubre","og_url":"https:\/\/www.sunballast.com\/es\/estructuras-para-cubiertas-planas\/lastre-30-1\/","og_site_name":"Sunballast","article_publisher":"https:\/\/www.facebook.com\/sunballast","article_modified_time":"2024-06-11T15:06:43+00:00","twitter_card":"summary_large_image","schema":{"@context":"https:\/\/schema.org","@graph":[{"@type":"WebPage","@id":"https:\/\/www.sunballast.com\/es\/estructuras-para-cubiertas-planas\/lastre-30-1\/","url":"https:\/\/www.sunballast.com\/es\/estructuras-para-cubiertas-planas\/lastre-30-1\/","name":"Lastre 30\u00b0.1 para techos planos instalaciones fotovoltaicas - Sun Ballast","isPartOf":{"@id":"https:\/\/www.sunballast.com\/es\/#website"},"datePublished":"2020-10-28T10:54:39+00:00","dateModified":"2024-06-11T15:06:43+00:00","description":"El lastre 30 . 1 grados de inclinaci\u00f3n es la soluci\u00f3n perfecta para tener mayor inclinaci\u00f3n incluso en presencia de zonas ventosas.\u00a0Descubre","breadcrumb":{"@id":"https:\/\/www.sunballast.com\/es\/estructuras-para-cubiertas-planas\/lastre-30-1\/#breadcrumb"},"inLanguage":"es","potentialAction":[{"@type":"ReadAction","target":["https:\/\/www.sunballast.com\/es\/estructuras-para-cubiertas-planas\/lastre-30-1\/"]}]},{"@type":"BreadcrumbList","@id":"https:\/\/www.sunballast.com\/es\/estructuras-para-cubiertas-planas\/lastre-30-1\/#breadcrumb","itemListElement":[{"@type":"ListItem","position":1,"name":"Estructuras para cubiertas planas","item":"https:\/\/www.sunballast.com\/es\/estructuras-para-cubiertas-planas\/"},{"@type":"ListItem","position":2,"name":"LASTRE 30\u00b0.1"}]},{"@type":"WebSite","@id":"https:\/\/www.sunballast.com\/es\/#website","url":"https:\/\/www.sunballast.com\/es\/","name":"Sunballast","description":"Un nuovo sito targato WordPress","potentialAction":[{"@type":"SearchAction","target":{"@type":"EntryPoint","urlTemplate":"https:\/\/www.sunballast.com\/es\/?s={search_term_string}"},"query-input":"required name=search_term_string"}],"inLanguage":"es"}]}},"_links":{"self":[{"href":"https:\/\/www.sunballast.com\/es\/wp-json\/wp\/v2\/pages\/10471"}],"collection":[{"href":"https:\/\/www.sunballast.com\/es\/wp-json\/wp\/v2\/pages"}],"about":[{"href":"https:\/\/www.sunballast.com\/es\/wp-json\/wp\/v2\/types\/page"}],"author":[{"embeddable":true,"href":"https:\/\/www.sunballast.com\/es\/wp-json\/wp\/v2\/users\/1"}],"replies":[{"embeddable":true,"href":"https:\/\/www.sunballast.com\/es\/wp-json\/wp\/v2\/comments?post=10471"}],"version-history":[{"count":19,"href":"https:\/\/www.sunballast.com\/es\/wp-json\/wp\/v2\/pages\/10471\/revisions"}],"predecessor-version":[{"id":127425,"href":"https:\/\/www.sunballast.com\/es\/wp-json\/wp\/v2\/pages\/10471\/revisions\/127425"}],"up":[{"embeddable":true,"href":"https:\/\/www.sunballast.com\/es\/wp-json\/wp\/v2\/pages\/7402"}],"wp:attachment":[{"href":"https:\/\/www.sunballast.com\/es\/wp-json\/wp\/v2\/media?parent=10471"}],"wp:term":[{"taxonomy":"category","embeddable":true,"href":"https:\/\/www.sunballast.com\/es\/wp-json\/wp\/v2\/categories?post=10471"},{"taxonomy":"post_tag","embeddable":true,"href":"https:\/\/www.sunballast.com\/es\/wp-json\/wp\/v2\/tags?post=10471"}],"curies":[{"name":"wp","href":"https:\/\/api.w.org\/{rel}","templated":true}]}}