{"id":7395,"date":"2020-11-10T14:53:22","date_gmt":"2020-11-10T13:53:22","guid":{"rendered":"http:\/\/sunballast.addictionlab.it\/sistema-standard\/"},"modified":"2024-12-05T11:52:12","modified_gmt":"2024-12-05T10:52:12","slug":"einzelreihesystem","status":"publish","type":"page","link":"https:\/\/www.sunballast.com\/de\/photovoltaischen-ballastgeraete\/einzelreihesystem\/","title":{"rendered":"Einzelreihe System"},"content":{"rendered":"","protected":false},"excerpt":{"rendered":"","protected":false},"author":1,"featured_media":0,"parent":7392,"menu_order":324,"comment_status":"closed","ping_status":"closed","template":"page-templates\/sistema.php","meta":{"inline_featured_image":false,"footnotes":""},"categories":[208],"tags":[],"acf":[],"yoast_head":"<!-- This site is optimized with the Yoast SEO plugin v21.2 - https:\/\/yoast.com\/wordpress\/plugins\/seo\/ -->\n<title>Standard System zur Befestigung von Sonnenkollektoren - Sunballast<\/title>\n<meta name=\"description\" content=\"Entdecken Sie die besten Vorschaltger\u00e4te unseres Standard Systems auf Flachd\u00e4chern f\u00fcr Photovoltaikanlagen und Solarmodulbefestigungen.\" \/>\n<meta name=\"robots\" content=\"index, follow, max-snippet:-1, max-image-preview:large, max-video-preview:-1\" \/>\n<link rel=\"canonical\" href=\"https:\/\/www.sunballast.com\/de\/photovoltaischen-ballastgeraete\/einzelreihesystem\/\" \/>\n<meta property=\"og:locale\" content=\"de_DE\" \/>\n<meta property=\"og:type\" content=\"article\" \/>\n<meta property=\"og:title\" content=\"Standard System zur Befestigung von Sonnenkollektoren - Sunballast\" \/>\n<meta property=\"og:description\" content=\"Entdecken Sie die besten Vorschaltger\u00e4te unseres Standard Systems auf Flachd\u00e4chern f\u00fcr Photovoltaikanlagen und Solarmodulbefestigungen.\" \/>\n<meta property=\"og:url\" content=\"https:\/\/www.sunballast.com\/de\/photovoltaischen-ballastgeraete\/einzelreihesystem\/\" \/>\n<meta property=\"og:site_name\" content=\"Sunballast\" \/>\n<meta property=\"article:publisher\" content=\"https:\/\/www.facebook.com\/sunballast\" \/>\n<meta property=\"article:modified_time\" content=\"2024-12-05T10:52:12+00:00\" \/>\n<meta name=\"twitter:card\" content=\"summary_large_image\" \/>\n<script type=\"application\/ld+json\" class=\"yoast-schema-graph\">{\"@context\":\"https:\/\/schema.org\",\"@graph\":[{\"@type\":\"WebPage\",\"@id\":\"https:\/\/www.sunballast.com\/de\/photovoltaischen-ballastgeraete\/einzelreihesystem\/\",\"url\":\"https:\/\/www.sunballast.com\/de\/photovoltaischen-ballastgeraete\/einzelreihesystem\/\",\"name\":\"Standard System zur Befestigung von Sonnenkollektoren - Sunballast\",\"isPartOf\":{\"@id\":\"https:\/\/www.sunballast.com\/de\/#website\"},\"datePublished\":\"2020-11-10T13:53:22+00:00\",\"dateModified\":\"2024-12-05T10:52:12+00:00\",\"description\":\"Entdecken Sie die besten Vorschaltger\u00e4te unseres Standard Systems auf Flachd\u00e4chern f\u00fcr Photovoltaikanlagen und Solarmodulbefestigungen.\",\"breadcrumb\":{\"@id\":\"https:\/\/www.sunballast.com\/de\/photovoltaischen-ballastgeraete\/einzelreihesystem\/#breadcrumb\"},\"inLanguage\":\"de-DE\",\"potentialAction\":[{\"@type\":\"ReadAction\",\"target\":[\"https:\/\/www.sunballast.com\/de\/photovoltaischen-ballastgeraete\/einzelreihesystem\/\"]}]},{\"@type\":\"BreadcrumbList\",\"@id\":\"https:\/\/www.sunballast.com\/de\/photovoltaischen-ballastgeraete\/einzelreihesystem\/#breadcrumb\",\"itemListElement\":[{\"@type\":\"ListItem\",\"position\":1,\"name\":\"Ballastelemente f\u00fcr Flachd\u00e4cher\",\"item\":\"https:\/\/www.sunballast.com\/de\/photovoltaischen-ballastgeraete\/\"},{\"@type\":\"ListItem\",\"position\":2,\"name\":\"Einzelreihe System\"}]},{\"@type\":\"WebSite\",\"@id\":\"https:\/\/www.sunballast.com\/de\/#website\",\"url\":\"https:\/\/www.sunballast.com\/de\/\",\"name\":\"Sunballast\",\"description\":\"Un nuovo sito targato WordPress\",\"potentialAction\":[{\"@type\":\"SearchAction\",\"target\":{\"@type\":\"EntryPoint\",\"urlTemplate\":\"https:\/\/www.sunballast.com\/de\/?s={search_term_string}\"},\"query-input\":\"required name=search_term_string\"}],\"inLanguage\":\"de-DE\"}]}<\/script>\n<!-- \/ Yoast SEO plugin. -->","yoast_head_json":{"title":"Standard System zur Befestigung von Sonnenkollektoren - Sunballast","description":"Entdecken Sie die besten Vorschaltger\u00e4te unseres Standard Systems auf Flachd\u00e4chern f\u00fcr Photovoltaikanlagen und Solarmodulbefestigungen.","robots":{"index":"index","follow":"follow","max-snippet":"max-snippet:-1","max-image-preview":"max-image-preview:large","max-video-preview":"max-video-preview:-1"},"canonical":"https:\/\/www.sunballast.com\/de\/photovoltaischen-ballastgeraete\/einzelreihesystem\/","og_locale":"de_DE","og_type":"article","og_title":"Standard System zur Befestigung von Sonnenkollektoren - Sunballast","og_description":"Entdecken Sie die besten Vorschaltger\u00e4te unseres Standard Systems auf Flachd\u00e4chern f\u00fcr Photovoltaikanlagen und Solarmodulbefestigungen.","og_url":"https:\/\/www.sunballast.com\/de\/photovoltaischen-ballastgeraete\/einzelreihesystem\/","og_site_name":"Sunballast","article_publisher":"https:\/\/www.facebook.com\/sunballast","article_modified_time":"2024-12-05T10:52:12+00:00","twitter_card":"summary_large_image","schema":{"@context":"https:\/\/schema.org","@graph":[{"@type":"WebPage","@id":"https:\/\/www.sunballast.com\/de\/photovoltaischen-ballastgeraete\/einzelreihesystem\/","url":"https:\/\/www.sunballast.com\/de\/photovoltaischen-ballastgeraete\/einzelreihesystem\/","name":"Standard System zur Befestigung von Sonnenkollektoren - Sunballast","isPartOf":{"@id":"https:\/\/www.sunballast.com\/de\/#website"},"datePublished":"2020-11-10T13:53:22+00:00","dateModified":"2024-12-05T10:52:12+00:00","description":"Entdecken Sie die besten Vorschaltger\u00e4te unseres Standard Systems auf Flachd\u00e4chern f\u00fcr Photovoltaikanlagen und Solarmodulbefestigungen.","breadcrumb":{"@id":"https:\/\/www.sunballast.com\/de\/photovoltaischen-ballastgeraete\/einzelreihesystem\/#breadcrumb"},"inLanguage":"de-DE","potentialAction":[{"@type":"ReadAction","target":["https:\/\/www.sunballast.com\/de\/photovoltaischen-ballastgeraete\/einzelreihesystem\/"]}]},{"@type":"BreadcrumbList","@id":"https:\/\/www.sunballast.com\/de\/photovoltaischen-ballastgeraete\/einzelreihesystem\/#breadcrumb","itemListElement":[{"@type":"ListItem","position":1,"name":"Ballastelemente f\u00fcr Flachd\u00e4cher","item":"https:\/\/www.sunballast.com\/de\/photovoltaischen-ballastgeraete\/"},{"@type":"ListItem","position":2,"name":"Einzelreihe System"}]},{"@type":"WebSite","@id":"https:\/\/www.sunballast.com\/de\/#website","url":"https:\/\/www.sunballast.com\/de\/","name":"Sunballast","description":"Un nuovo sito targato WordPress","potentialAction":[{"@type":"SearchAction","target":{"@type":"EntryPoint","urlTemplate":"https:\/\/www.sunballast.com\/de\/?s={search_term_string}"},"query-input":"required name=search_term_string"}],"inLanguage":"de-DE"}]}},"_links":{"self":[{"href":"https:\/\/www.sunballast.com\/de\/wp-json\/wp\/v2\/pages\/7395"}],"collection":[{"href":"https:\/\/www.sunballast.com\/de\/wp-json\/wp\/v2\/pages"}],"about":[{"href":"https:\/\/www.sunballast.com\/de\/wp-json\/wp\/v2\/types\/page"}],"author":[{"embeddable":true,"href":"https:\/\/www.sunballast.com\/de\/wp-json\/wp\/v2\/users\/1"}],"replies":[{"embeddable":true,"href":"https:\/\/www.sunballast.com\/de\/wp-json\/wp\/v2\/comments?post=7395"}],"version-history":[{"count":41,"href":"https:\/\/www.sunballast.com\/de\/wp-json\/wp\/v2\/pages\/7395\/revisions"}],"predecessor-version":[{"id":380054,"href":"https:\/\/www.sunballast.com\/de\/wp-json\/wp\/v2\/pages\/7395\/revisions\/380054"}],"up":[{"embeddable":true,"href":"https:\/\/www.sunballast.com\/de\/wp-json\/wp\/v2\/pages\/7392"}],"wp:attachment":[{"href":"https:\/\/www.sunballast.com\/de\/wp-json\/wp\/v2\/media?parent=7395"}],"wp:term":[{"taxonomy":"category","embeddable":true,"href":"https:\/\/www.sunballast.com\/de\/wp-json\/wp\/v2\/categories?post=7395"},{"taxonomy":"post_tag","embeddable":true,"href":"https:\/\/www.sunballast.com\/de\/wp-json\/wp\/v2\/tags?post=7395"}],"curies":[{"name":"wp","href":"https:\/\/api.w.org\/{rel}","templated":true}]}}