{"id":69841,"date":"2022-08-24T16:23:55","date_gmt":"2022-08-24T14:23:55","guid":{"rendered":"https:\/\/www.sunballast.com\/il-nostro-impegno-verso-l-ambiente\/"},"modified":"2022-10-14T14:56:41","modified_gmt":"2022-10-14T12:56:41","slug":"unser-engagement-fuer-die-umwelt","status":"publish","type":"page","link":"https:\/\/www.sunballast.com\/de\/unser-engagement-fuer-die-umwelt\/","title":{"rendered":"Engagement f\u00fcr die Umwelt"},"content":{"rendered":"","protected":false},"excerpt":{"rendered":"","protected":false},"author":1,"featured_media":0,"parent":0,"menu_order":142,"comment_status":"closed","ping_status":"closed","template":"page-templates\/il-nostro-impegno.php","meta":{"inline_featured_image":false,"footnotes":""},"categories":[],"tags":[],"acf":[],"yoast_head":"<!-- This site is optimized with the Yoast SEO plugin v21.2 - https:\/\/yoast.com\/wordpress\/plugins\/seo\/ -->\n<title>Unsere Unterst\u00fctzung f\u00fcr einen saubereren Planeten - Sun Ballast<\/title>\n<meta name=\"description\" content=\"Wir wollen eine bessere Zukunft und eine gr\u00fcnere Welt, wir wollen, dass sich die Welt ver\u00e4ndert, und wir wollen die F\u00f6rderer des Wandels sein. Erfahren Sie mehr auf unserer Website\" \/>\n<meta name=\"robots\" content=\"index, follow, max-snippet:-1, max-image-preview:large, max-video-preview:-1\" \/>\n<link rel=\"canonical\" href=\"https:\/\/www.sunballast.com\/de\/unser-engagement-fuer-die-umwelt\/\" \/>\n<meta property=\"og:locale\" content=\"de_DE\" \/>\n<meta property=\"og:type\" content=\"article\" \/>\n<meta property=\"og:title\" content=\"Unsere Unterst\u00fctzung f\u00fcr einen saubereren Planeten - Sun Ballast\" \/>\n<meta property=\"og:description\" content=\"Wir wollen eine bessere Zukunft und eine gr\u00fcnere Welt, wir wollen, dass sich die Welt ver\u00e4ndert, und wir wollen die F\u00f6rderer des Wandels sein. Erfahren Sie mehr auf unserer Website\" \/>\n<meta property=\"og:url\" content=\"https:\/\/www.sunballast.com\/de\/unser-engagement-fuer-die-umwelt\/\" \/>\n<meta property=\"og:site_name\" content=\"Sunballast\" \/>\n<meta property=\"article:publisher\" content=\"https:\/\/www.facebook.com\/sunballast\" \/>\n<meta property=\"article:modified_time\" content=\"2022-10-14T12:56:41+00:00\" \/>\n<meta name=\"twitter:card\" content=\"summary_large_image\" \/>\n<script type=\"application\/ld+json\" class=\"yoast-schema-graph\">{\"@context\":\"https:\/\/schema.org\",\"@graph\":[{\"@type\":\"WebPage\",\"@id\":\"https:\/\/www.sunballast.com\/de\/unser-engagement-fuer-die-umwelt\/\",\"url\":\"https:\/\/www.sunballast.com\/de\/unser-engagement-fuer-die-umwelt\/\",\"name\":\"Unsere Unterst\u00fctzung f\u00fcr einen saubereren Planeten - Sun Ballast\",\"isPartOf\":{\"@id\":\"https:\/\/www.sunballast.com\/de\/#website\"},\"datePublished\":\"2022-08-24T14:23:55+00:00\",\"dateModified\":\"2022-10-14T12:56:41+00:00\",\"description\":\"Wir wollen eine bessere Zukunft und eine gr\u00fcnere Welt, wir wollen, dass sich die Welt ver\u00e4ndert, und wir wollen die F\u00f6rderer des Wandels sein. Erfahren Sie mehr auf unserer Website\",\"inLanguage\":\"de-DE\",\"potentialAction\":[{\"@type\":\"ReadAction\",\"target\":[\"https:\/\/www.sunballast.com\/de\/unser-engagement-fuer-die-umwelt\/\"]}]},{\"@type\":\"WebSite\",\"@id\":\"https:\/\/www.sunballast.com\/de\/#website\",\"url\":\"https:\/\/www.sunballast.com\/de\/\",\"name\":\"Sunballast\",\"description\":\"Un nuovo sito targato WordPress\",\"potentialAction\":[{\"@type\":\"SearchAction\",\"target\":{\"@type\":\"EntryPoint\",\"urlTemplate\":\"https:\/\/www.sunballast.com\/de\/?s={search_term_string}\"},\"query-input\":\"required name=search_term_string\"}],\"inLanguage\":\"de-DE\"}]}<\/script>\n<!-- \/ Yoast SEO plugin. -->","yoast_head_json":{"title":"Unsere Unterst\u00fctzung f\u00fcr einen saubereren Planeten - Sun Ballast","description":"Wir wollen eine bessere Zukunft und eine gr\u00fcnere Welt, wir wollen, dass sich die Welt ver\u00e4ndert, und wir wollen die F\u00f6rderer des Wandels sein. Erfahren Sie mehr auf unserer Website","robots":{"index":"index","follow":"follow","max-snippet":"max-snippet:-1","max-image-preview":"max-image-preview:large","max-video-preview":"max-video-preview:-1"},"canonical":"https:\/\/www.sunballast.com\/de\/unser-engagement-fuer-die-umwelt\/","og_locale":"de_DE","og_type":"article","og_title":"Unsere Unterst\u00fctzung f\u00fcr einen saubereren Planeten - Sun Ballast","og_description":"Wir wollen eine bessere Zukunft und eine gr\u00fcnere Welt, wir wollen, dass sich die Welt ver\u00e4ndert, und wir wollen die F\u00f6rderer des Wandels sein. Erfahren Sie mehr auf unserer Website","og_url":"https:\/\/www.sunballast.com\/de\/unser-engagement-fuer-die-umwelt\/","og_site_name":"Sunballast","article_publisher":"https:\/\/www.facebook.com\/sunballast","article_modified_time":"2022-10-14T12:56:41+00:00","twitter_card":"summary_large_image","schema":{"@context":"https:\/\/schema.org","@graph":[{"@type":"WebPage","@id":"https:\/\/www.sunballast.com\/de\/unser-engagement-fuer-die-umwelt\/","url":"https:\/\/www.sunballast.com\/de\/unser-engagement-fuer-die-umwelt\/","name":"Unsere Unterst\u00fctzung f\u00fcr einen saubereren Planeten - Sun Ballast","isPartOf":{"@id":"https:\/\/www.sunballast.com\/de\/#website"},"datePublished":"2022-08-24T14:23:55+00:00","dateModified":"2022-10-14T12:56:41+00:00","description":"Wir wollen eine bessere Zukunft und eine gr\u00fcnere Welt, wir wollen, dass sich die Welt ver\u00e4ndert, und wir wollen die F\u00f6rderer des Wandels sein. Erfahren Sie mehr auf unserer Website","inLanguage":"de-DE","potentialAction":[{"@type":"ReadAction","target":["https:\/\/www.sunballast.com\/de\/unser-engagement-fuer-die-umwelt\/"]}]},{"@type":"WebSite","@id":"https:\/\/www.sunballast.com\/de\/#website","url":"https:\/\/www.sunballast.com\/de\/","name":"Sunballast","description":"Un nuovo sito targato WordPress","potentialAction":[{"@type":"SearchAction","target":{"@type":"EntryPoint","urlTemplate":"https:\/\/www.sunballast.com\/de\/?s={search_term_string}"},"query-input":"required name=search_term_string"}],"inLanguage":"de-DE"}]}},"_links":{"self":[{"href":"https:\/\/www.sunballast.com\/de\/wp-json\/wp\/v2\/pages\/69841"}],"collection":[{"href":"https:\/\/www.sunballast.com\/de\/wp-json\/wp\/v2\/pages"}],"about":[{"href":"https:\/\/www.sunballast.com\/de\/wp-json\/wp\/v2\/types\/page"}],"author":[{"embeddable":true,"href":"https:\/\/www.sunballast.com\/de\/wp-json\/wp\/v2\/users\/1"}],"replies":[{"embeddable":true,"href":"https:\/\/www.sunballast.com\/de\/wp-json\/wp\/v2\/comments?post=69841"}],"version-history":[{"count":8,"href":"https:\/\/www.sunballast.com\/de\/wp-json\/wp\/v2\/pages\/69841\/revisions"}],"predecessor-version":[{"id":76355,"href":"https:\/\/www.sunballast.com\/de\/wp-json\/wp\/v2\/pages\/69841\/revisions\/76355"}],"wp:attachment":[{"href":"https:\/\/www.sunballast.com\/de\/wp-json\/wp\/v2\/media?parent=69841"}],"wp:term":[{"taxonomy":"category","embeddable":true,"href":"https:\/\/www.sunballast.com\/de\/wp-json\/wp\/v2\/categories?post=69841"},{"taxonomy":"post_tag","embeddable":true,"href":"https:\/\/www.sunballast.com\/de\/wp-json\/wp\/v2\/tags?post=69841"}],"curies":[{"name":"wp","href":"https:\/\/api.w.org\/{rel}","templated":true}]}}