{"id":26924,"date":"2021-05-05T18:23:13","date_gmt":"2021-05-05T16:23:13","guid":{"rendered":"http:\/\/www.sunballast.com\/accessori\/"},"modified":"2024-10-08T14:26:34","modified_gmt":"2024-10-08T12:26:34","slug":"zubehoers","status":"publish","type":"page","link":"https:\/\/www.sunballast.com\/de\/zubehoers\/","title":{"rendered":"Zubeh\u00f6rs"},"content":{"rendered":"","protected":false},"excerpt":{"rendered":"","protected":false},"author":1,"featured_media":0,"parent":0,"menu_order":177,"comment_status":"closed","ping_status":"closed","template":"page-templates\/accessori.php","meta":{"inline_featured_image":false,"footnotes":""},"categories":[],"tags":[],"acf":[],"yoast_head":"<!-- This site is optimized with the Yoast SEO plugin v21.2 - https:\/\/yoast.com\/wordpress\/plugins\/seo\/ -->\n<title>Zubeh\u00f6r und Befestigungss\u00e4tze f\u00fcr Photovoltaikmodule - Sun Ballast<\/title>\n<meta name=\"description\" content=\"Klemmen, Befestigungsset und Verbindungsplatte f\u00fcr Photovoltaikanlagen. Komplettes Zubeh\u00f6r zur Befestigung von Photovoltaikmodulen\" \/>\n<meta name=\"robots\" content=\"index, follow, max-snippet:-1, max-image-preview:large, max-video-preview:-1\" \/>\n<link rel=\"canonical\" href=\"https:\/\/www.sunballast.com\/de\/zubehoers\/\" \/>\n<meta property=\"og:locale\" content=\"de_DE\" \/>\n<meta property=\"og:type\" content=\"article\" \/>\n<meta property=\"og:title\" content=\"Zubeh\u00f6r und Befestigungss\u00e4tze f\u00fcr Photovoltaikmodule - Sun Ballast\" \/>\n<meta property=\"og:description\" content=\"Klemmen, Befestigungsset und Verbindungsplatte f\u00fcr Photovoltaikanlagen. Komplettes Zubeh\u00f6r zur Befestigung von Photovoltaikmodulen\" \/>\n<meta property=\"og:url\" content=\"https:\/\/www.sunballast.com\/de\/zubehoers\/\" \/>\n<meta property=\"og:site_name\" content=\"Sunballast\" \/>\n<meta property=\"article:publisher\" content=\"https:\/\/www.facebook.com\/sunballast\" \/>\n<meta property=\"article:modified_time\" content=\"2024-10-08T12:26:34+00:00\" \/>\n<meta name=\"twitter:card\" content=\"summary_large_image\" \/>\n<script type=\"application\/ld+json\" class=\"yoast-schema-graph\">{\"@context\":\"https:\/\/schema.org\",\"@graph\":[{\"@type\":\"WebPage\",\"@id\":\"https:\/\/www.sunballast.com\/de\/zubehoers\/\",\"url\":\"https:\/\/www.sunballast.com\/de\/zubehoers\/\",\"name\":\"Zubeh\u00f6r und Befestigungss\u00e4tze f\u00fcr Photovoltaikmodule - Sun Ballast\",\"isPartOf\":{\"@id\":\"https:\/\/www.sunballast.com\/de\/#website\"},\"datePublished\":\"2021-05-05T16:23:13+00:00\",\"dateModified\":\"2024-10-08T12:26:34+00:00\",\"description\":\"Klemmen, Befestigungsset und Verbindungsplatte f\u00fcr Photovoltaikanlagen. Komplettes Zubeh\u00f6r zur Befestigung von Photovoltaikmodulen\",\"inLanguage\":\"de-DE\",\"potentialAction\":[{\"@type\":\"ReadAction\",\"target\":[\"https:\/\/www.sunballast.com\/de\/zubehoers\/\"]}]},{\"@type\":\"WebSite\",\"@id\":\"https:\/\/www.sunballast.com\/de\/#website\",\"url\":\"https:\/\/www.sunballast.com\/de\/\",\"name\":\"Sunballast\",\"description\":\"Un nuovo sito targato WordPress\",\"potentialAction\":[{\"@type\":\"SearchAction\",\"target\":{\"@type\":\"EntryPoint\",\"urlTemplate\":\"https:\/\/www.sunballast.com\/de\/?s={search_term_string}\"},\"query-input\":\"required name=search_term_string\"}],\"inLanguage\":\"de-DE\"}]}<\/script>\n<!-- \/ Yoast SEO plugin. -->","yoast_head_json":{"title":"Zubeh\u00f6r und Befestigungss\u00e4tze f\u00fcr Photovoltaikmodule - Sun Ballast","description":"Klemmen, Befestigungsset und Verbindungsplatte f\u00fcr Photovoltaikanlagen. Komplettes Zubeh\u00f6r zur Befestigung von Photovoltaikmodulen","robots":{"index":"index","follow":"follow","max-snippet":"max-snippet:-1","max-image-preview":"max-image-preview:large","max-video-preview":"max-video-preview:-1"},"canonical":"https:\/\/www.sunballast.com\/de\/zubehoers\/","og_locale":"de_DE","og_type":"article","og_title":"Zubeh\u00f6r und Befestigungss\u00e4tze f\u00fcr Photovoltaikmodule - Sun Ballast","og_description":"Klemmen, Befestigungsset und Verbindungsplatte f\u00fcr Photovoltaikanlagen. Komplettes Zubeh\u00f6r zur Befestigung von Photovoltaikmodulen","og_url":"https:\/\/www.sunballast.com\/de\/zubehoers\/","og_site_name":"Sunballast","article_publisher":"https:\/\/www.facebook.com\/sunballast","article_modified_time":"2024-10-08T12:26:34+00:00","twitter_card":"summary_large_image","schema":{"@context":"https:\/\/schema.org","@graph":[{"@type":"WebPage","@id":"https:\/\/www.sunballast.com\/de\/zubehoers\/","url":"https:\/\/www.sunballast.com\/de\/zubehoers\/","name":"Zubeh\u00f6r und Befestigungss\u00e4tze f\u00fcr Photovoltaikmodule - Sun Ballast","isPartOf":{"@id":"https:\/\/www.sunballast.com\/de\/#website"},"datePublished":"2021-05-05T16:23:13+00:00","dateModified":"2024-10-08T12:26:34+00:00","description":"Klemmen, Befestigungsset und Verbindungsplatte f\u00fcr Photovoltaikanlagen. Komplettes Zubeh\u00f6r zur Befestigung von Photovoltaikmodulen","inLanguage":"de-DE","potentialAction":[{"@type":"ReadAction","target":["https:\/\/www.sunballast.com\/de\/zubehoers\/"]}]},{"@type":"WebSite","@id":"https:\/\/www.sunballast.com\/de\/#website","url":"https:\/\/www.sunballast.com\/de\/","name":"Sunballast","description":"Un nuovo sito targato WordPress","potentialAction":[{"@type":"SearchAction","target":{"@type":"EntryPoint","urlTemplate":"https:\/\/www.sunballast.com\/de\/?s={search_term_string}"},"query-input":"required name=search_term_string"}],"inLanguage":"de-DE"}]}},"_links":{"self":[{"href":"https:\/\/www.sunballast.com\/de\/wp-json\/wp\/v2\/pages\/26924"}],"collection":[{"href":"https:\/\/www.sunballast.com\/de\/wp-json\/wp\/v2\/pages"}],"about":[{"href":"https:\/\/www.sunballast.com\/de\/wp-json\/wp\/v2\/types\/page"}],"author":[{"embeddable":true,"href":"https:\/\/www.sunballast.com\/de\/wp-json\/wp\/v2\/users\/1"}],"replies":[{"embeddable":true,"href":"https:\/\/www.sunballast.com\/de\/wp-json\/wp\/v2\/comments?post=26924"}],"version-history":[{"count":24,"href":"https:\/\/www.sunballast.com\/de\/wp-json\/wp\/v2\/pages\/26924\/revisions"}],"predecessor-version":[{"id":261975,"href":"https:\/\/www.sunballast.com\/de\/wp-json\/wp\/v2\/pages\/26924\/revisions\/261975"}],"wp:attachment":[{"href":"https:\/\/www.sunballast.com\/de\/wp-json\/wp\/v2\/media?parent=26924"}],"wp:term":[{"taxonomy":"category","embeddable":true,"href":"https:\/\/www.sunballast.com\/de\/wp-json\/wp\/v2\/categories?post=26924"},{"taxonomy":"post_tag","embeddable":true,"href":"https:\/\/www.sunballast.com\/de\/wp-json\/wp\/v2\/tags?post=26924"}],"curies":[{"name":"wp","href":"https:\/\/api.w.org\/{rel}","templated":true}]}}