{"id":12968,"date":"2020-11-09T12:24:32","date_gmt":"2020-11-09T11:24:32","guid":{"rendered":"http:\/\/sunballast.addictionlab.it\/unterkonstruktion-fuer-flachdaecher\/sistema-connect-15\/"},"modified":"2025-12-12T14:21:55","modified_gmt":"2025-12-12T13:21:55","slug":"system-connect-2","status":"publish","type":"page","link":"https:\/\/www.sunballast.com\/de\/photovoltaischen-ballastgeraete\/system-connect-2\/","title":{"rendered":"CONNECT SYSTEM 15\u00b0"},"content":{"rendered":"","protected":false},"excerpt":{"rendered":"","protected":false},"author":1,"featured_media":0,"parent":7392,"menu_order":459,"comment_status":"closed","ping_status":"closed","template":"page-templates\/dettaglio-prodotto.php","meta":{"inline_featured_image":false,"footnotes":""},"categories":[],"tags":[],"acf":[],"yoast_head":"<!-- This site is optimized with the Yoast SEO plugin v21.2 - https:\/\/yoast.com\/wordpress\/plugins\/seo\/ -->\n<title>Ballast System Connect 15\u00b0 horizontal f\u00fcr Flachd\u00e4cher - Sun Ballast<\/title>\n<meta name=\"description\" content=\"Entdecken Sie die Ballaste des Connect System 15\u00b0 horizontal, die ideale L\u00f6sung f\u00fcr Photovoltaikanlagen auf ebenen Fl\u00e4chen. Mehr erfahren\" \/>\n<meta name=\"robots\" content=\"index, follow, max-snippet:-1, max-image-preview:large, max-video-preview:-1\" \/>\n<link rel=\"canonical\" href=\"https:\/\/www.sunballast.com\/de\/photovoltaischen-ballastgeraete\/system-connect-2\/\" \/>\n<meta property=\"og:locale\" content=\"de_DE\" \/>\n<meta property=\"og:type\" content=\"article\" \/>\n<meta property=\"og:title\" content=\"Ballast System Connect 15\u00b0 horizontal f\u00fcr Flachd\u00e4cher - Sun Ballast\" \/>\n<meta property=\"og:description\" content=\"Entdecken Sie die Ballaste des Connect System 15\u00b0 horizontal, die ideale L\u00f6sung f\u00fcr Photovoltaikanlagen auf ebenen Fl\u00e4chen. Mehr erfahren\" \/>\n<meta property=\"og:url\" content=\"https:\/\/www.sunballast.com\/de\/photovoltaischen-ballastgeraete\/system-connect-2\/\" \/>\n<meta property=\"og:site_name\" content=\"Sunballast\" \/>\n<meta property=\"article:publisher\" content=\"https:\/\/www.facebook.com\/sunballast\" \/>\n<meta property=\"article:modified_time\" content=\"2025-12-12T13:21:55+00:00\" \/>\n<meta name=\"twitter:card\" content=\"summary_large_image\" \/>\n<script type=\"application\/ld+json\" class=\"yoast-schema-graph\">{\"@context\":\"https:\/\/schema.org\",\"@graph\":[{\"@type\":\"WebPage\",\"@id\":\"https:\/\/www.sunballast.com\/de\/photovoltaischen-ballastgeraete\/system-connect-2\/\",\"url\":\"https:\/\/www.sunballast.com\/de\/photovoltaischen-ballastgeraete\/system-connect-2\/\",\"name\":\"Ballast System Connect 15\u00b0 horizontal f\u00fcr Flachd\u00e4cher - Sun Ballast\",\"isPartOf\":{\"@id\":\"https:\/\/www.sunballast.com\/de\/#website\"},\"datePublished\":\"2020-11-09T11:24:32+00:00\",\"dateModified\":\"2025-12-12T13:21:55+00:00\",\"description\":\"Entdecken Sie die Ballaste des Connect System 15\u00b0 horizontal, die ideale L\u00f6sung f\u00fcr Photovoltaikanlagen auf ebenen Fl\u00e4chen. Mehr erfahren\",\"breadcrumb\":{\"@id\":\"https:\/\/www.sunballast.com\/de\/photovoltaischen-ballastgeraete\/system-connect-2\/#breadcrumb\"},\"inLanguage\":\"de-DE\",\"potentialAction\":[{\"@type\":\"ReadAction\",\"target\":[\"https:\/\/www.sunballast.com\/de\/photovoltaischen-ballastgeraete\/system-connect-2\/\"]}]},{\"@type\":\"BreadcrumbList\",\"@id\":\"https:\/\/www.sunballast.com\/de\/photovoltaischen-ballastgeraete\/system-connect-2\/#breadcrumb\",\"itemListElement\":[{\"@type\":\"ListItem\",\"position\":1,\"name\":\"Ballastelemente f\u00fcr Flachd\u00e4cher\",\"item\":\"https:\/\/www.sunballast.com\/de\/photovoltaischen-ballastgeraete\/\"},{\"@type\":\"ListItem\",\"position\":2,\"name\":\"CONNECT SYSTEM 15\u00b0\"}]},{\"@type\":\"WebSite\",\"@id\":\"https:\/\/www.sunballast.com\/de\/#website\",\"url\":\"https:\/\/www.sunballast.com\/de\/\",\"name\":\"Sunballast\",\"description\":\"Un nuovo sito targato WordPress\",\"potentialAction\":[{\"@type\":\"SearchAction\",\"target\":{\"@type\":\"EntryPoint\",\"urlTemplate\":\"https:\/\/www.sunballast.com\/de\/?s={search_term_string}\"},\"query-input\":\"required name=search_term_string\"}],\"inLanguage\":\"de-DE\"}]}<\/script>\n<!-- \/ Yoast SEO plugin. -->","yoast_head_json":{"title":"Ballast System Connect 15\u00b0 horizontal f\u00fcr Flachd\u00e4cher - Sun Ballast","description":"Entdecken Sie die Ballaste des Connect System 15\u00b0 horizontal, die ideale L\u00f6sung f\u00fcr Photovoltaikanlagen auf ebenen Fl\u00e4chen. Mehr erfahren","robots":{"index":"index","follow":"follow","max-snippet":"max-snippet:-1","max-image-preview":"max-image-preview:large","max-video-preview":"max-video-preview:-1"},"canonical":"https:\/\/www.sunballast.com\/de\/photovoltaischen-ballastgeraete\/system-connect-2\/","og_locale":"de_DE","og_type":"article","og_title":"Ballast System Connect 15\u00b0 horizontal f\u00fcr Flachd\u00e4cher - Sun Ballast","og_description":"Entdecken Sie die Ballaste des Connect System 15\u00b0 horizontal, die ideale L\u00f6sung f\u00fcr Photovoltaikanlagen auf ebenen Fl\u00e4chen. Mehr erfahren","og_url":"https:\/\/www.sunballast.com\/de\/photovoltaischen-ballastgeraete\/system-connect-2\/","og_site_name":"Sunballast","article_publisher":"https:\/\/www.facebook.com\/sunballast","article_modified_time":"2025-12-12T13:21:55+00:00","twitter_card":"summary_large_image","schema":{"@context":"https:\/\/schema.org","@graph":[{"@type":"WebPage","@id":"https:\/\/www.sunballast.com\/de\/photovoltaischen-ballastgeraete\/system-connect-2\/","url":"https:\/\/www.sunballast.com\/de\/photovoltaischen-ballastgeraete\/system-connect-2\/","name":"Ballast System Connect 15\u00b0 horizontal f\u00fcr Flachd\u00e4cher - Sun Ballast","isPartOf":{"@id":"https:\/\/www.sunballast.com\/de\/#website"},"datePublished":"2020-11-09T11:24:32+00:00","dateModified":"2025-12-12T13:21:55+00:00","description":"Entdecken Sie die Ballaste des Connect System 15\u00b0 horizontal, die ideale L\u00f6sung f\u00fcr Photovoltaikanlagen auf ebenen Fl\u00e4chen. Mehr erfahren","breadcrumb":{"@id":"https:\/\/www.sunballast.com\/de\/photovoltaischen-ballastgeraete\/system-connect-2\/#breadcrumb"},"inLanguage":"de-DE","potentialAction":[{"@type":"ReadAction","target":["https:\/\/www.sunballast.com\/de\/photovoltaischen-ballastgeraete\/system-connect-2\/"]}]},{"@type":"BreadcrumbList","@id":"https:\/\/www.sunballast.com\/de\/photovoltaischen-ballastgeraete\/system-connect-2\/#breadcrumb","itemListElement":[{"@type":"ListItem","position":1,"name":"Ballastelemente f\u00fcr Flachd\u00e4cher","item":"https:\/\/www.sunballast.com\/de\/photovoltaischen-ballastgeraete\/"},{"@type":"ListItem","position":2,"name":"CONNECT SYSTEM 15\u00b0"}]},{"@type":"WebSite","@id":"https:\/\/www.sunballast.com\/de\/#website","url":"https:\/\/www.sunballast.com\/de\/","name":"Sunballast","description":"Un nuovo sito targato WordPress","potentialAction":[{"@type":"SearchAction","target":{"@type":"EntryPoint","urlTemplate":"https:\/\/www.sunballast.com\/de\/?s={search_term_string}"},"query-input":"required name=search_term_string"}],"inLanguage":"de-DE"}]}},"_links":{"self":[{"href":"https:\/\/www.sunballast.com\/de\/wp-json\/wp\/v2\/pages\/12968"}],"collection":[{"href":"https:\/\/www.sunballast.com\/de\/wp-json\/wp\/v2\/pages"}],"about":[{"href":"https:\/\/www.sunballast.com\/de\/wp-json\/wp\/v2\/types\/page"}],"author":[{"embeddable":true,"href":"https:\/\/www.sunballast.com\/de\/wp-json\/wp\/v2\/users\/1"}],"replies":[{"embeddable":true,"href":"https:\/\/www.sunballast.com\/de\/wp-json\/wp\/v2\/comments?post=12968"}],"version-history":[{"count":15,"href":"https:\/\/www.sunballast.com\/de\/wp-json\/wp\/v2\/pages\/12968\/revisions"}],"predecessor-version":[{"id":430247,"href":"https:\/\/www.sunballast.com\/de\/wp-json\/wp\/v2\/pages\/12968\/revisions\/430247"}],"up":[{"embeddable":true,"href":"https:\/\/www.sunballast.com\/de\/wp-json\/wp\/v2\/pages\/7392"}],"wp:attachment":[{"href":"https:\/\/www.sunballast.com\/de\/wp-json\/wp\/v2\/media?parent=12968"}],"wp:term":[{"taxonomy":"category","embeddable":true,"href":"https:\/\/www.sunballast.com\/de\/wp-json\/wp\/v2\/categories?post=12968"},{"taxonomy":"post_tag","embeddable":true,"href":"https:\/\/www.sunballast.com\/de\/wp-json\/wp\/v2\/tags?post=12968"}],"curies":[{"name":"wp","href":"https:\/\/api.w.org\/{rel}","templated":true}]}}