{"id":12561,"date":"2020-11-23T10:12:08","date_gmt":"2020-11-23T09:12:08","guid":{"rendered":"http:\/\/sunballast.addictionlab.it\/unterkonstruktion-fuer-flachdaecher\/sistema-connect-30\/"},"modified":"2025-12-12T14:22:43","modified_gmt":"2025-12-12T13:22:43","slug":"system-connect-30","status":"publish","type":"page","link":"https:\/\/www.sunballast.com\/de\/photovoltaischen-ballastgeraete\/system-connect-30\/","title":{"rendered":"CONNECT SYSTEM 30\u00b0"},"content":{"rendered":"","protected":false},"excerpt":{"rendered":"","protected":false},"author":1,"featured_media":0,"parent":7392,"menu_order":471,"comment_status":"closed","ping_status":"closed","template":"page-templates\/dettaglio-prodotto.php","meta":{"inline_featured_image":false,"footnotes":""},"categories":[],"tags":[],"acf":[],"yoast_head":"<!-- This site is optimized with the Yoast SEO plugin v21.2 - https:\/\/yoast.com\/wordpress\/plugins\/seo\/ -->\n<title>Connect System 30\u00b0 die perfekte L\u00f6sung f\u00fcr gro\u00dfe Installationen<\/title>\n<meta name=\"description\" content=\"Entdecken Sie das Connect-System 30\u00b0 f\u00fcr gro\u00dfe Flachdach-Photovoltaikanlagen. Erfahren Sie mehr auf unserer Website\" \/>\n<meta name=\"robots\" content=\"index, follow, max-snippet:-1, max-image-preview:large, max-video-preview:-1\" \/>\n<link rel=\"canonical\" href=\"https:\/\/www.sunballast.com\/de\/photovoltaischen-ballastgeraete\/system-connect-30\/\" \/>\n<meta property=\"og:locale\" content=\"de_DE\" \/>\n<meta property=\"og:type\" content=\"article\" \/>\n<meta property=\"og:title\" content=\"Connect System 30\u00b0 die perfekte L\u00f6sung f\u00fcr gro\u00dfe Installationen\" \/>\n<meta property=\"og:description\" content=\"Entdecken Sie das Connect-System 30\u00b0 f\u00fcr gro\u00dfe Flachdach-Photovoltaikanlagen. Erfahren Sie mehr auf unserer Website\" \/>\n<meta property=\"og:url\" content=\"https:\/\/www.sunballast.com\/de\/photovoltaischen-ballastgeraete\/system-connect-30\/\" \/>\n<meta property=\"og:site_name\" content=\"Sunballast\" \/>\n<meta property=\"article:publisher\" content=\"https:\/\/www.facebook.com\/sunballast\" \/>\n<meta property=\"article:modified_time\" content=\"2025-12-12T13:22:43+00:00\" \/>\n<meta name=\"twitter:card\" content=\"summary_large_image\" \/>\n<script type=\"application\/ld+json\" class=\"yoast-schema-graph\">{\"@context\":\"https:\/\/schema.org\",\"@graph\":[{\"@type\":\"WebPage\",\"@id\":\"https:\/\/www.sunballast.com\/de\/photovoltaischen-ballastgeraete\/system-connect-30\/\",\"url\":\"https:\/\/www.sunballast.com\/de\/photovoltaischen-ballastgeraete\/system-connect-30\/\",\"name\":\"Connect System 30\u00b0 die perfekte L\u00f6sung f\u00fcr gro\u00dfe Installationen\",\"isPartOf\":{\"@id\":\"https:\/\/www.sunballast.com\/de\/#website\"},\"datePublished\":\"2020-11-23T09:12:08+00:00\",\"dateModified\":\"2025-12-12T13:22:43+00:00\",\"description\":\"Entdecken Sie das Connect-System 30\u00b0 f\u00fcr gro\u00dfe Flachdach-Photovoltaikanlagen. Erfahren Sie mehr auf unserer Website\",\"breadcrumb\":{\"@id\":\"https:\/\/www.sunballast.com\/de\/photovoltaischen-ballastgeraete\/system-connect-30\/#breadcrumb\"},\"inLanguage\":\"de-DE\",\"potentialAction\":[{\"@type\":\"ReadAction\",\"target\":[\"https:\/\/www.sunballast.com\/de\/photovoltaischen-ballastgeraete\/system-connect-30\/\"]}]},{\"@type\":\"BreadcrumbList\",\"@id\":\"https:\/\/www.sunballast.com\/de\/photovoltaischen-ballastgeraete\/system-connect-30\/#breadcrumb\",\"itemListElement\":[{\"@type\":\"ListItem\",\"position\":1,\"name\":\"Ballastelemente f\u00fcr Flachd\u00e4cher\",\"item\":\"https:\/\/www.sunballast.com\/de\/photovoltaischen-ballastgeraete\/\"},{\"@type\":\"ListItem\",\"position\":2,\"name\":\"CONNECT SYSTEM 30\u00b0\"}]},{\"@type\":\"WebSite\",\"@id\":\"https:\/\/www.sunballast.com\/de\/#website\",\"url\":\"https:\/\/www.sunballast.com\/de\/\",\"name\":\"Sunballast\",\"description\":\"Un nuovo sito targato WordPress\",\"potentialAction\":[{\"@type\":\"SearchAction\",\"target\":{\"@type\":\"EntryPoint\",\"urlTemplate\":\"https:\/\/www.sunballast.com\/de\/?s={search_term_string}\"},\"query-input\":\"required name=search_term_string\"}],\"inLanguage\":\"de-DE\"}]}<\/script>\n<!-- \/ Yoast SEO plugin. -->","yoast_head_json":{"title":"Connect System 30\u00b0 die perfekte L\u00f6sung f\u00fcr gro\u00dfe Installationen","description":"Entdecken Sie das Connect-System 30\u00b0 f\u00fcr gro\u00dfe Flachdach-Photovoltaikanlagen. Erfahren Sie mehr auf unserer Website","robots":{"index":"index","follow":"follow","max-snippet":"max-snippet:-1","max-image-preview":"max-image-preview:large","max-video-preview":"max-video-preview:-1"},"canonical":"https:\/\/www.sunballast.com\/de\/photovoltaischen-ballastgeraete\/system-connect-30\/","og_locale":"de_DE","og_type":"article","og_title":"Connect System 30\u00b0 die perfekte L\u00f6sung f\u00fcr gro\u00dfe Installationen","og_description":"Entdecken Sie das Connect-System 30\u00b0 f\u00fcr gro\u00dfe Flachdach-Photovoltaikanlagen. Erfahren Sie mehr auf unserer Website","og_url":"https:\/\/www.sunballast.com\/de\/photovoltaischen-ballastgeraete\/system-connect-30\/","og_site_name":"Sunballast","article_publisher":"https:\/\/www.facebook.com\/sunballast","article_modified_time":"2025-12-12T13:22:43+00:00","twitter_card":"summary_large_image","schema":{"@context":"https:\/\/schema.org","@graph":[{"@type":"WebPage","@id":"https:\/\/www.sunballast.com\/de\/photovoltaischen-ballastgeraete\/system-connect-30\/","url":"https:\/\/www.sunballast.com\/de\/photovoltaischen-ballastgeraete\/system-connect-30\/","name":"Connect System 30\u00b0 die perfekte L\u00f6sung f\u00fcr gro\u00dfe Installationen","isPartOf":{"@id":"https:\/\/www.sunballast.com\/de\/#website"},"datePublished":"2020-11-23T09:12:08+00:00","dateModified":"2025-12-12T13:22:43+00:00","description":"Entdecken Sie das Connect-System 30\u00b0 f\u00fcr gro\u00dfe Flachdach-Photovoltaikanlagen. Erfahren Sie mehr auf unserer Website","breadcrumb":{"@id":"https:\/\/www.sunballast.com\/de\/photovoltaischen-ballastgeraete\/system-connect-30\/#breadcrumb"},"inLanguage":"de-DE","potentialAction":[{"@type":"ReadAction","target":["https:\/\/www.sunballast.com\/de\/photovoltaischen-ballastgeraete\/system-connect-30\/"]}]},{"@type":"BreadcrumbList","@id":"https:\/\/www.sunballast.com\/de\/photovoltaischen-ballastgeraete\/system-connect-30\/#breadcrumb","itemListElement":[{"@type":"ListItem","position":1,"name":"Ballastelemente f\u00fcr Flachd\u00e4cher","item":"https:\/\/www.sunballast.com\/de\/photovoltaischen-ballastgeraete\/"},{"@type":"ListItem","position":2,"name":"CONNECT SYSTEM 30\u00b0"}]},{"@type":"WebSite","@id":"https:\/\/www.sunballast.com\/de\/#website","url":"https:\/\/www.sunballast.com\/de\/","name":"Sunballast","description":"Un nuovo sito targato WordPress","potentialAction":[{"@type":"SearchAction","target":{"@type":"EntryPoint","urlTemplate":"https:\/\/www.sunballast.com\/de\/?s={search_term_string}"},"query-input":"required name=search_term_string"}],"inLanguage":"de-DE"}]}},"_links":{"self":[{"href":"https:\/\/www.sunballast.com\/de\/wp-json\/wp\/v2\/pages\/12561"}],"collection":[{"href":"https:\/\/www.sunballast.com\/de\/wp-json\/wp\/v2\/pages"}],"about":[{"href":"https:\/\/www.sunballast.com\/de\/wp-json\/wp\/v2\/types\/page"}],"author":[{"embeddable":true,"href":"https:\/\/www.sunballast.com\/de\/wp-json\/wp\/v2\/users\/1"}],"replies":[{"embeddable":true,"href":"https:\/\/www.sunballast.com\/de\/wp-json\/wp\/v2\/comments?post=12561"}],"version-history":[{"count":19,"href":"https:\/\/www.sunballast.com\/de\/wp-json\/wp\/v2\/pages\/12561\/revisions"}],"predecessor-version":[{"id":430259,"href":"https:\/\/www.sunballast.com\/de\/wp-json\/wp\/v2\/pages\/12561\/revisions\/430259"}],"up":[{"embeddable":true,"href":"https:\/\/www.sunballast.com\/de\/wp-json\/wp\/v2\/pages\/7392"}],"wp:attachment":[{"href":"https:\/\/www.sunballast.com\/de\/wp-json\/wp\/v2\/media?parent=12561"}],"wp:term":[{"taxonomy":"category","embeddable":true,"href":"https:\/\/www.sunballast.com\/de\/wp-json\/wp\/v2\/categories?post=12561"},{"taxonomy":"post_tag","embeddable":true,"href":"https:\/\/www.sunballast.com\/de\/wp-json\/wp\/v2\/tags?post=12561"}],"curies":[{"name":"wp","href":"https:\/\/api.w.org\/{rel}","templated":true}]}}