{"id":10430,"date":"2020-10-28T15:10:41","date_gmt":"2020-10-28T14:10:41","guid":{"rendered":"http:\/\/sunballast.addictionlab.it\/unterkonstruktion-fuer-flachdaecher\/zavorra-10\/"},"modified":"2025-12-12T14:32:20","modified_gmt":"2025-12-12T13:32:20","slug":"ballast-10","status":"publish","type":"page","link":"https:\/\/www.sunballast.com\/de\/photovoltaischen-ballastgeraete\/ballast-10\/","title":{"rendered":"BALLAST 10\u00b0"},"content":{"rendered":"","protected":false},"excerpt":{"rendered":"","protected":false},"author":1,"featured_media":0,"parent":7392,"menu_order":384,"comment_status":"closed","ping_status":"closed","template":"page-templates\/dettaglio-prodotto.php","meta":{"inline_featured_image":false,"footnotes":""},"categories":[65],"tags":[],"acf":[],"yoast_head":"<!-- This site is optimized with the Yoast SEO plugin v21.2 - https:\/\/yoast.com\/wordpress\/plugins\/seo\/ -->\n<title>Ballast 10 Grad Neigung f\u00fcr Fotovoltaikanlagen - Sun Ballast<\/title>\n<meta name=\"description\" content=\"Entdecken Sie die Ballast f\u00fcr Photovoltaik-Anlagen von 10 \u00b0. f\u00fchrt sowohl die Funktion der Unterst\u00fctzung und Ballast f\u00fcr Photovoltaik-Panels. Entdecken Sie\" \/>\n<meta name=\"robots\" content=\"index, follow, max-snippet:-1, max-image-preview:large, max-video-preview:-1\" \/>\n<link rel=\"canonical\" href=\"https:\/\/www.sunballast.com\/de\/photovoltaischen-ballastgeraete\/ballast-10\/\" \/>\n<meta property=\"og:locale\" content=\"de_DE\" \/>\n<meta property=\"og:type\" content=\"article\" \/>\n<meta property=\"og:title\" content=\"Ballast 10 Grad Neigung f\u00fcr Fotovoltaikanlagen - Sun Ballast\" \/>\n<meta property=\"og:description\" content=\"Entdecken Sie die Ballast f\u00fcr Photovoltaik-Anlagen von 10 \u00b0. f\u00fchrt sowohl die Funktion der Unterst\u00fctzung und Ballast f\u00fcr Photovoltaik-Panels. Entdecken Sie\" \/>\n<meta property=\"og:url\" content=\"https:\/\/www.sunballast.com\/de\/photovoltaischen-ballastgeraete\/ballast-10\/\" \/>\n<meta property=\"og:site_name\" content=\"Sunballast\" \/>\n<meta property=\"article:publisher\" content=\"https:\/\/www.facebook.com\/sunballast\" \/>\n<meta property=\"article:modified_time\" content=\"2025-12-12T13:32:20+00:00\" \/>\n<meta name=\"twitter:card\" content=\"summary_large_image\" \/>\n<script type=\"application\/ld+json\" class=\"yoast-schema-graph\">{\"@context\":\"https:\/\/schema.org\",\"@graph\":[{\"@type\":\"WebPage\",\"@id\":\"https:\/\/www.sunballast.com\/de\/photovoltaischen-ballastgeraete\/ballast-10\/\",\"url\":\"https:\/\/www.sunballast.com\/de\/photovoltaischen-ballastgeraete\/ballast-10\/\",\"name\":\"Ballast 10 Grad Neigung f\u00fcr Fotovoltaikanlagen - Sun Ballast\",\"isPartOf\":{\"@id\":\"https:\/\/www.sunballast.com\/de\/#website\"},\"datePublished\":\"2020-10-28T14:10:41+00:00\",\"dateModified\":\"2025-12-12T13:32:20+00:00\",\"description\":\"Entdecken Sie die Ballast f\u00fcr Photovoltaik-Anlagen von 10 \u00b0. f\u00fchrt sowohl die Funktion der Unterst\u00fctzung und Ballast f\u00fcr Photovoltaik-Panels. Entdecken Sie\",\"breadcrumb\":{\"@id\":\"https:\/\/www.sunballast.com\/de\/photovoltaischen-ballastgeraete\/ballast-10\/#breadcrumb\"},\"inLanguage\":\"de-DE\",\"potentialAction\":[{\"@type\":\"ReadAction\",\"target\":[\"https:\/\/www.sunballast.com\/de\/photovoltaischen-ballastgeraete\/ballast-10\/\"]}]},{\"@type\":\"BreadcrumbList\",\"@id\":\"https:\/\/www.sunballast.com\/de\/photovoltaischen-ballastgeraete\/ballast-10\/#breadcrumb\",\"itemListElement\":[{\"@type\":\"ListItem\",\"position\":1,\"name\":\"Ballastelemente f\u00fcr Flachd\u00e4cher\",\"item\":\"https:\/\/www.sunballast.com\/de\/photovoltaischen-ballastgeraete\/\"},{\"@type\":\"ListItem\",\"position\":2,\"name\":\"BALLAST 10\u00b0\"}]},{\"@type\":\"WebSite\",\"@id\":\"https:\/\/www.sunballast.com\/de\/#website\",\"url\":\"https:\/\/www.sunballast.com\/de\/\",\"name\":\"Sunballast\",\"description\":\"Un nuovo sito targato WordPress\",\"potentialAction\":[{\"@type\":\"SearchAction\",\"target\":{\"@type\":\"EntryPoint\",\"urlTemplate\":\"https:\/\/www.sunballast.com\/de\/?s={search_term_string}\"},\"query-input\":\"required name=search_term_string\"}],\"inLanguage\":\"de-DE\"}]}<\/script>\n<!-- \/ Yoast SEO plugin. -->","yoast_head_json":{"title":"Ballast 10 Grad Neigung f\u00fcr Fotovoltaikanlagen - Sun Ballast","description":"Entdecken Sie die Ballast f\u00fcr Photovoltaik-Anlagen von 10 \u00b0. f\u00fchrt sowohl die Funktion der Unterst\u00fctzung und Ballast f\u00fcr Photovoltaik-Panels. Entdecken Sie","robots":{"index":"index","follow":"follow","max-snippet":"max-snippet:-1","max-image-preview":"max-image-preview:large","max-video-preview":"max-video-preview:-1"},"canonical":"https:\/\/www.sunballast.com\/de\/photovoltaischen-ballastgeraete\/ballast-10\/","og_locale":"de_DE","og_type":"article","og_title":"Ballast 10 Grad Neigung f\u00fcr Fotovoltaikanlagen - Sun Ballast","og_description":"Entdecken Sie die Ballast f\u00fcr Photovoltaik-Anlagen von 10 \u00b0. f\u00fchrt sowohl die Funktion der Unterst\u00fctzung und Ballast f\u00fcr Photovoltaik-Panels. Entdecken Sie","og_url":"https:\/\/www.sunballast.com\/de\/photovoltaischen-ballastgeraete\/ballast-10\/","og_site_name":"Sunballast","article_publisher":"https:\/\/www.facebook.com\/sunballast","article_modified_time":"2025-12-12T13:32:20+00:00","twitter_card":"summary_large_image","schema":{"@context":"https:\/\/schema.org","@graph":[{"@type":"WebPage","@id":"https:\/\/www.sunballast.com\/de\/photovoltaischen-ballastgeraete\/ballast-10\/","url":"https:\/\/www.sunballast.com\/de\/photovoltaischen-ballastgeraete\/ballast-10\/","name":"Ballast 10 Grad Neigung f\u00fcr Fotovoltaikanlagen - Sun Ballast","isPartOf":{"@id":"https:\/\/www.sunballast.com\/de\/#website"},"datePublished":"2020-10-28T14:10:41+00:00","dateModified":"2025-12-12T13:32:20+00:00","description":"Entdecken Sie die Ballast f\u00fcr Photovoltaik-Anlagen von 10 \u00b0. f\u00fchrt sowohl die Funktion der Unterst\u00fctzung und Ballast f\u00fcr Photovoltaik-Panels. Entdecken Sie","breadcrumb":{"@id":"https:\/\/www.sunballast.com\/de\/photovoltaischen-ballastgeraete\/ballast-10\/#breadcrumb"},"inLanguage":"de-DE","potentialAction":[{"@type":"ReadAction","target":["https:\/\/www.sunballast.com\/de\/photovoltaischen-ballastgeraete\/ballast-10\/"]}]},{"@type":"BreadcrumbList","@id":"https:\/\/www.sunballast.com\/de\/photovoltaischen-ballastgeraete\/ballast-10\/#breadcrumb","itemListElement":[{"@type":"ListItem","position":1,"name":"Ballastelemente f\u00fcr Flachd\u00e4cher","item":"https:\/\/www.sunballast.com\/de\/photovoltaischen-ballastgeraete\/"},{"@type":"ListItem","position":2,"name":"BALLAST 10\u00b0"}]},{"@type":"WebSite","@id":"https:\/\/www.sunballast.com\/de\/#website","url":"https:\/\/www.sunballast.com\/de\/","name":"Sunballast","description":"Un nuovo sito targato WordPress","potentialAction":[{"@type":"SearchAction","target":{"@type":"EntryPoint","urlTemplate":"https:\/\/www.sunballast.com\/de\/?s={search_term_string}"},"query-input":"required name=search_term_string"}],"inLanguage":"de-DE"}]}},"_links":{"self":[{"href":"https:\/\/www.sunballast.com\/de\/wp-json\/wp\/v2\/pages\/10430"}],"collection":[{"href":"https:\/\/www.sunballast.com\/de\/wp-json\/wp\/v2\/pages"}],"about":[{"href":"https:\/\/www.sunballast.com\/de\/wp-json\/wp\/v2\/types\/page"}],"author":[{"embeddable":true,"href":"https:\/\/www.sunballast.com\/de\/wp-json\/wp\/v2\/users\/1"}],"replies":[{"embeddable":true,"href":"https:\/\/www.sunballast.com\/de\/wp-json\/wp\/v2\/comments?post=10430"}],"version-history":[{"count":18,"href":"https:\/\/www.sunballast.com\/de\/wp-json\/wp\/v2\/pages\/10430\/revisions"}],"predecessor-version":[{"id":430320,"href":"https:\/\/www.sunballast.com\/de\/wp-json\/wp\/v2\/pages\/10430\/revisions\/430320"}],"up":[{"embeddable":true,"href":"https:\/\/www.sunballast.com\/de\/wp-json\/wp\/v2\/pages\/7392"}],"wp:attachment":[{"href":"https:\/\/www.sunballast.com\/de\/wp-json\/wp\/v2\/media?parent=10430"}],"wp:term":[{"taxonomy":"category","embeddable":true,"href":"https:\/\/www.sunballast.com\/de\/wp-json\/wp\/v2\/categories?post=10430"},{"taxonomy":"post_tag","embeddable":true,"href":"https:\/\/www.sunballast.com\/de\/wp-json\/wp\/v2\/tags?post=10430"}],"curies":[{"name":"wp","href":"https:\/\/api.w.org\/{rel}","templated":true}]}}